{"id":1379,"date":"2019-04-22T15:58:47","date_gmt":"2019-04-22T12:58:47","guid":{"rendered":"http:\/\/www.trplaygrounds.com\/?page_id=1379"},"modified":"2019-07-02T13:56:28","modified_gmt":"2019-07-02T10:56:28","slug":"tematik-muze-calismalari","status":"publish","type":"page","link":"https:\/\/www.trplaygrounds.com\/tr_TR\/tematik-muze-calismalari\/","title":{"rendered":"Tematik M\u00fcze \u00c7al\u0131\u015fmalar\u0131"},"content":{"rendered":"\n\t\t<div id=\"fws_69e09839e878e\"  data-column-margin=\"default\" data-midnight=\"dark\"  class=\"wpb_row vc_row-fluid vc_row\"  style=\"padding-top: 0px; padding-bottom: 0px; \"><div class=\"row-bg-wrap\" data-bg-animation=\"none\" data-bg-animation-delay=\"\" data-bg-overlay=\"false\"><div class=\"inner-wrap row-bg-layer\" ><div class=\"row-bg viewport-desktop\"  style=\"\"><\/div><\/div><\/div><div class=\"row_col_wrap_12 col span_12 dark left\">\n\t<div  class=\"vc_col-sm-12 wpb_column column_container vc_column_container col no-extra-padding\"  data-padding-pos=\"all\" data-has-bg-color=\"false\" data-bg-color=\"\" data-bg-opacity=\"1\" data-animation=\"\" data-delay=\"0\" >\n\t\t<div class=\"vc_column-inner\" >\n\t\t\t<div class=\"wpb_wrapper\">\n\t\t\t\t\n<div class=\"wpb_text_column wpb_content_element  wpb_animate_when_almost_visible wpb_fadeInUp fadeInUp vc_custom_1562064673935\" >\n\t<div class=\"wpb_wrapper\">\n\t\t<h3 style=\"text-align: center;\"><span style=\"color: #ffffff;\">Tematik M\u00fcze \u00c7al\u0131\u015fmalar\u0131<\/span><\/h3>\n\t<\/div>\n<\/div>\n\n\n\n\n\t\t\t<\/div> \n\t\t<\/div>\n\t<\/div> \n<\/div><\/div>\n\t\t<div id=\"fws_69e09839e98ac\"  data-column-margin=\"default\" data-midnight=\"dark\"  class=\"wpb_row vc_row-fluid vc_row\"  style=\"padding-top: 0px; padding-bottom: 0px; \"><div class=\"row-bg-wrap\" data-bg-animation=\"none\" data-bg-animation-delay=\"\" data-bg-overlay=\"false\"><div class=\"inner-wrap row-bg-layer\" ><div class=\"row-bg viewport-desktop\"  style=\"\"><\/div><\/div><\/div><div class=\"row_col_wrap_12 col span_12 dark left\">\n\t<div  class=\"vc_col-sm-6 wpb_column column_container vc_column_container col no-extra-padding\"  data-padding-pos=\"all\" data-has-bg-color=\"false\" data-bg-color=\"\" data-bg-opacity=\"1\" data-animation=\"\" data-delay=\"0\" >\n\t\t<div class=\"vc_column-inner\" >\n\t\t\t<div class=\"wpb_wrapper\">\n\t\t\t\t<div class=\"img-with-aniamtion-wrap \" data-max-width=\"100%\" data-max-width-mobile=\"100%\" data-shadow=\"none\" data-animation=\"fade-in\" >\n      <div class=\"inner\">\n        <div class=\"hover-wrap\"> \n          <div class=\"hover-wrap-inner\">\n            <img loading=\"lazy\" decoding=\"async\" class=\"img-with-animation skip-lazy \" data-delay=\"20\" height=\"768\" width=\"1024\" data-animation=\"fade-in\" src=\"https:\/\/www.trplaygrounds.com\/wp-content\/uploads\/2019\/07\/Aksaray-Somuncu-Baba-Panoramik-Minyat\u00fcr-M\u00fcze-15-1024x768.jpg\" alt=\"\" srcset=\"https:\/\/www.trplaygrounds.com\/wp-content\/uploads\/2019\/07\/Aksaray-Somuncu-Baba-Panoramik-Minyat\u00fcr-M\u00fcze-15-1024x768.jpg 1024w, https:\/\/www.trplaygrounds.com\/wp-content\/uploads\/2019\/07\/Aksaray-Somuncu-Baba-Panoramik-Minyat\u00fcr-M\u00fcze-15-1024x768-300x225.jpg 300w, https:\/\/www.trplaygrounds.com\/wp-content\/uploads\/2019\/07\/Aksaray-Somuncu-Baba-Panoramik-Minyat\u00fcr-M\u00fcze-15-1024x768-768x576.jpg 768w, https:\/\/www.trplaygrounds.com\/wp-content\/uploads\/2019\/07\/Aksaray-Somuncu-Baba-Panoramik-Minyat\u00fcr-M\u00fcze-15-1024x768-600x450.jpg 600w\" sizes=\"auto, (max-width: 1024px) 100vw, 1024px\" \/>\n          <\/div>\n        <\/div>\n      <\/div>\n    <\/div>\n\t\t\t<\/div> \n\t\t<\/div>\n\t<\/div> \n\n\t<div  class=\"vc_col-sm-6 wpb_column column_container vc_column_container col no-extra-padding\"  data-padding-pos=\"all\" data-has-bg-color=\"false\" data-bg-color=\"\" data-bg-opacity=\"1\" data-animation=\"\" data-delay=\"0\" >\n\t\t<div class=\"vc_column-inner\" >\n\t\t\t<div class=\"wpb_wrapper\">\n\t\t\t\t<div class=\"img-with-aniamtion-wrap \" data-max-width=\"100%\" data-max-width-mobile=\"100%\" data-shadow=\"none\" data-animation=\"fade-in\" >\n      <div class=\"inner\">\n        <div class=\"hover-wrap\"> \n          <div class=\"hover-wrap-inner\">\n            <img loading=\"lazy\" decoding=\"async\" class=\"img-with-animation skip-lazy \" data-delay=\"20\" height=\"768\" width=\"1024\" data-animation=\"fade-in\" src=\"https:\/\/www.trplaygrounds.com\/wp-content\/uploads\/2019\/07\/Aksaray-Somuncu-Baba-Panoramik-Minyat\u00fcr-M\u00fcze-19-1024x768.jpg\" alt=\"\" srcset=\"https:\/\/www.trplaygrounds.com\/wp-content\/uploads\/2019\/07\/Aksaray-Somuncu-Baba-Panoramik-Minyat\u00fcr-M\u00fcze-19-1024x768.jpg 1024w, https:\/\/www.trplaygrounds.com\/wp-content\/uploads\/2019\/07\/Aksaray-Somuncu-Baba-Panoramik-Minyat\u00fcr-M\u00fcze-19-1024x768-300x225.jpg 300w, https:\/\/www.trplaygrounds.com\/wp-content\/uploads\/2019\/07\/Aksaray-Somuncu-Baba-Panoramik-Minyat\u00fcr-M\u00fcze-19-1024x768-768x576.jpg 768w, https:\/\/www.trplaygrounds.com\/wp-content\/uploads\/2019\/07\/Aksaray-Somuncu-Baba-Panoramik-Minyat\u00fcr-M\u00fcze-19-1024x768-600x450.jpg 600w\" sizes=\"auto, (max-width: 1024px) 100vw, 1024px\" \/>\n          <\/div>\n        <\/div>\n      <\/div>\n    <\/div>\n\t\t\t<\/div> \n\t\t<\/div>\n\t<\/div> \n<\/div><\/div>\n\t\t<div id=\"fws_69e09839ebda3\"  data-column-margin=\"default\" data-midnight=\"dark\"  class=\"wpb_row vc_row-fluid vc_row\"  style=\"padding-top: 0px; padding-bottom: 0px; \"><div class=\"row-bg-wrap\" data-bg-animation=\"none\" data-bg-animation-delay=\"\" data-bg-overlay=\"false\"><div class=\"inner-wrap row-bg-layer\" ><div class=\"row-bg viewport-desktop\"  style=\"\"><\/div><\/div><\/div><div class=\"row_col_wrap_12 col span_12 dark left\">\n\t<div  class=\"vc_col-sm-6 wpb_column column_container vc_column_container col no-extra-padding\"  data-padding-pos=\"all\" data-has-bg-color=\"false\" data-bg-color=\"\" data-bg-opacity=\"1\" data-animation=\"\" data-delay=\"0\" >\n\t\t<div class=\"vc_column-inner\" >\n\t\t\t<div class=\"wpb_wrapper\">\n\t\t\t\t<div class=\"img-with-aniamtion-wrap \" data-max-width=\"100%\" data-max-width-mobile=\"100%\" data-shadow=\"none\" data-animation=\"fade-in\" >\n      <div class=\"inner\">\n        <div class=\"hover-wrap\"> \n          <div class=\"hover-wrap-inner\">\n            <img loading=\"lazy\" decoding=\"async\" class=\"img-with-animation skip-lazy \" data-delay=\"20\" height=\"765\" width=\"1024\" data-animation=\"fade-in\" src=\"https:\/\/www.trplaygrounds.com\/wp-content\/uploads\/2019\/07\/Kahramanmara\u015f-Panoramik-Minyat\u00fcr-Kurtulu\u015f-M\u00fczesi-7-1024x765.jpg\" alt=\"\" srcset=\"https:\/\/www.trplaygrounds.com\/wp-content\/uploads\/2019\/07\/Kahramanmara\u015f-Panoramik-Minyat\u00fcr-Kurtulu\u015f-M\u00fczesi-7-1024x765.jpg 1024w, https:\/\/www.trplaygrounds.com\/wp-content\/uploads\/2019\/07\/Kahramanmara\u015f-Panoramik-Minyat\u00fcr-Kurtulu\u015f-M\u00fczesi-7-1024x765-300x224.jpg 300w, https:\/\/www.trplaygrounds.com\/wp-content\/uploads\/2019\/07\/Kahramanmara\u015f-Panoramik-Minyat\u00fcr-Kurtulu\u015f-M\u00fczesi-7-1024x765-768x574.jpg 768w, https:\/\/www.trplaygrounds.com\/wp-content\/uploads\/2019\/07\/Kahramanmara\u015f-Panoramik-Minyat\u00fcr-Kurtulu\u015f-M\u00fczesi-7-1024x765-600x448.jpg 600w\" sizes=\"auto, (max-width: 1024px) 100vw, 1024px\" \/>\n          <\/div>\n        <\/div>\n      <\/div>\n    <\/div>\n\t\t\t<\/div> \n\t\t<\/div>\n\t<\/div> \n\n\t<div  class=\"vc_col-sm-6 wpb_column column_container vc_column_container col no-extra-padding\"  data-padding-pos=\"all\" data-has-bg-color=\"false\" data-bg-color=\"\" data-bg-opacity=\"1\" data-animation=\"\" data-delay=\"0\" >\n\t\t<div class=\"vc_column-inner\" >\n\t\t\t<div class=\"wpb_wrapper\">\n\t\t\t\t<div class=\"img-with-aniamtion-wrap \" data-max-width=\"100%\" data-max-width-mobile=\"100%\" data-shadow=\"none\" data-animation=\"fade-in\" >\n      <div class=\"inner\">\n        <div class=\"hover-wrap\"> \n          <div class=\"hover-wrap-inner\">\n            <img loading=\"lazy\" decoding=\"async\" class=\"img-with-animation skip-lazy \" data-delay=\"20\" height=\"768\" width=\"1024\" data-animation=\"fade-in\" src=\"https:\/\/www.trplaygrounds.com\/wp-content\/uploads\/2019\/07\/Kahramanmara\u015f-Panoramik-Minyat\u00fcr-Kurtulu\u015f-M\u00fczesi-14.jpg\" alt=\"\" srcset=\"https:\/\/www.trplaygrounds.com\/wp-content\/uploads\/2019\/07\/Kahramanmara\u015f-Panoramik-Minyat\u00fcr-Kurtulu\u015f-M\u00fczesi-14.jpg 1024w, https:\/\/www.trplaygrounds.com\/wp-content\/uploads\/2019\/07\/Kahramanmara\u015f-Panoramik-Minyat\u00fcr-Kurtulu\u015f-M\u00fczesi-14-300x225.jpg 300w, https:\/\/www.trplaygrounds.com\/wp-content\/uploads\/2019\/07\/Kahramanmara\u015f-Panoramik-Minyat\u00fcr-Kurtulu\u015f-M\u00fczesi-14-768x576.jpg 768w, https:\/\/www.trplaygrounds.com\/wp-content\/uploads\/2019\/07\/Kahramanmara\u015f-Panoramik-Minyat\u00fcr-Kurtulu\u015f-M\u00fczesi-14-600x450.jpg 600w\" sizes=\"auto, (max-width: 1024px) 100vw, 1024px\" \/>\n          <\/div>\n        <\/div>\n      <\/div>\n    <\/div>\n\t\t\t<\/div> \n\t\t<\/div>\n\t<\/div> \n<\/div><\/div>\n\t\t<div id=\"fws_69e09839ee04e\"  data-column-margin=\"default\" data-midnight=\"dark\"  class=\"wpb_row vc_row-fluid vc_row\"  style=\"padding-top: 0px; padding-bottom: 0px; \"><div class=\"row-bg-wrap\" data-bg-animation=\"none\" data-bg-animation-delay=\"\" data-bg-overlay=\"false\"><div class=\"inner-wrap row-bg-layer\" ><div class=\"row-bg viewport-desktop\"  style=\"\"><\/div><\/div><\/div><div class=\"row_col_wrap_12 col span_12 dark left\">\n\t<div  class=\"vc_col-sm-6 wpb_column column_container vc_column_container col no-extra-padding\"  data-padding-pos=\"all\" data-has-bg-color=\"false\" data-bg-color=\"\" data-bg-opacity=\"1\" data-animation=\"\" data-delay=\"0\" >\n\t\t<div class=\"vc_column-inner\" >\n\t\t\t<div class=\"wpb_wrapper\">\n\t\t\t\t<div class=\"img-with-aniamtion-wrap \" data-max-width=\"100%\" data-max-width-mobile=\"100%\" data-shadow=\"none\" data-animation=\"fade-in\" >\n      <div class=\"inner\">\n        <div class=\"hover-wrap\"> \n          <div class=\"hover-wrap-inner\">\n            <img loading=\"lazy\" decoding=\"async\" class=\"img-with-animation skip-lazy \" data-delay=\"20\" height=\"768\" width=\"1024\" data-animation=\"fade-in\" src=\"https:\/\/www.trplaygrounds.com\/wp-content\/uploads\/2019\/07\/Kahramanmara\u015f-Panoramik-Minyat\u00fcr-Kurtulu\u015f-M\u00fczesi-15.jpg\" alt=\"\" srcset=\"https:\/\/www.trplaygrounds.com\/wp-content\/uploads\/2019\/07\/Kahramanmara\u015f-Panoramik-Minyat\u00fcr-Kurtulu\u015f-M\u00fczesi-15.jpg 1024w, https:\/\/www.trplaygrounds.com\/wp-content\/uploads\/2019\/07\/Kahramanmara\u015f-Panoramik-Minyat\u00fcr-Kurtulu\u015f-M\u00fczesi-15-300x225.jpg 300w, https:\/\/www.trplaygrounds.com\/wp-content\/uploads\/2019\/07\/Kahramanmara\u015f-Panoramik-Minyat\u00fcr-Kurtulu\u015f-M\u00fczesi-15-768x576.jpg 768w, https:\/\/www.trplaygrounds.com\/wp-content\/uploads\/2019\/07\/Kahramanmara\u015f-Panoramik-Minyat\u00fcr-Kurtulu\u015f-M\u00fczesi-15-600x450.jpg 600w\" sizes=\"auto, (max-width: 1024px) 100vw, 1024px\" \/>\n          <\/div>\n        <\/div>\n      <\/div>\n    <\/div>\n\t\t\t<\/div> \n\t\t<\/div>\n\t<\/div> \n\n\t<div  class=\"vc_col-sm-6 wpb_column column_container vc_column_container col no-extra-padding\"  data-padding-pos=\"all\" data-has-bg-color=\"false\" data-bg-color=\"\" data-bg-opacity=\"1\" data-animation=\"\" data-delay=\"0\" >\n\t\t<div class=\"vc_column-inner\" >\n\t\t\t<div class=\"wpb_wrapper\">\n\t\t\t\t<div class=\"img-with-aniamtion-wrap \" data-max-width=\"100%\" data-max-width-mobile=\"100%\" data-shadow=\"none\" data-animation=\"fade-in\" >\n      <div class=\"inner\">\n        <div class=\"hover-wrap\"> \n          <div class=\"hover-wrap-inner\">\n            <img loading=\"lazy\" decoding=\"async\" class=\"img-with-animation skip-lazy \" data-delay=\"20\" height=\"768\" width=\"1024\" data-animation=\"fade-in\" src=\"https:\/\/www.trplaygrounds.com\/wp-content\/uploads\/2019\/07\/Kahramanmara\u015f-Panoramik-Minyat\u00fcr-Kurtulu\u015f-M\u00fczesi-16.jpg\" alt=\"\" srcset=\"https:\/\/www.trplaygrounds.com\/wp-content\/uploads\/2019\/07\/Kahramanmara\u015f-Panoramik-Minyat\u00fcr-Kurtulu\u015f-M\u00fczesi-16.jpg 1024w, https:\/\/www.trplaygrounds.com\/wp-content\/uploads\/2019\/07\/Kahramanmara\u015f-Panoramik-Minyat\u00fcr-Kurtulu\u015f-M\u00fczesi-16-300x225.jpg 300w, https:\/\/www.trplaygrounds.com\/wp-content\/uploads\/2019\/07\/Kahramanmara\u015f-Panoramik-Minyat\u00fcr-Kurtulu\u015f-M\u00fczesi-16-768x576.jpg 768w, https:\/\/www.trplaygrounds.com\/wp-content\/uploads\/2019\/07\/Kahramanmara\u015f-Panoramik-Minyat\u00fcr-Kurtulu\u015f-M\u00fczesi-16-600x450.jpg 600w\" sizes=\"auto, (max-width: 1024px) 100vw, 1024px\" \/>\n          <\/div>\n        <\/div>\n      <\/div>\n    <\/div>\n\t\t\t<\/div> \n\t\t<\/div>\n\t<\/div> \n<\/div><\/div>\n\t\t<div id=\"fws_69e09839f0492\"  data-column-margin=\"default\" data-midnight=\"dark\"  class=\"wpb_row vc_row-fluid vc_row\"  style=\"padding-top: 0px; padding-bottom: 0px; \"><div class=\"row-bg-wrap\" data-bg-animation=\"none\" data-bg-animation-delay=\"\" data-bg-overlay=\"false\"><div class=\"inner-wrap row-bg-layer\" ><div class=\"row-bg viewport-desktop\"  style=\"\"><\/div><\/div><\/div><div class=\"row_col_wrap_12 col span_12 dark left\">\n\t<div  class=\"vc_col-sm-6 wpb_column column_container vc_column_container col no-extra-padding\"  data-padding-pos=\"all\" data-has-bg-color=\"false\" data-bg-color=\"\" data-bg-opacity=\"1\" data-animation=\"\" data-delay=\"0\" >\n\t\t<div class=\"vc_column-inner\" >\n\t\t\t<div class=\"wpb_wrapper\">\n\t\t\t\t<div class=\"img-with-aniamtion-wrap \" data-max-width=\"100%\" data-max-width-mobile=\"100%\" data-shadow=\"none\" data-animation=\"fade-in\" >\n      <div class=\"inner\">\n        <div class=\"hover-wrap\"> \n          <div class=\"hover-wrap-inner\">\n            <img loading=\"lazy\" decoding=\"async\" class=\"img-with-animation skip-lazy \" data-delay=\"20\" height=\"768\" width=\"1024\" data-animation=\"fade-in\" src=\"https:\/\/www.trplaygrounds.com\/wp-content\/uploads\/2019\/07\/Kahramanmara\u015f-Panoramik-Minyat\u00fcr-Kurtulu\u015f-M\u00fczesi-18.jpg\" alt=\"\" srcset=\"https:\/\/www.trplaygrounds.com\/wp-content\/uploads\/2019\/07\/Kahramanmara\u015f-Panoramik-Minyat\u00fcr-Kurtulu\u015f-M\u00fczesi-18.jpg 1024w, https:\/\/www.trplaygrounds.com\/wp-content\/uploads\/2019\/07\/Kahramanmara\u015f-Panoramik-Minyat\u00fcr-Kurtulu\u015f-M\u00fczesi-18-300x225.jpg 300w, https:\/\/www.trplaygrounds.com\/wp-content\/uploads\/2019\/07\/Kahramanmara\u015f-Panoramik-Minyat\u00fcr-Kurtulu\u015f-M\u00fczesi-18-768x576.jpg 768w, https:\/\/www.trplaygrounds.com\/wp-content\/uploads\/2019\/07\/Kahramanmara\u015f-Panoramik-Minyat\u00fcr-Kurtulu\u015f-M\u00fczesi-18-600x450.jpg 600w\" sizes=\"auto, (max-width: 1024px) 100vw, 1024px\" \/>\n          <\/div>\n        <\/div>\n      <\/div>\n    <\/div>\n\t\t\t<\/div> \n\t\t<\/div>\n\t<\/div> \n\n\t<div  class=\"vc_col-sm-6 wpb_column column_container vc_column_container col no-extra-padding\"  data-padding-pos=\"all\" data-has-bg-color=\"false\" data-bg-color=\"\" data-bg-opacity=\"1\" data-animation=\"\" data-delay=\"0\" >\n\t\t<div class=\"vc_column-inner\" >\n\t\t\t<div class=\"wpb_wrapper\">\n\t\t\t\t<div class=\"img-with-aniamtion-wrap \" data-max-width=\"100%\" data-max-width-mobile=\"100%\" data-shadow=\"none\" data-animation=\"fade-in\" >\n      <div class=\"inner\">\n        <div class=\"hover-wrap\"> \n          <div class=\"hover-wrap-inner\">\n            <img loading=\"lazy\" decoding=\"async\" class=\"img-with-animation skip-lazy \" data-delay=\"20\" height=\"765\" width=\"1024\" data-animation=\"fade-in\" src=\"https:\/\/www.trplaygrounds.com\/wp-content\/uploads\/2019\/07\/Kahramanmara\u015f-Panoramik-Minyat\u00fcr-Kurtulu\u015f-M\u00fczesi-23-1024x765.jpg\" alt=\"\" srcset=\"https:\/\/www.trplaygrounds.com\/wp-content\/uploads\/2019\/07\/Kahramanmara\u015f-Panoramik-Minyat\u00fcr-Kurtulu\u015f-M\u00fczesi-23-1024x765.jpg 1024w, https:\/\/www.trplaygrounds.com\/wp-content\/uploads\/2019\/07\/Kahramanmara\u015f-Panoramik-Minyat\u00fcr-Kurtulu\u015f-M\u00fczesi-23-1024x765-300x224.jpg 300w, https:\/\/www.trplaygrounds.com\/wp-content\/uploads\/2019\/07\/Kahramanmara\u015f-Panoramik-Minyat\u00fcr-Kurtulu\u015f-M\u00fczesi-23-1024x765-768x574.jpg 768w, https:\/\/www.trplaygrounds.com\/wp-content\/uploads\/2019\/07\/Kahramanmara\u015f-Panoramik-Minyat\u00fcr-Kurtulu\u015f-M\u00fczesi-23-1024x765-600x448.jpg 600w\" sizes=\"auto, (max-width: 1024px) 100vw, 1024px\" \/>\n          <\/div>\n        <\/div>\n      <\/div>\n    <\/div>\n\t\t\t<\/div> \n\t\t<\/div>\n\t<\/div> \n<\/div><\/div>\n\t\t<div id=\"fws_69e09839f288c\"  data-column-margin=\"default\" data-midnight=\"dark\"  class=\"wpb_row vc_row-fluid vc_row\"  style=\"padding-top: 0px; padding-bottom: 0px; \"><div class=\"row-bg-wrap\" data-bg-animation=\"none\" data-bg-animation-delay=\"\" data-bg-overlay=\"false\"><div class=\"inner-wrap row-bg-layer\" ><div class=\"row-bg viewport-desktop\"  style=\"\"><\/div><\/div><\/div><div class=\"row_col_wrap_12 col span_12 dark left\">\n\t<div  class=\"vc_col-sm-6 wpb_column column_container vc_column_container col no-extra-padding\"  data-padding-pos=\"all\" data-has-bg-color=\"false\" data-bg-color=\"\" data-bg-opacity=\"1\" data-animation=\"\" data-delay=\"0\" >\n\t\t<div class=\"vc_column-inner\" >\n\t\t\t<div class=\"wpb_wrapper\">\n\t\t\t\t<div class=\"img-with-aniamtion-wrap \" data-max-width=\"100%\" data-max-width-mobile=\"100%\" data-shadow=\"none\" data-animation=\"fade-in\" >\n      <div class=\"inner\">\n        <div class=\"hover-wrap\"> \n          <div class=\"hover-wrap-inner\">\n            <img loading=\"lazy\" decoding=\"async\" class=\"img-with-animation skip-lazy \" data-delay=\"20\" height=\"765\" width=\"1024\" data-animation=\"fade-in\" src=\"https:\/\/www.trplaygrounds.com\/wp-content\/uploads\/2019\/07\/Kahramanmara\u015f-Panoramik-Minyat\u00fcr-Kurtulu\u015f-M\u00fczesi-24-1024x765.jpg\" alt=\"\" srcset=\"https:\/\/www.trplaygrounds.com\/wp-content\/uploads\/2019\/07\/Kahramanmara\u015f-Panoramik-Minyat\u00fcr-Kurtulu\u015f-M\u00fczesi-24-1024x765.jpg 1024w, https:\/\/www.trplaygrounds.com\/wp-content\/uploads\/2019\/07\/Kahramanmara\u015f-Panoramik-Minyat\u00fcr-Kurtulu\u015f-M\u00fczesi-24-1024x765-300x224.jpg 300w, https:\/\/www.trplaygrounds.com\/wp-content\/uploads\/2019\/07\/Kahramanmara\u015f-Panoramik-Minyat\u00fcr-Kurtulu\u015f-M\u00fczesi-24-1024x765-768x574.jpg 768w, https:\/\/www.trplaygrounds.com\/wp-content\/uploads\/2019\/07\/Kahramanmara\u015f-Panoramik-Minyat\u00fcr-Kurtulu\u015f-M\u00fczesi-24-1024x765-600x448.jpg 600w\" sizes=\"auto, (max-width: 1024px) 100vw, 1024px\" \/>\n          <\/div>\n        <\/div>\n      <\/div>\n    <\/div>\n\t\t\t<\/div> \n\t\t<\/div>\n\t<\/div> \n\n\t<div  class=\"vc_col-sm-6 wpb_column column_container vc_column_container col no-extra-padding\"  data-padding-pos=\"all\" data-has-bg-color=\"false\" data-bg-color=\"\" data-bg-opacity=\"1\" data-animation=\"\" data-delay=\"0\" >\n\t\t<div class=\"vc_column-inner\" >\n\t\t\t<div class=\"wpb_wrapper\">\n\t\t\t\t<div class=\"img-with-aniamtion-wrap \" data-max-width=\"100%\" data-max-width-mobile=\"100%\" data-shadow=\"none\" data-animation=\"fade-in\" >\n      <div class=\"inner\">\n        <div class=\"hover-wrap\"> \n          <div class=\"hover-wrap-inner\">\n            <img loading=\"lazy\" decoding=\"async\" class=\"img-with-animation skip-lazy \" data-delay=\"20\" height=\"765\" width=\"1024\" data-animation=\"fade-in\" src=\"https:\/\/www.trplaygrounds.com\/wp-content\/uploads\/2019\/07\/Kahramanmara\u015f-Panoramik-Minyat\u00fcr-Kurtulu\u015f-M\u00fczesi-28-1024x765.jpg\" alt=\"\" srcset=\"https:\/\/www.trplaygrounds.com\/wp-content\/uploads\/2019\/07\/Kahramanmara\u015f-Panoramik-Minyat\u00fcr-Kurtulu\u015f-M\u00fczesi-28-1024x765.jpg 1024w, https:\/\/www.trplaygrounds.com\/wp-content\/uploads\/2019\/07\/Kahramanmara\u015f-Panoramik-Minyat\u00fcr-Kurtulu\u015f-M\u00fczesi-28-1024x765-300x224.jpg 300w, https:\/\/www.trplaygrounds.com\/wp-content\/uploads\/2019\/07\/Kahramanmara\u015f-Panoramik-Minyat\u00fcr-Kurtulu\u015f-M\u00fczesi-28-1024x765-768x574.jpg 768w, https:\/\/www.trplaygrounds.com\/wp-content\/uploads\/2019\/07\/Kahramanmara\u015f-Panoramik-Minyat\u00fcr-Kurtulu\u015f-M\u00fczesi-28-1024x765-600x448.jpg 600w\" sizes=\"auto, (max-width: 1024px) 100vw, 1024px\" \/>\n          <\/div>\n        <\/div>\n      <\/div>\n    <\/div>\n\t\t\t<\/div> \n\t\t<\/div>\n\t<\/div> \n<\/div><\/div>\n\t\t<div id=\"fws_69e0983a00b83\"  data-column-margin=\"default\" data-midnight=\"dark\"  class=\"wpb_row vc_row-fluid vc_row\"  style=\"padding-top: 0px; padding-bottom: 0px; \"><div class=\"row-bg-wrap\" data-bg-animation=\"none\" data-bg-animation-delay=\"\" data-bg-overlay=\"false\"><div class=\"inner-wrap row-bg-layer\" ><div class=\"row-bg viewport-desktop\"  style=\"\"><\/div><\/div><\/div><div class=\"row_col_wrap_12 col span_12 dark left\">\n\t<div  class=\"vc_col-sm-6 wpb_column column_container vc_column_container col no-extra-padding\"  data-padding-pos=\"all\" data-has-bg-color=\"false\" data-bg-color=\"\" data-bg-opacity=\"1\" data-animation=\"\" data-delay=\"0\" >\n\t\t<div class=\"vc_column-inner\" >\n\t\t\t<div class=\"wpb_wrapper\">\n\t\t\t\t<div class=\"img-with-aniamtion-wrap \" data-max-width=\"100%\" data-max-width-mobile=\"100%\" data-shadow=\"none\" data-animation=\"fade-in\" >\n      <div class=\"inner\">\n        <div class=\"hover-wrap\"> \n          <div class=\"hover-wrap-inner\">\n            <img loading=\"lazy\" decoding=\"async\" class=\"img-with-animation skip-lazy \" data-delay=\"20\" height=\"480\" width=\"640\" data-animation=\"fade-in\" src=\"https:\/\/www.trplaygrounds.com\/wp-content\/uploads\/2019\/07\/Kahramanmara\u015f-Panoramik-Minyat\u00fcr-Kurtulu\u015f-M\u00fczesi-37.jpg\" alt=\"\" srcset=\"https:\/\/www.trplaygrounds.com\/wp-content\/uploads\/2019\/07\/Kahramanmara\u015f-Panoramik-Minyat\u00fcr-Kurtulu\u015f-M\u00fczesi-37.jpg 640w, https:\/\/www.trplaygrounds.com\/wp-content\/uploads\/2019\/07\/Kahramanmara\u015f-Panoramik-Minyat\u00fcr-Kurtulu\u015f-M\u00fczesi-37-300x225.jpg 300w, https:\/\/www.trplaygrounds.com\/wp-content\/uploads\/2019\/07\/Kahramanmara\u015f-Panoramik-Minyat\u00fcr-Kurtulu\u015f-M\u00fczesi-37-600x450.jpg 600w\" sizes=\"auto, (max-width: 640px) 100vw, 640px\" \/>\n          <\/div>\n        <\/div>\n      <\/div>\n    <\/div>\n\t\t\t<\/div> \n\t\t<\/div>\n\t<\/div> \n\n\t<div  class=\"vc_col-sm-6 wpb_column column_container vc_column_container col no-extra-padding\"  data-padding-pos=\"all\" data-has-bg-color=\"false\" data-bg-color=\"\" data-bg-opacity=\"1\" data-animation=\"\" data-delay=\"0\" >\n\t\t<div class=\"vc_column-inner\" >\n\t\t\t<div class=\"wpb_wrapper\">\n\t\t\t\t<div class=\"img-with-aniamtion-wrap \" data-max-width=\"100%\" data-max-width-mobile=\"100%\" data-shadow=\"none\" data-animation=\"fade-in\" >\n      <div class=\"inner\">\n        <div class=\"hover-wrap\"> \n          <div class=\"hover-wrap-inner\">\n            <img loading=\"lazy\" decoding=\"async\" class=\"img-with-animation skip-lazy \" data-delay=\"20\" height=\"768\" width=\"1024\" data-animation=\"fade-in\" src=\"https:\/\/www.trplaygrounds.com\/wp-content\/uploads\/2019\/07\/Aksaray-Somuncu-Baba-Panoramik-Minyat\u00fcr-M\u00fcze-8-1024x768.jpg\" alt=\"\" srcset=\"https:\/\/www.trplaygrounds.com\/wp-content\/uploads\/2019\/07\/Aksaray-Somuncu-Baba-Panoramik-Minyat\u00fcr-M\u00fcze-8-1024x768.jpg 1024w, https:\/\/www.trplaygrounds.com\/wp-content\/uploads\/2019\/07\/Aksaray-Somuncu-Baba-Panoramik-Minyat\u00fcr-M\u00fcze-8-1024x768-300x225.jpg 300w, https:\/\/www.trplaygrounds.com\/wp-content\/uploads\/2019\/07\/Aksaray-Somuncu-Baba-Panoramik-Minyat\u00fcr-M\u00fcze-8-1024x768-768x576.jpg 768w, https:\/\/www.trplaygrounds.com\/wp-content\/uploads\/2019\/07\/Aksaray-Somuncu-Baba-Panoramik-Minyat\u00fcr-M\u00fcze-8-1024x768-600x450.jpg 600w\" sizes=\"auto, (max-width: 1024px) 100vw, 1024px\" \/>\n          <\/div>\n        <\/div>\n      <\/div>\n    <\/div>\n\t\t\t<\/div> \n\t\t<\/div>\n\t<\/div> \n<\/div><\/div>\n","protected":false},"excerpt":{"rendered":"Tematik M\u00fcze \u00c7al\u0131\u015fmalar\u0131","protected":false},"author":1,"featured_media":0,"parent":0,"menu_order":0,"comment_status":"closed","ping_status":"closed","template":"","meta":{"footnotes":""},"class_list":["post-1379","page","type-page","status-publish"],"_links":{"self":[{"href":"https:\/\/www.trplaygrounds.com\/tr_TR\/wp-json\/wp\/v2\/pages\/1379","targetHints":{"allow":["GET"]}}],"collection":[{"href":"https:\/\/www.trplaygrounds.com\/tr_TR\/wp-json\/wp\/v2\/pages"}],"about":[{"href":"https:\/\/www.trplaygrounds.com\/tr_TR\/wp-json\/wp\/v2\/types\/page"}],"author":[{"embeddable":true,"href":"https:\/\/www.trplaygrounds.com\/tr_TR\/wp-json\/wp\/v2\/users\/1"}],"replies":[{"embeddable":true,"href":"https:\/\/www.trplaygrounds.com\/tr_TR\/wp-json\/wp\/v2\/comments?post=1379"}],"version-history":[{"count":3,"href":"https:\/\/www.trplaygrounds.com\/tr_TR\/wp-json\/wp\/v2\/pages\/1379\/revisions"}],"predecessor-version":[{"id":2406,"href":"https:\/\/www.trplaygrounds.com\/tr_TR\/wp-json\/wp\/v2\/pages\/1379\/revisions\/2406"}],"wp:attachment":[{"href":"https:\/\/www.trplaygrounds.com\/tr_TR\/wp-json\/wp\/v2\/media?parent=1379"}],"curies":[{"name":"wp","href":"https:\/\/api.w.org\/{rel}","templated":true}]}}