{"id":1363,"date":"2019-04-22T15:55:34","date_gmt":"2019-04-22T12:55:34","guid":{"rendered":"http:\/\/www.trplaygrounds.com\/?page_id=1363"},"modified":"2019-07-01T21:43:34","modified_gmt":"2019-07-01T18:43:34","slug":"bisiklet-parklari","status":"publish","type":"page","link":"https:\/\/www.trplaygrounds.com\/tr_TR\/bisiklet-parklari\/","title":{"rendered":"Bisiklet Parklar\u0131"},"content":{"rendered":"\n\t\t<div id=\"fws_69e4eb5a14f51\"  data-column-margin=\"default\" data-midnight=\"dark\"  class=\"wpb_row vc_row-fluid vc_row\"  style=\"padding-top: 0px; padding-bottom: 0px; \"><div class=\"row-bg-wrap\" data-bg-animation=\"none\" data-bg-animation-delay=\"\" data-bg-overlay=\"false\"><div class=\"inner-wrap row-bg-layer\" ><div class=\"row-bg viewport-desktop\"  style=\"\"><\/div><\/div><\/div><div class=\"row_col_wrap_12 col span_12 dark left\">\n\t<div  class=\"vc_col-sm-12 wpb_column column_container vc_column_container col no-extra-padding\"  data-padding-pos=\"all\" data-has-bg-color=\"false\" data-bg-color=\"\" data-bg-opacity=\"1\" data-animation=\"\" data-delay=\"0\" >\n\t\t<div class=\"vc_column-inner\" >\n\t\t\t<div class=\"wpb_wrapper\">\n\t\t\t\t\n<div class=\"wpb_text_column wpb_content_element  wpb_animate_when_almost_visible wpb_fadeInUp fadeInUp vc_custom_1562005908055\" >\n\t<div class=\"wpb_wrapper\">\n\t\t<h3 style=\"text-align: center;\"><span style=\"color: #ffffff;\">Bisiklet Parklar\u0131<\/span><\/h3>\n\t<\/div>\n<\/div>\n\n\n\n\n\t\t\t<\/div> \n\t\t<\/div>\n\t<\/div> \n<\/div><\/div>\n\t\t<div id=\"fws_69e4eb5a16718\"  data-column-margin=\"default\" data-midnight=\"dark\"  class=\"wpb_row vc_row-fluid vc_row\"  style=\"padding-top: 0px; padding-bottom: 0px; \"><div class=\"row-bg-wrap\" data-bg-animation=\"none\" data-bg-animation-delay=\"\" data-bg-overlay=\"false\"><div class=\"inner-wrap row-bg-layer\" ><div class=\"row-bg viewport-desktop\"  style=\"\"><\/div><\/div><\/div><div class=\"row_col_wrap_12 col span_12 dark left\">\n\t<div  class=\"vc_col-sm-6 wpb_column column_container vc_column_container col no-extra-padding\"  data-padding-pos=\"all\" data-has-bg-color=\"false\" data-bg-color=\"\" data-bg-opacity=\"1\" data-animation=\"\" data-delay=\"0\" >\n\t\t<div class=\"vc_column-inner\" >\n\t\t\t<div class=\"wpb_wrapper\">\n\t\t\t\t<div class=\"img-with-aniamtion-wrap \" data-max-width=\"100%\" data-max-width-mobile=\"100%\" data-shadow=\"none\" data-animation=\"fade-in\" >\n      <div class=\"inner\">\n        <div class=\"hover-wrap\"> \n          <div class=\"hover-wrap-inner\">\n            <img loading=\"lazy\" decoding=\"async\" class=\"img-with-animation skip-lazy \" data-delay=\"20\" height=\"1650\" width=\"2200\" data-animation=\"fade-in\" src=\"https:\/\/www.trplaygrounds.com\/wp-content\/uploads\/2019\/07\/TRP_001.jpg\" alt=\"\" srcset=\"https:\/\/www.trplaygrounds.com\/wp-content\/uploads\/2019\/07\/TRP_001.jpg 2200w, https:\/\/www.trplaygrounds.com\/wp-content\/uploads\/2019\/07\/TRP_001-300x225.jpg 300w, https:\/\/www.trplaygrounds.com\/wp-content\/uploads\/2019\/07\/TRP_001-768x576.jpg 768w, https:\/\/www.trplaygrounds.com\/wp-content\/uploads\/2019\/07\/TRP_001-1024x768.jpg 1024w, https:\/\/www.trplaygrounds.com\/wp-content\/uploads\/2019\/07\/TRP_001-600x450.jpg 600w\" sizes=\"auto, (max-width: 2200px) 100vw, 2200px\" \/>\n          <\/div>\n        <\/div>\n      <\/div>\n    <\/div>\n<div class=\"wpb_text_column wpb_content_element  wpb_animate_when_almost_visible wpb_bounceIn bounceIn\" >\n\t<div class=\"wpb_wrapper\">\n\t\t<h3 style=\"text-align: center;\"><span style=\"color: #ff9900;\">TRP 001<\/span><\/h3>\n<div class=\"wpb_column vc_column_container vc_col-sm-6 vc_hidden-md vc_hidden-sm vc_hidden-xs\">\n<div class=\"vc_column-inner vc_custom_1496499873931\">\n<div class=\"wpb_wrapper\">\n<div class=\"wpb_text_column wpb_content_element vc_custom_1497309615588\">\n<div class=\"wpb_wrapper\">\n<p style=\"text-align: left;\">\u00dcr\u00fcn \u00d6l\u00e7\u00fcs\u00fc : 2.0 x 2.65<br \/>\nMetalin Cinsi : Lazer Kesim Sac &amp; Boru Profil &amp; Kutu Profil<br \/>\nMetal Koruyucu \u00dcr\u00fcn : Elektrostatik Toz Boya<br \/>\nPleksiglas Rengi : \u015eeffaf<\/p>\n<\/div>\n<\/div>\n<\/div>\n<\/div>\n<\/div>\n<div class=\"wpb_column vc_column_container vc_col-sm-6 vc_hidden-md vc_hidden-sm vc_hidden-xs\">\n<div class=\"vc_column-inner vc_custom_1496499890182\">\n<div class=\"wpb_wrapper\">\n<div class=\"wpb_text_column wpb_content_element vc_custom_1497309644313\">\n<div class=\"wpb_wrapper\"><\/div>\n<\/div>\n<\/div>\n<\/div>\n<\/div>\n\t<\/div>\n<\/div>\n\n\n\n\n\t\t\t<\/div> \n\t\t<\/div>\n\t<\/div> \n\n\t<div  class=\"vc_col-sm-6 wpb_column column_container vc_column_container col no-extra-padding\"  data-padding-pos=\"all\" data-has-bg-color=\"false\" data-bg-color=\"\" data-bg-opacity=\"1\" data-animation=\"\" data-delay=\"0\" >\n\t\t<div class=\"vc_column-inner\" >\n\t\t\t<div class=\"wpb_wrapper\">\n\t\t\t\t<div class=\"img-with-aniamtion-wrap \" data-max-width=\"100%\" data-max-width-mobile=\"100%\" data-shadow=\"none\" data-animation=\"fade-in\" >\n      <div class=\"inner\">\n        <div class=\"hover-wrap\"> \n          <div class=\"hover-wrap-inner\">\n            <img loading=\"lazy\" decoding=\"async\" class=\"img-with-animation skip-lazy \" data-delay=\"20\" height=\"1650\" width=\"2200\" data-animation=\"fade-in\" src=\"https:\/\/www.trplaygrounds.com\/wp-content\/uploads\/2019\/07\/TRP_003.jpg\" alt=\"\" srcset=\"https:\/\/www.trplaygrounds.com\/wp-content\/uploads\/2019\/07\/TRP_003.jpg 2200w, https:\/\/www.trplaygrounds.com\/wp-content\/uploads\/2019\/07\/TRP_003-300x225.jpg 300w, https:\/\/www.trplaygrounds.com\/wp-content\/uploads\/2019\/07\/TRP_003-768x576.jpg 768w, https:\/\/www.trplaygrounds.com\/wp-content\/uploads\/2019\/07\/TRP_003-1024x768.jpg 1024w, https:\/\/www.trplaygrounds.com\/wp-content\/uploads\/2019\/07\/TRP_003-600x450.jpg 600w\" sizes=\"auto, (max-width: 2200px) 100vw, 2200px\" \/>\n          <\/div>\n        <\/div>\n      <\/div>\n    <\/div>\n<div class=\"wpb_text_column wpb_content_element  wpb_animate_when_almost_visible wpb_bounceIn bounceIn\" >\n\t<div class=\"wpb_wrapper\">\n\t\t<h3 style=\"text-align: center;\"><span style=\"color: #ff9900;\">TRP 003<\/span><\/h3>\n<div class=\"wpb_column vc_column_container vc_col-sm-6 vc_hidden-md vc_hidden-sm vc_hidden-xs\">\n<div class=\"vc_column-inner vc_custom_1496499873931\">\n<div class=\"wpb_wrapper\">\n<div class=\"wpb_text_column wpb_content_element vc_custom_1497309615588\">\n<div class=\"wpb_wrapper\">\n<p style=\"text-align: left;\">\u00dcr\u00fcn \u00d6l\u00e7\u00fcs\u00fc : 0.1 x 2.0<br \/>\nMetalin Cinsi : Boru Profil<br \/>\nMetal Koruyucu \u00dcr\u00fcn : Elektrostatik Toz Boya<\/p>\n<\/div>\n<\/div>\n<\/div>\n<\/div>\n<\/div>\n<div class=\"wpb_column vc_column_container vc_col-sm-6 vc_hidden-md vc_hidden-sm vc_hidden-xs\">\n<div class=\"vc_column-inner vc_custom_1496499890182\">\n<div class=\"wpb_wrapper\">\n<div class=\"wpb_text_column wpb_content_element vc_custom_1497309644313\">\n<div class=\"wpb_wrapper\"><\/div>\n<\/div>\n<\/div>\n<\/div>\n<\/div>\n\t<\/div>\n<\/div>\n\n\n\n\n\t\t\t<\/div> \n\t\t<\/div>\n\t<\/div> \n<\/div><\/div>\n\t\t<div id=\"fws_69e4eb5a19f5e\"  data-column-margin=\"default\" data-midnight=\"dark\"  class=\"wpb_row vc_row-fluid vc_row\"  style=\"padding-top: 0px; padding-bottom: 0px; \"><div class=\"row-bg-wrap\" data-bg-animation=\"none\" data-bg-animation-delay=\"\" data-bg-overlay=\"false\"><div class=\"inner-wrap row-bg-layer\" ><div class=\"row-bg viewport-desktop\"  style=\"\"><\/div><\/div><\/div><div class=\"row_col_wrap_12 col span_12 dark left\">\n\t<div  class=\"vc_col-sm-6 wpb_column column_container vc_column_container col no-extra-padding\"  data-padding-pos=\"all\" data-has-bg-color=\"false\" data-bg-color=\"\" data-bg-opacity=\"1\" data-animation=\"\" data-delay=\"0\" >\n\t\t<div class=\"vc_column-inner\" >\n\t\t\t<div class=\"wpb_wrapper\">\n\t\t\t\t<div class=\"img-with-aniamtion-wrap \" data-max-width=\"100%\" data-max-width-mobile=\"100%\" data-shadow=\"none\" data-animation=\"fade-in\" >\n      <div class=\"inner\">\n        <div class=\"hover-wrap\"> \n          <div class=\"hover-wrap-inner\">\n            <img loading=\"lazy\" decoding=\"async\" class=\"img-with-animation skip-lazy \" data-delay=\"20\" height=\"1650\" width=\"2200\" data-animation=\"fade-in\" src=\"https:\/\/www.trplaygrounds.com\/wp-content\/uploads\/2019\/07\/TRP_005.jpg\" alt=\"\" srcset=\"https:\/\/www.trplaygrounds.com\/wp-content\/uploads\/2019\/07\/TRP_005.jpg 2200w, https:\/\/www.trplaygrounds.com\/wp-content\/uploads\/2019\/07\/TRP_005-300x225.jpg 300w, https:\/\/www.trplaygrounds.com\/wp-content\/uploads\/2019\/07\/TRP_005-768x576.jpg 768w, https:\/\/www.trplaygrounds.com\/wp-content\/uploads\/2019\/07\/TRP_005-1024x768.jpg 1024w, https:\/\/www.trplaygrounds.com\/wp-content\/uploads\/2019\/07\/TRP_005-600x450.jpg 600w\" sizes=\"auto, (max-width: 2200px) 100vw, 2200px\" \/>\n          <\/div>\n        <\/div>\n      <\/div>\n    <\/div>\n<div class=\"wpb_text_column wpb_content_element  wpb_animate_when_almost_visible wpb_bounceIn bounceIn\" >\n\t<div class=\"wpb_wrapper\">\n\t\t<h3 style=\"text-align: center;\"><span style=\"color: #ff9900;\">TRP 005<\/span><\/h3>\n<div class=\"wpb_column vc_column_container vc_col-sm-6 vc_hidden-md vc_hidden-sm vc_hidden-xs\">\n<div class=\"vc_column-inner vc_custom_1496499873931\">\n<div class=\"wpb_wrapper\">\n<div class=\"wpb_text_column wpb_content_element vc_custom_1497309615588\">\n<div class=\"wpb_wrapper\">\n<p style=\"text-align: left;\">\u00dcr\u00fcn \u00d6l\u00e7\u00fcs\u00fc : 0.15 x 0.48<br \/>\nMetalin Cinsi : Lazer Kesim Sac<br \/>\nMetal Koruyucu \u00dcr\u00fcn : Elektrostatik Toz Boya<\/p>\n<\/div>\n<\/div>\n<\/div>\n<\/div>\n<\/div>\n<div class=\"wpb_column vc_column_container vc_col-sm-6 vc_hidden-md vc_hidden-sm vc_hidden-xs\">\n<div class=\"vc_column-inner vc_custom_1496499890182\">\n<div class=\"wpb_wrapper\">\n<div class=\"wpb_text_column wpb_content_element vc_custom_1497309644313\">\n<div class=\"wpb_wrapper\"><\/div>\n<\/div>\n<\/div>\n<\/div>\n<\/div>\n\t<\/div>\n<\/div>\n\n\n\n\n\t\t\t<\/div> \n\t\t<\/div>\n\t<\/div> \n\n\t<div  class=\"vc_col-sm-6 wpb_column column_container vc_column_container col no-extra-padding\"  data-padding-pos=\"all\" data-has-bg-color=\"false\" data-bg-color=\"\" data-bg-opacity=\"1\" data-animation=\"\" data-delay=\"0\" >\n\t\t<div class=\"vc_column-inner\" >\n\t\t\t<div class=\"wpb_wrapper\">\n\t\t\t\t<div class=\"img-with-aniamtion-wrap \" data-max-width=\"100%\" data-max-width-mobile=\"100%\" data-shadow=\"none\" data-animation=\"fade-in\" >\n      <div class=\"inner\">\n        <div class=\"hover-wrap\"> \n          <div class=\"hover-wrap-inner\">\n            <img loading=\"lazy\" decoding=\"async\" class=\"img-with-animation skip-lazy \" data-delay=\"20\" height=\"1650\" width=\"2200\" data-animation=\"fade-in\" src=\"https:\/\/www.trplaygrounds.com\/wp-content\/uploads\/2019\/07\/TRP_007.jpg\" alt=\"\" srcset=\"https:\/\/www.trplaygrounds.com\/wp-content\/uploads\/2019\/07\/TRP_007.jpg 2200w, https:\/\/www.trplaygrounds.com\/wp-content\/uploads\/2019\/07\/TRP_007-300x225.jpg 300w, https:\/\/www.trplaygrounds.com\/wp-content\/uploads\/2019\/07\/TRP_007-768x576.jpg 768w, https:\/\/www.trplaygrounds.com\/wp-content\/uploads\/2019\/07\/TRP_007-1024x768.jpg 1024w, https:\/\/www.trplaygrounds.com\/wp-content\/uploads\/2019\/07\/TRP_007-600x450.jpg 600w\" sizes=\"auto, (max-width: 2200px) 100vw, 2200px\" \/>\n          <\/div>\n        <\/div>\n      <\/div>\n    <\/div>\n<div class=\"wpb_text_column wpb_content_element  wpb_animate_when_almost_visible wpb_bounceIn bounceIn\" >\n\t<div class=\"wpb_wrapper\">\n\t\t<h3 style=\"text-align: center;\"><span style=\"color: #ff9900;\">TRP 007<\/span><\/h3>\n<div class=\"wpb_column vc_column_container vc_col-sm-6 vc_hidden-md vc_hidden-sm vc_hidden-xs\">\n<div class=\"vc_column-inner vc_custom_1496499873931\">\n<div class=\"wpb_wrapper\">\n<div class=\"wpb_text_column wpb_content_element vc_custom_1497309615588\">\n<div class=\"wpb_wrapper\">\n<p style=\"text-align: left;\">\u00dcr\u00fcn \u00d6l\u00e7\u00fcs\u00fc : 0.85 x 2.0<br \/>\nMetalin Cinsi : Boru Profil<br \/>\nMetal Koruyucu \u00dcr\u00fcn : Elektrostatik Toz Boya<\/p>\n<\/div>\n<\/div>\n<\/div>\n<\/div>\n<\/div>\n<div class=\"wpb_column vc_column_container vc_col-sm-6 vc_hidden-md vc_hidden-sm vc_hidden-xs\">\n<div class=\"vc_column-inner vc_custom_1496499890182\">\n<div class=\"wpb_wrapper\">\n<div class=\"wpb_text_column wpb_content_element vc_custom_1497309644313\">\n<div class=\"wpb_wrapper\"><\/div>\n<\/div>\n<\/div>\n<\/div>\n<\/div>\n\t<\/div>\n<\/div>\n\n\n\n\n\t\t\t<\/div> \n\t\t<\/div>\n\t<\/div> \n<\/div><\/div>\n\t\t<div id=\"fws_69e4eb5a1ca30\"  data-column-margin=\"default\" data-midnight=\"dark\"  class=\"wpb_row vc_row-fluid vc_row\"  style=\"padding-top: 0px; padding-bottom: 0px; \"><div class=\"row-bg-wrap\" data-bg-animation=\"none\" data-bg-animation-delay=\"\" data-bg-overlay=\"false\"><div class=\"inner-wrap row-bg-layer\" ><div class=\"row-bg viewport-desktop\"  style=\"\"><\/div><\/div><\/div><div class=\"row_col_wrap_12 col span_12 dark left\">\n\t<div  class=\"vc_col-sm-6 wpb_column column_container vc_column_container col no-extra-padding\"  data-padding-pos=\"all\" data-has-bg-color=\"false\" data-bg-color=\"\" data-bg-opacity=\"1\" data-animation=\"\" data-delay=\"0\" >\n\t\t<div class=\"vc_column-inner\" >\n\t\t\t<div class=\"wpb_wrapper\">\n\t\t\t\t<div class=\"img-with-aniamtion-wrap \" data-max-width=\"100%\" data-max-width-mobile=\"100%\" data-shadow=\"none\" data-animation=\"fade-in\" >\n      <div class=\"inner\">\n        <div class=\"hover-wrap\"> \n          <div class=\"hover-wrap-inner\">\n            <img loading=\"lazy\" decoding=\"async\" class=\"img-with-animation skip-lazy \" data-delay=\"20\" height=\"1650\" width=\"2200\" data-animation=\"fade-in\" src=\"https:\/\/www.trplaygrounds.com\/wp-content\/uploads\/2019\/07\/TRP_009.jpg\" alt=\"\" srcset=\"https:\/\/www.trplaygrounds.com\/wp-content\/uploads\/2019\/07\/TRP_009.jpg 2200w, https:\/\/www.trplaygrounds.com\/wp-content\/uploads\/2019\/07\/TRP_009-300x225.jpg 300w, https:\/\/www.trplaygrounds.com\/wp-content\/uploads\/2019\/07\/TRP_009-768x576.jpg 768w, https:\/\/www.trplaygrounds.com\/wp-content\/uploads\/2019\/07\/TRP_009-1024x768.jpg 1024w, https:\/\/www.trplaygrounds.com\/wp-content\/uploads\/2019\/07\/TRP_009-600x450.jpg 600w\" sizes=\"auto, (max-width: 2200px) 100vw, 2200px\" \/>\n          <\/div>\n        <\/div>\n      <\/div>\n    <\/div>\n<div class=\"wpb_text_column wpb_content_element  wpb_animate_when_almost_visible wpb_bounceIn bounceIn\" >\n\t<div class=\"wpb_wrapper\">\n\t\t<h3 style=\"text-align: center;\"><span style=\"color: #ff9900;\">TRP 009<\/span><\/h3>\n<div class=\"wpb_column vc_column_container vc_col-sm-6 vc_hidden-md vc_hidden-sm vc_hidden-xs\">\n<div class=\"vc_column-inner vc_custom_1496499873931\">\n<div class=\"wpb_wrapper\">\n<div class=\"wpb_text_column wpb_content_element vc_custom_1497309615588\">\n<div class=\"wpb_wrapper\">\n<p style=\"text-align: left;\">\u00dcr\u00fcn \u00d6l\u00e7\u00fcs\u00fc : 0.46 x 3.7<br \/>\nMetalin Cinsi : Boru Profil<br \/>\nMetal Koruyucu \u00dcr\u00fcn : Elektrostatik Toz Boya<\/p>\n<\/div>\n<\/div>\n<\/div>\n<\/div>\n<\/div>\n<div class=\"wpb_column vc_column_container vc_col-sm-6 vc_hidden-md vc_hidden-sm vc_hidden-xs\">\n<div class=\"vc_column-inner vc_custom_1496499890182\">\n<div class=\"wpb_wrapper\">\n<div class=\"wpb_text_column wpb_content_element vc_custom_1497309644313\">\n<div class=\"wpb_wrapper\"><\/div>\n<\/div>\n<\/div>\n<\/div>\n<\/div>\n\t<\/div>\n<\/div>\n\n\n\n\n\t\t\t<\/div> \n\t\t<\/div>\n\t<\/div> \n\n\t<div  class=\"vc_col-sm-6 wpb_column column_container vc_column_container col no-extra-padding\"  data-padding-pos=\"all\" data-has-bg-color=\"false\" data-bg-color=\"\" data-bg-opacity=\"1\" data-animation=\"\" data-delay=\"0\" >\n\t\t<div class=\"vc_column-inner\" >\n\t\t\t<div class=\"wpb_wrapper\">\n\t\t\t\t<div class=\"img-with-aniamtion-wrap \" data-max-width=\"100%\" data-max-width-mobile=\"100%\" data-shadow=\"none\" data-animation=\"fade-in\" >\n      <div class=\"inner\">\n        <div class=\"hover-wrap\"> \n          <div class=\"hover-wrap-inner\">\n            <img loading=\"lazy\" decoding=\"async\" class=\"img-with-animation skip-lazy \" data-delay=\"20\" height=\"1650\" width=\"2200\" data-animation=\"fade-in\" src=\"https:\/\/www.trplaygrounds.com\/wp-content\/uploads\/2019\/07\/TRP_011.jpg\" alt=\"\" srcset=\"https:\/\/www.trplaygrounds.com\/wp-content\/uploads\/2019\/07\/TRP_011.jpg 2200w, https:\/\/www.trplaygrounds.com\/wp-content\/uploads\/2019\/07\/TRP_011-300x225.jpg 300w, https:\/\/www.trplaygrounds.com\/wp-content\/uploads\/2019\/07\/TRP_011-768x576.jpg 768w, https:\/\/www.trplaygrounds.com\/wp-content\/uploads\/2019\/07\/TRP_011-1024x768.jpg 1024w, https:\/\/www.trplaygrounds.com\/wp-content\/uploads\/2019\/07\/TRP_011-600x450.jpg 600w\" sizes=\"auto, (max-width: 2200px) 100vw, 2200px\" \/>\n          <\/div>\n        <\/div>\n      <\/div>\n    <\/div>\n<div class=\"wpb_text_column wpb_content_element  wpb_animate_when_almost_visible wpb_bounceIn bounceIn\" >\n\t<div class=\"wpb_wrapper\">\n\t\t<h3 style=\"text-align: center;\"><span style=\"color: #ff9900;\">TRP 011<\/span><\/h3>\n<div class=\"wpb_column vc_column_container vc_col-sm-6 vc_hidden-md vc_hidden-sm vc_hidden-xs\">\n<div class=\"vc_column-inner vc_custom_1496499873931\">\n<div class=\"wpb_wrapper\">\n<div class=\"wpb_text_column wpb_content_element vc_custom_1497309615588\">\n<div class=\"wpb_wrapper\">\n<p style=\"text-align: left;\">\u00dcr\u00fcn \u00d6l\u00e7\u00fcs\u00fc : 0.44 x 2.8<br \/>\nMetalin Cinsi : Boru Profil<br \/>\nMetal Koruyucu \u00dcr\u00fcn : Elektrostatik Toz Boya<\/p>\n<\/div>\n<\/div>\n<\/div>\n<\/div>\n<\/div>\n<div class=\"wpb_column vc_column_container vc_col-sm-6 vc_hidden-md vc_hidden-sm vc_hidden-xs\">\n<div class=\"vc_column-inner vc_custom_1496499890182\">\n<div class=\"wpb_wrapper\">\n<div class=\"wpb_text_column wpb_content_element vc_custom_1497309644313\">\n<div class=\"wpb_wrapper\"><\/div>\n<\/div>\n<\/div>\n<\/div>\n<\/div>\n\t<\/div>\n<\/div>\n\n\n\n\n\t\t\t<\/div> \n\t\t<\/div>\n\t<\/div> \n<\/div><\/div>\n","protected":false},"excerpt":{"rendered":"Bisiklet Parklar\u0131 TRP 001 \u00dcr\u00fcn \u00d6l\u00e7\u00fcs\u00fc : 2.0 x 2.65 Metalin Cinsi : Lazer Kesim Sac &amp; Boru Profil &amp; Kutu Profil Metal Koruyucu \u00dcr\u00fcn : Elektrostatik Toz Boya Pleksiglas...","protected":false},"author":1,"featured_media":0,"parent":0,"menu_order":0,"comment_status":"closed","ping_status":"closed","template":"","meta":{"footnotes":""},"class_list":["post-1363","page","type-page","status-publish"],"_links":{"self":[{"href":"https:\/\/www.trplaygrounds.com\/tr_TR\/wp-json\/wp\/v2\/pages\/1363","targetHints":{"allow":["GET"]}}],"collection":[{"href":"https:\/\/www.trplaygrounds.com\/tr_TR\/wp-json\/wp\/v2\/pages"}],"about":[{"href":"https:\/\/www.trplaygrounds.com\/tr_TR\/wp-json\/wp\/v2\/types\/page"}],"author":[{"embeddable":true,"href":"https:\/\/www.trplaygrounds.com\/tr_TR\/wp-json\/wp\/v2\/users\/1"}],"replies":[{"embeddable":true,"href":"https:\/\/www.trplaygrounds.com\/tr_TR\/wp-json\/wp\/v2\/comments?post=1363"}],"version-history":[{"count":3,"href":"https:\/\/www.trplaygrounds.com\/tr_TR\/wp-json\/wp\/v2\/pages\/1363\/revisions"}],"predecessor-version":[{"id":2178,"href":"https:\/\/www.trplaygrounds.com\/tr_TR\/wp-json\/wp\/v2\/pages\/1363\/revisions\/2178"}],"wp:attachment":[{"href":"https:\/\/www.trplaygrounds.com\/tr_TR\/wp-json\/wp\/v2\/media?parent=1363"}],"curies":[{"name":"wp","href":"https:\/\/api.w.org\/{rel}","templated":true}]}}