{"id":1339,"date":"2019-04-22T15:50:27","date_gmt":"2019-04-22T12:50:27","guid":{"rendered":"http:\/\/www.trplaygrounds.com\/?page_id=1339"},"modified":"2019-07-02T13:14:45","modified_gmt":"2019-07-02T10:14:45","slug":"skate-park","status":"publish","type":"page","link":"https:\/\/www.trplaygrounds.com\/tr_TR\/skate-park\/","title":{"rendered":"Skate Park"},"content":{"rendered":"\n\t\t<div id=\"fws_69dff3f011256\"  data-column-margin=\"default\" data-midnight=\"dark\"  class=\"wpb_row vc_row-fluid vc_row\"  style=\"padding-top: 0px; padding-bottom: 0px; \"><div class=\"row-bg-wrap\" data-bg-animation=\"none\" data-bg-animation-delay=\"\" data-bg-overlay=\"false\"><div class=\"inner-wrap row-bg-layer\" ><div class=\"row-bg viewport-desktop\"  style=\"\"><\/div><\/div><\/div><div class=\"row_col_wrap_12 col span_12 dark left\">\n\t<div  class=\"vc_col-sm-12 wpb_column column_container vc_column_container col no-extra-padding\"  data-padding-pos=\"all\" data-has-bg-color=\"false\" data-bg-color=\"\" data-bg-opacity=\"1\" data-animation=\"\" data-delay=\"0\" >\n\t\t<div class=\"vc_column-inner\" >\n\t\t\t<div class=\"wpb_wrapper\">\n\t\t\t\t\n<div class=\"wpb_text_column wpb_content_element  wpb_animate_when_almost_visible wpb_fadeInUp fadeInUp vc_custom_1562061868863\" >\n\t<div class=\"wpb_wrapper\">\n\t\t<h3 style=\"text-align: center;\"><span style=\"color: #ffffff;\">Skate Park<\/span><\/h3>\n\t<\/div>\n<\/div>\n\n\n\n\n\t\t\t<\/div> \n\t\t<\/div>\n\t<\/div> \n<\/div><\/div>\n\t\t<div id=\"fws_69dff3f013c6e\"  data-column-margin=\"default\" data-midnight=\"dark\"  class=\"wpb_row vc_row-fluid vc_row\"  style=\"padding-top: 0px; padding-bottom: 0px; \"><div class=\"row-bg-wrap\" data-bg-animation=\"none\" data-bg-animation-delay=\"\" data-bg-overlay=\"false\"><div class=\"inner-wrap row-bg-layer\" ><div class=\"row-bg viewport-desktop\"  style=\"\"><\/div><\/div><\/div><div class=\"row_col_wrap_12 col span_12 dark left\">\n\t<div  class=\"vc_col-sm-6 wpb_column column_container vc_column_container col no-extra-padding\"  data-padding-pos=\"all\" data-has-bg-color=\"false\" data-bg-color=\"\" data-bg-opacity=\"1\" data-animation=\"\" data-delay=\"0\" >\n\t\t<div class=\"vc_column-inner\" >\n\t\t\t<div class=\"wpb_wrapper\">\n\t\t\t\t<div class=\"img-with-aniamtion-wrap \" data-max-width=\"100%\" data-max-width-mobile=\"100%\" data-shadow=\"none\" data-animation=\"fade-in\" >\n      <div class=\"inner\">\n        <div class=\"hover-wrap\"> \n          <div class=\"hover-wrap-inner\">\n            <img loading=\"lazy\" decoding=\"async\" class=\"img-with-animation skip-lazy \" data-delay=\"20\" height=\"1650\" width=\"2200\" data-animation=\"fade-in\" src=\"https:\/\/www.trplaygrounds.com\/wp-content\/uploads\/2019\/07\/TRSKP-100-PER-1-1.jpg\" alt=\"\" srcset=\"https:\/\/www.trplaygrounds.com\/wp-content\/uploads\/2019\/07\/TRSKP-100-PER-1-1.jpg 2200w, https:\/\/www.trplaygrounds.com\/wp-content\/uploads\/2019\/07\/TRSKP-100-PER-1-1-300x225.jpg 300w, https:\/\/www.trplaygrounds.com\/wp-content\/uploads\/2019\/07\/TRSKP-100-PER-1-1-768x576.jpg 768w, https:\/\/www.trplaygrounds.com\/wp-content\/uploads\/2019\/07\/TRSKP-100-PER-1-1-1024x768.jpg 1024w, https:\/\/www.trplaygrounds.com\/wp-content\/uploads\/2019\/07\/TRSKP-100-PER-1-1-600x450.jpg 600w\" sizes=\"auto, (max-width: 2200px) 100vw, 2200px\" \/>\n          <\/div>\n        <\/div>\n      <\/div>\n    <\/div>\n<div class=\"wpb_text_column wpb_content_element  wpb_animate_when_almost_visible wpb_bounceIn bounceIn\" >\n\t<div class=\"wpb_wrapper\">\n\t\t<h3 style=\"text-align: center;\"><span style=\"color: #ff9900;\">TRSKP 100<\/span><\/h3>\n<div class=\"wpb_column vc_column_container vc_col-sm-6 vc_hidden-md vc_hidden-sm vc_hidden-xs\">\n<div class=\"vc_column-inner vc_custom_1496499873931\">\n<div class=\"wpb_wrapper\">\n<div class=\"wpb_text_column wpb_content_element vc_custom_1497309615588\">\n<div class=\"wpb_wrapper\">\n<p style=\"text-align: left;\">Kullan\u0131c\u0131 Kapasitesi : 46 K\u0130\u015e\u0130<br \/>\nOyun Alan\u0131 : 16.0 x 30.0 m<br \/>\nYa\u015f Grubu : 7+<\/p>\n<\/div>\n<\/div>\n<\/div>\n<\/div>\n<\/div>\n<div class=\"wpb_column vc_column_container vc_col-sm-6 vc_hidden-md vc_hidden-sm vc_hidden-xs\">\n<div class=\"vc_column-inner vc_custom_1496499890182\">\n<div class=\"wpb_wrapper\">\n<div class=\"wpb_text_column wpb_content_element vc_custom_1497309644313\">\n<div class=\"wpb_wrapper\"><\/div>\n<\/div>\n<\/div>\n<\/div>\n<\/div>\n\t<\/div>\n<\/div>\n\n\n\n\n\t\t\t<\/div> \n\t\t<\/div>\n\t<\/div> \n\n\t<div  class=\"vc_col-sm-6 wpb_column column_container vc_column_container col no-extra-padding\"  data-padding-pos=\"all\" data-has-bg-color=\"false\" data-bg-color=\"\" data-bg-opacity=\"1\" data-animation=\"\" data-delay=\"0\" >\n\t\t<div class=\"vc_column-inner\" >\n\t\t\t<div class=\"wpb_wrapper\">\n\t\t\t\t<div class=\"img-with-aniamtion-wrap \" data-max-width=\"100%\" data-max-width-mobile=\"100%\" data-shadow=\"none\" data-animation=\"fade-in\" >\n      <div class=\"inner\">\n        <div class=\"hover-wrap\"> \n          <div class=\"hover-wrap-inner\">\n            <img loading=\"lazy\" decoding=\"async\" class=\"img-with-animation skip-lazy \" data-delay=\"20\" height=\"1650\" width=\"2200\" data-animation=\"fade-in\" src=\"https:\/\/www.trplaygrounds.com\/wp-content\/uploads\/2019\/07\/TRSKP-101-PER-2.jpg\" alt=\"\" srcset=\"https:\/\/www.trplaygrounds.com\/wp-content\/uploads\/2019\/07\/TRSKP-101-PER-2.jpg 2200w, https:\/\/www.trplaygrounds.com\/wp-content\/uploads\/2019\/07\/TRSKP-101-PER-2-300x225.jpg 300w, https:\/\/www.trplaygrounds.com\/wp-content\/uploads\/2019\/07\/TRSKP-101-PER-2-768x576.jpg 768w, https:\/\/www.trplaygrounds.com\/wp-content\/uploads\/2019\/07\/TRSKP-101-PER-2-1024x768.jpg 1024w, https:\/\/www.trplaygrounds.com\/wp-content\/uploads\/2019\/07\/TRSKP-101-PER-2-600x450.jpg 600w\" sizes=\"auto, (max-width: 2200px) 100vw, 2200px\" \/>\n          <\/div>\n        <\/div>\n      <\/div>\n    <\/div>\n<div class=\"wpb_text_column wpb_content_element  wpb_animate_when_almost_visible wpb_bounceIn bounceIn\" >\n\t<div class=\"wpb_wrapper\">\n\t\t<h3 style=\"text-align: center;\"><span style=\"color: #ff9900;\">TRSKP 101<\/span><\/h3>\n<div class=\"wpb_column vc_column_container vc_col-sm-6 vc_hidden-md vc_hidden-sm vc_hidden-xs\">\n<div class=\"vc_column-inner vc_custom_1496499873931\">\n<div class=\"wpb_wrapper\">\n<div class=\"wpb_text_column wpb_content_element vc_custom_1497309615588\">\n<div class=\"wpb_wrapper\">\n<p style=\"text-align: left;\">Kullan\u0131c\u0131 Kapasitesi : 7 K\u0130\u015e\u0130<br \/>\n\u00dcr\u00fcn \u00d6l\u00e7\u00fcs\u00fc : 4.5 x 5.0 m<br \/>\nG\u00fcvenli Alan : 7.5 x 9.0 m<br \/>\nYa\u015f Grubu : 7+<\/p>\n<\/div>\n<\/div>\n<\/div>\n<\/div>\n<\/div>\n<div class=\"wpb_column vc_column_container vc_col-sm-6 vc_hidden-md vc_hidden-sm vc_hidden-xs\">\n<div class=\"vc_column-inner vc_custom_1496499890182\">\n<div class=\"wpb_wrapper\">\n<div class=\"wpb_text_column wpb_content_element vc_custom_1497309644313\">\n<div class=\"wpb_wrapper\"><\/div>\n<\/div>\n<\/div>\n<\/div>\n<\/div>\n\t<\/div>\n<\/div>\n\n\n\n\n\t\t\t<\/div> \n\t\t<\/div>\n\t<\/div> \n<\/div><\/div>\n\t\t<div id=\"fws_69dff3f017efe\"  data-column-margin=\"default\" data-midnight=\"dark\"  class=\"wpb_row vc_row-fluid vc_row\"  style=\"padding-top: 0px; padding-bottom: 0px; \"><div class=\"row-bg-wrap\" data-bg-animation=\"none\" data-bg-animation-delay=\"\" data-bg-overlay=\"false\"><div class=\"inner-wrap row-bg-layer\" ><div class=\"row-bg viewport-desktop\"  style=\"\"><\/div><\/div><\/div><div class=\"row_col_wrap_12 col span_12 dark left\">\n\t<div  class=\"vc_col-sm-6 wpb_column column_container vc_column_container col no-extra-padding\"  data-padding-pos=\"all\" data-has-bg-color=\"false\" data-bg-color=\"\" data-bg-opacity=\"1\" data-animation=\"\" data-delay=\"0\" >\n\t\t<div class=\"vc_column-inner\" >\n\t\t\t<div class=\"wpb_wrapper\">\n\t\t\t\t<div class=\"img-with-aniamtion-wrap \" data-max-width=\"100%\" data-max-width-mobile=\"100%\" data-shadow=\"none\" data-animation=\"fade-in\" >\n      <div class=\"inner\">\n        <div class=\"hover-wrap\"> \n          <div class=\"hover-wrap-inner\">\n            <img loading=\"lazy\" decoding=\"async\" class=\"img-with-animation skip-lazy \" data-delay=\"20\" height=\"1650\" width=\"2200\" data-animation=\"fade-in\" src=\"https:\/\/www.trplaygrounds.com\/wp-content\/uploads\/2019\/07\/TRSKP-103-PER-2.jpg\" alt=\"\" srcset=\"https:\/\/www.trplaygrounds.com\/wp-content\/uploads\/2019\/07\/TRSKP-103-PER-2.jpg 2200w, https:\/\/www.trplaygrounds.com\/wp-content\/uploads\/2019\/07\/TRSKP-103-PER-2-300x225.jpg 300w, https:\/\/www.trplaygrounds.com\/wp-content\/uploads\/2019\/07\/TRSKP-103-PER-2-768x576.jpg 768w, https:\/\/www.trplaygrounds.com\/wp-content\/uploads\/2019\/07\/TRSKP-103-PER-2-1024x768.jpg 1024w, https:\/\/www.trplaygrounds.com\/wp-content\/uploads\/2019\/07\/TRSKP-103-PER-2-600x450.jpg 600w\" sizes=\"auto, (max-width: 2200px) 100vw, 2200px\" \/>\n          <\/div>\n        <\/div>\n      <\/div>\n    <\/div>\n<div class=\"wpb_text_column wpb_content_element  wpb_animate_when_almost_visible wpb_bounceIn bounceIn\" >\n\t<div class=\"wpb_wrapper\">\n\t\t<h3 style=\"text-align: center;\"><span style=\"color: #ff9900;\">TRSKP 103<\/span><\/h3>\n<div class=\"wpb_column vc_column_container vc_col-sm-6 vc_hidden-md vc_hidden-sm vc_hidden-xs\">\n<div class=\"vc_column-inner vc_custom_1496499873931\">\n<div class=\"wpb_wrapper\">\n<div class=\"wpb_text_column wpb_content_element vc_custom_1497309615588\">\n<div class=\"wpb_wrapper\">\n<p style=\"text-align: left;\">Kullan\u0131c\u0131 Kapasitesi : 6 K\u0130\u015e\u0130<br \/>\n\u00dcr\u00fcn \u00d6l\u00e7\u00fcs\u00fc : 3.7 x 4.5 m<br \/>\nG\u00fcvenli Alan : 7.7 x 8.5 m<br \/>\nYa\u015f Grubu : 7+<\/p>\n<\/div>\n<\/div>\n<\/div>\n<\/div>\n<\/div>\n<div class=\"wpb_column vc_column_container vc_col-sm-6 vc_hidden-md vc_hidden-sm vc_hidden-xs\">\n<div class=\"vc_column-inner vc_custom_1496499890182\">\n<div class=\"wpb_wrapper\">\n<div class=\"wpb_text_column wpb_content_element vc_custom_1497309644313\">\n<div class=\"wpb_wrapper\"><\/div>\n<\/div>\n<\/div>\n<\/div>\n<\/div>\n\t<\/div>\n<\/div>\n\n\n\n\n\t\t\t<\/div> \n\t\t<\/div>\n\t<\/div> \n\n\t<div  class=\"vc_col-sm-6 wpb_column column_container vc_column_container col no-extra-padding\"  data-padding-pos=\"all\" data-has-bg-color=\"false\" data-bg-color=\"\" data-bg-opacity=\"1\" data-animation=\"\" data-delay=\"0\" >\n\t\t<div class=\"vc_column-inner\" >\n\t\t\t<div class=\"wpb_wrapper\">\n\t\t\t\t<div class=\"img-with-aniamtion-wrap \" data-max-width=\"100%\" data-max-width-mobile=\"100%\" data-shadow=\"none\" data-animation=\"fade-in\" >\n      <div class=\"inner\">\n        <div class=\"hover-wrap\"> \n          <div class=\"hover-wrap-inner\">\n            <img loading=\"lazy\" decoding=\"async\" class=\"img-with-animation skip-lazy \" data-delay=\"20\" height=\"1650\" width=\"2200\" data-animation=\"fade-in\" src=\"https:\/\/www.trplaygrounds.com\/wp-content\/uploads\/2019\/07\/TRSKP-105-PER-2.jpg\" alt=\"\" srcset=\"https:\/\/www.trplaygrounds.com\/wp-content\/uploads\/2019\/07\/TRSKP-105-PER-2.jpg 2200w, https:\/\/www.trplaygrounds.com\/wp-content\/uploads\/2019\/07\/TRSKP-105-PER-2-300x225.jpg 300w, https:\/\/www.trplaygrounds.com\/wp-content\/uploads\/2019\/07\/TRSKP-105-PER-2-768x576.jpg 768w, https:\/\/www.trplaygrounds.com\/wp-content\/uploads\/2019\/07\/TRSKP-105-PER-2-1024x768.jpg 1024w, https:\/\/www.trplaygrounds.com\/wp-content\/uploads\/2019\/07\/TRSKP-105-PER-2-600x450.jpg 600w\" sizes=\"auto, (max-width: 2200px) 100vw, 2200px\" \/>\n          <\/div>\n        <\/div>\n      <\/div>\n    <\/div>\n<div class=\"wpb_text_column wpb_content_element  wpb_animate_when_almost_visible wpb_bounceIn bounceIn\" >\n\t<div class=\"wpb_wrapper\">\n\t\t<h3 style=\"text-align: center;\"><span style=\"color: #ff9900;\">TRSKP 105<\/span><\/h3>\n<div class=\"wpb_column vc_column_container vc_col-sm-6 vc_hidden-md vc_hidden-sm vc_hidden-xs\">\n<div class=\"vc_column-inner vc_custom_1496499873931\">\n<div class=\"wpb_wrapper\">\n<div class=\"wpb_text_column wpb_content_element vc_custom_1497309615588\">\n<div class=\"wpb_wrapper\">\n<p style=\"text-align: left;\">Kullan\u0131c\u0131 Kapasitesi : 6 K\u0130\u015e\u0130<br \/>\n\u00dcr\u00fcn \u00d6l\u00e7\u00fcs\u00fc : 3.7 x 4.5 m<br \/>\nG\u00fcvenli Alan : 7.7 x 9.0 m<br \/>\nYa\u015f Grubu : 7+<\/p>\n<\/div>\n<\/div>\n<\/div>\n<\/div>\n<\/div>\n<div class=\"wpb_column vc_column_container vc_col-sm-6 vc_hidden-md vc_hidden-sm vc_hidden-xs\">\n<div class=\"vc_column-inner vc_custom_1496499890182\">\n<div class=\"wpb_wrapper\">\n<div class=\"wpb_text_column wpb_content_element vc_custom_1497309644313\">\n<div class=\"wpb_wrapper\"><\/div>\n<\/div>\n<\/div>\n<\/div>\n<\/div>\n\t<\/div>\n<\/div>\n\n\n\n\n\t\t\t<\/div> \n\t\t<\/div>\n\t<\/div> \n<\/div><\/div>\n\t\t<div id=\"fws_69dff3f01bcfd\"  data-column-margin=\"default\" data-midnight=\"dark\"  class=\"wpb_row vc_row-fluid vc_row\"  style=\"padding-top: 0px; padding-bottom: 0px; \"><div class=\"row-bg-wrap\" data-bg-animation=\"none\" data-bg-animation-delay=\"\" data-bg-overlay=\"false\"><div class=\"inner-wrap row-bg-layer\" ><div class=\"row-bg viewport-desktop\"  style=\"\"><\/div><\/div><\/div><div class=\"row_col_wrap_12 col span_12 dark left\">\n\t<div  class=\"vc_col-sm-6 wpb_column column_container vc_column_container col no-extra-padding\"  data-padding-pos=\"all\" data-has-bg-color=\"false\" data-bg-color=\"\" data-bg-opacity=\"1\" data-animation=\"\" data-delay=\"0\" >\n\t\t<div class=\"vc_column-inner\" >\n\t\t\t<div class=\"wpb_wrapper\">\n\t\t\t\t<div class=\"img-with-aniamtion-wrap \" data-max-width=\"100%\" data-max-width-mobile=\"100%\" data-shadow=\"none\" data-animation=\"fade-in\" >\n      <div class=\"inner\">\n        <div class=\"hover-wrap\"> \n          <div class=\"hover-wrap-inner\">\n            <img loading=\"lazy\" decoding=\"async\" class=\"img-with-animation skip-lazy \" data-delay=\"20\" height=\"1650\" width=\"2200\" data-animation=\"fade-in\" src=\"https:\/\/www.trplaygrounds.com\/wp-content\/uploads\/2019\/07\/TRSKP-200-PER-1.jpg\" alt=\"\" srcset=\"https:\/\/www.trplaygrounds.com\/wp-content\/uploads\/2019\/07\/TRSKP-200-PER-1.jpg 2200w, https:\/\/www.trplaygrounds.com\/wp-content\/uploads\/2019\/07\/TRSKP-200-PER-1-300x225.jpg 300w, https:\/\/www.trplaygrounds.com\/wp-content\/uploads\/2019\/07\/TRSKP-200-PER-1-768x576.jpg 768w, https:\/\/www.trplaygrounds.com\/wp-content\/uploads\/2019\/07\/TRSKP-200-PER-1-1024x768.jpg 1024w, https:\/\/www.trplaygrounds.com\/wp-content\/uploads\/2019\/07\/TRSKP-200-PER-1-600x450.jpg 600w\" sizes=\"auto, (max-width: 2200px) 100vw, 2200px\" \/>\n          <\/div>\n        <\/div>\n      <\/div>\n    <\/div>\n<div class=\"wpb_text_column wpb_content_element  wpb_animate_when_almost_visible wpb_bounceIn bounceIn\" >\n\t<div class=\"wpb_wrapper\">\n\t\t<h3 style=\"text-align: center;\"><span style=\"color: #ff9900;\">TRSKP 200<\/span><\/h3>\n<div class=\"wpb_column vc_column_container vc_col-sm-6 vc_hidden-md vc_hidden-sm vc_hidden-xs\">\n<div class=\"vc_column-inner vc_custom_1496499873931\">\n<div class=\"wpb_wrapper\">\n<div class=\"wpb_text_column wpb_content_element vc_custom_1497309615588\">\n<div class=\"wpb_wrapper\">\n<p style=\"text-align: left;\">Kullan\u0131c\u0131 Kapasitesi : 23 K\u0130\u015e\u0130<br \/>\nOyun Alan\u0131 : 8.0 x 30.0 m<br \/>\nYa\u015f Grubu : 7+<\/p>\n<\/div>\n<\/div>\n<\/div>\n<\/div>\n<\/div>\n<div class=\"wpb_column vc_column_container vc_col-sm-6 vc_hidden-md vc_hidden-sm vc_hidden-xs\">\n<div class=\"vc_column-inner vc_custom_1496499890182\">\n<div class=\"wpb_wrapper\">\n<div class=\"wpb_text_column wpb_content_element vc_custom_1497309644313\">\n<div class=\"wpb_wrapper\"><\/div>\n<\/div>\n<\/div>\n<\/div>\n<\/div>\n\t<\/div>\n<\/div>\n\n\n\n\n\t\t\t<\/div> \n\t\t<\/div>\n\t<\/div> \n\n\t<div  class=\"vc_col-sm-6 wpb_column column_container vc_column_container col no-extra-padding\"  data-padding-pos=\"all\" data-has-bg-color=\"false\" data-bg-color=\"\" data-bg-opacity=\"1\" data-animation=\"\" data-delay=\"0\" >\n\t\t<div class=\"vc_column-inner\" >\n\t\t\t<div class=\"wpb_wrapper\">\n\t\t\t\t<div class=\"img-with-aniamtion-wrap \" data-max-width=\"100%\" data-max-width-mobile=\"100%\" data-shadow=\"none\" data-animation=\"fade-in\" >\n      <div class=\"inner\">\n        <div class=\"hover-wrap\"> \n          <div class=\"hover-wrap-inner\">\n            <img loading=\"lazy\" decoding=\"async\" class=\"img-with-animation skip-lazy \" data-delay=\"20\" height=\"1650\" width=\"2200\" data-animation=\"fade-in\" src=\"https:\/\/www.trplaygrounds.com\/wp-content\/uploads\/2019\/07\/TRSKP-107-PER-2.jpg\" alt=\"\" srcset=\"https:\/\/www.trplaygrounds.com\/wp-content\/uploads\/2019\/07\/TRSKP-107-PER-2.jpg 2200w, https:\/\/www.trplaygrounds.com\/wp-content\/uploads\/2019\/07\/TRSKP-107-PER-2-300x225.jpg 300w, https:\/\/www.trplaygrounds.com\/wp-content\/uploads\/2019\/07\/TRSKP-107-PER-2-768x576.jpg 768w, https:\/\/www.trplaygrounds.com\/wp-content\/uploads\/2019\/07\/TRSKP-107-PER-2-1024x768.jpg 1024w, https:\/\/www.trplaygrounds.com\/wp-content\/uploads\/2019\/07\/TRSKP-107-PER-2-600x450.jpg 600w\" sizes=\"auto, (max-width: 2200px) 100vw, 2200px\" \/>\n          <\/div>\n        <\/div>\n      <\/div>\n    <\/div>\n<div class=\"wpb_text_column wpb_content_element  wpb_animate_when_almost_visible wpb_bounceIn bounceIn\" >\n\t<div class=\"wpb_wrapper\">\n\t\t<h3 style=\"text-align: center;\"><span style=\"color: #ff9900;\">TRSKP 107<\/span><\/h3>\n<div class=\"wpb_column vc_column_container vc_col-sm-6 vc_hidden-md vc_hidden-sm vc_hidden-xs\">\n<div class=\"vc_column-inner vc_custom_1496499873931\">\n<div class=\"wpb_wrapper\">\n<div class=\"wpb_text_column wpb_content_element vc_custom_1497309615588\">\n<div class=\"wpb_wrapper\">\n<p style=\"text-align: left;\">Kullan\u0131c\u0131 Kapasitesi : 6 K\u0130\u015e\u0130<br \/>\n\u00dcr\u00fcn \u00d6l\u00e7\u00fcs\u00fc : 3.7 x 4.5 m<br \/>\nG\u00fcvenli Alan : 7.7 x 8.5 m<br \/>\nYa\u015f Grubu : 7+<\/p>\n<\/div>\n<\/div>\n<\/div>\n<\/div>\n<\/div>\n<div class=\"wpb_column vc_column_container vc_col-sm-6 vc_hidden-md vc_hidden-sm vc_hidden-xs\">\n<div class=\"vc_column-inner vc_custom_1496499890182\">\n<div class=\"wpb_wrapper\">\n<div class=\"wpb_text_column wpb_content_element vc_custom_1497309644313\">\n<div class=\"wpb_wrapper\"><\/div>\n<\/div>\n<\/div>\n<\/div>\n<\/div>\n\t<\/div>\n<\/div>\n\n\n\n\n\t\t\t<\/div> \n\t\t<\/div>\n\t<\/div> \n<\/div><\/div>\n\t\t<div id=\"fws_69dff3f020792\"  data-column-margin=\"default\" data-midnight=\"dark\"  class=\"wpb_row vc_row-fluid vc_row\"  style=\"padding-top: 0px; padding-bottom: 0px; \"><div class=\"row-bg-wrap\" data-bg-animation=\"none\" data-bg-animation-delay=\"\" data-bg-overlay=\"false\"><div class=\"inner-wrap row-bg-layer\" ><div class=\"row-bg viewport-desktop\"  style=\"\"><\/div><\/div><\/div><div class=\"row_col_wrap_12 col span_12 dark left\">\n\t<div  class=\"vc_col-sm-6 wpb_column column_container vc_column_container col no-extra-padding\"  data-padding-pos=\"all\" data-has-bg-color=\"false\" data-bg-color=\"\" data-bg-opacity=\"1\" data-animation=\"\" data-delay=\"0\" >\n\t\t<div class=\"vc_column-inner\" >\n\t\t\t<div class=\"wpb_wrapper\">\n\t\t\t\t<div class=\"img-with-aniamtion-wrap \" data-max-width=\"100%\" data-max-width-mobile=\"100%\" data-shadow=\"none\" data-animation=\"fade-in\" >\n      <div class=\"inner\">\n        <div class=\"hover-wrap\"> \n          <div class=\"hover-wrap-inner\">\n            <img loading=\"lazy\" decoding=\"async\" class=\"img-with-animation skip-lazy \" data-delay=\"20\" height=\"1650\" width=\"2200\" data-animation=\"fade-in\" src=\"https:\/\/www.trplaygrounds.com\/wp-content\/uploads\/2019\/07\/TRSKP-109-PER-1.jpg\" alt=\"\" srcset=\"https:\/\/www.trplaygrounds.com\/wp-content\/uploads\/2019\/07\/TRSKP-109-PER-1.jpg 2200w, https:\/\/www.trplaygrounds.com\/wp-content\/uploads\/2019\/07\/TRSKP-109-PER-1-300x225.jpg 300w, https:\/\/www.trplaygrounds.com\/wp-content\/uploads\/2019\/07\/TRSKP-109-PER-1-768x576.jpg 768w, https:\/\/www.trplaygrounds.com\/wp-content\/uploads\/2019\/07\/TRSKP-109-PER-1-1024x768.jpg 1024w, https:\/\/www.trplaygrounds.com\/wp-content\/uploads\/2019\/07\/TRSKP-109-PER-1-600x450.jpg 600w\" sizes=\"auto, (max-width: 2200px) 100vw, 2200px\" \/>\n          <\/div>\n        <\/div>\n      <\/div>\n    <\/div>\n<div class=\"wpb_text_column wpb_content_element  wpb_animate_when_almost_visible wpb_bounceIn bounceIn\" >\n\t<div class=\"wpb_wrapper\">\n\t\t<h3 style=\"text-align: center;\"><span style=\"color: #ff9900;\">TRSKP 109<\/span><\/h3>\n<div class=\"wpb_column vc_column_container vc_col-sm-6 vc_hidden-md vc_hidden-sm vc_hidden-xs\">\n<div class=\"vc_column-inner vc_custom_1496499873931\">\n<div class=\"wpb_wrapper\">\n<div class=\"wpb_text_column wpb_content_element vc_custom_1497309615588\">\n<div class=\"wpb_wrapper\">\n<p style=\"text-align: left;\">Kullan\u0131c\u0131 Kapasitesi : 7 K\u0130\u015e\u0130<br \/>\n\u00dcr\u00fcn \u00d6l\u00e7\u00fcs\u00fc : 3.5 x 7.5 m<br \/>\nG\u00fcvenli Alan : 6.5 x 10.5 m<br \/>\nYa\u015f Grubu : 7+<\/p>\n<\/div>\n<\/div>\n<\/div>\n<\/div>\n<\/div>\n<div class=\"wpb_column vc_column_container vc_col-sm-6 vc_hidden-md vc_hidden-sm vc_hidden-xs\">\n<div class=\"vc_column-inner vc_custom_1496499890182\">\n<div class=\"wpb_wrapper\">\n<div class=\"wpb_text_column wpb_content_element vc_custom_1497309644313\">\n<div class=\"wpb_wrapper\"><\/div>\n<\/div>\n<\/div>\n<\/div>\n<\/div>\n\t<\/div>\n<\/div>\n\n\n\n\n\t\t\t<\/div> \n\t\t<\/div>\n\t<\/div> \n\n\t<div  class=\"vc_col-sm-6 wpb_column column_container vc_column_container col no-extra-padding\"  data-padding-pos=\"all\" data-has-bg-color=\"false\" data-bg-color=\"\" data-bg-opacity=\"1\" data-animation=\"\" data-delay=\"0\" >\n\t\t<div class=\"vc_column-inner\" >\n\t\t\t<div class=\"wpb_wrapper\">\n\t\t\t\t<div class=\"img-with-aniamtion-wrap \" data-max-width=\"100%\" data-max-width-mobile=\"100%\" data-shadow=\"none\" data-animation=\"fade-in\" >\n      <div class=\"inner\">\n        <div class=\"hover-wrap\"> \n          <div class=\"hover-wrap-inner\">\n            <img loading=\"lazy\" decoding=\"async\" class=\"img-with-animation skip-lazy \" data-delay=\"20\" height=\"1650\" width=\"2200\" data-animation=\"fade-in\" src=\"https:\/\/www.trplaygrounds.com\/wp-content\/uploads\/2019\/07\/TRSKP-111-PER-1.jpg\" alt=\"\" srcset=\"https:\/\/www.trplaygrounds.com\/wp-content\/uploads\/2019\/07\/TRSKP-111-PER-1.jpg 2200w, https:\/\/www.trplaygrounds.com\/wp-content\/uploads\/2019\/07\/TRSKP-111-PER-1-300x225.jpg 300w, https:\/\/www.trplaygrounds.com\/wp-content\/uploads\/2019\/07\/TRSKP-111-PER-1-768x576.jpg 768w, https:\/\/www.trplaygrounds.com\/wp-content\/uploads\/2019\/07\/TRSKP-111-PER-1-1024x768.jpg 1024w, https:\/\/www.trplaygrounds.com\/wp-content\/uploads\/2019\/07\/TRSKP-111-PER-1-600x450.jpg 600w\" sizes=\"auto, (max-width: 2200px) 100vw, 2200px\" \/>\n          <\/div>\n        <\/div>\n      <\/div>\n    <\/div>\n<div class=\"wpb_text_column wpb_content_element  wpb_animate_when_almost_visible wpb_bounceIn bounceIn\" >\n\t<div class=\"wpb_wrapper\">\n\t\t<h3 style=\"text-align: center;\"><span style=\"color: #ff9900;\">TRSKP 111<\/span><\/h3>\n<div class=\"wpb_column vc_column_container vc_col-sm-6 vc_hidden-md vc_hidden-sm vc_hidden-xs\">\n<div class=\"vc_column-inner vc_custom_1496499873931\">\n<div class=\"wpb_wrapper\">\n<div class=\"wpb_text_column wpb_content_element vc_custom_1497309615588\">\n<div class=\"wpb_wrapper\">\n<p style=\"text-align: left;\">Kullan\u0131c\u0131 Kapasitesi : 6 K\u0130\u015e\u0130<br \/>\n\u00dcr\u00fcn \u00d6l\u00e7\u00fcs\u00fc : 2.5 x 8.5 m<br \/>\nG\u00fcvenli Alan : 5.5 x 11.5 m<br \/>\nYa\u015f Grubu : 7+<\/p>\n<\/div>\n<\/div>\n<\/div>\n<\/div>\n<\/div>\n<div class=\"wpb_column vc_column_container vc_col-sm-6 vc_hidden-md vc_hidden-sm vc_hidden-xs\">\n<div class=\"vc_column-inner vc_custom_1496499890182\">\n<div class=\"wpb_wrapper\">\n<div class=\"wpb_text_column wpb_content_element vc_custom_1497309644313\">\n<div class=\"wpb_wrapper\"><\/div>\n<\/div>\n<\/div>\n<\/div>\n<\/div>\n\t<\/div>\n<\/div>\n\n\n\n\n\t\t\t<\/div> \n\t\t<\/div>\n\t<\/div> \n<\/div><\/div>\n","protected":false},"excerpt":{"rendered":"Skate Park TRSKP 100 Kullan\u0131c\u0131 Kapasitesi : 46 K\u0130\u015e\u0130 Oyun Alan\u0131 : 16.0 x 30.0 m Ya\u015f Grubu : 7+ TRSKP 101 Kullan\u0131c\u0131 Kapasitesi : 7 K\u0130\u015e\u0130 \u00dcr\u00fcn \u00d6l\u00e7\u00fcs\u00fc :...","protected":false},"author":1,"featured_media":0,"parent":0,"menu_order":0,"comment_status":"closed","ping_status":"closed","template":"","meta":{"footnotes":""},"class_list":["post-1339","page","type-page","status-publish"],"_links":{"self":[{"href":"https:\/\/www.trplaygrounds.com\/tr_TR\/wp-json\/wp\/v2\/pages\/1339","targetHints":{"allow":["GET"]}}],"collection":[{"href":"https:\/\/www.trplaygrounds.com\/tr_TR\/wp-json\/wp\/v2\/pages"}],"about":[{"href":"https:\/\/www.trplaygrounds.com\/tr_TR\/wp-json\/wp\/v2\/types\/page"}],"author":[{"embeddable":true,"href":"https:\/\/www.trplaygrounds.com\/tr_TR\/wp-json\/wp\/v2\/users\/1"}],"replies":[{"embeddable":true,"href":"https:\/\/www.trplaygrounds.com\/tr_TR\/wp-json\/wp\/v2\/comments?post=1339"}],"version-history":[{"count":3,"href":"https:\/\/www.trplaygrounds.com\/tr_TR\/wp-json\/wp\/v2\/pages\/1339\/revisions"}],"predecessor-version":[{"id":2369,"href":"https:\/\/www.trplaygrounds.com\/tr_TR\/wp-json\/wp\/v2\/pages\/1339\/revisions\/2369"}],"wp:attachment":[{"href":"https:\/\/www.trplaygrounds.com\/tr_TR\/wp-json\/wp\/v2\/media?parent=1339"}],"curies":[{"name":"wp","href":"https:\/\/api.w.org\/{rel}","templated":true}]}}