{"id":1246,"date":"2019-04-22T15:17:26","date_gmt":"2019-04-22T12:17:26","guid":{"rendered":"http:\/\/www.trplaygrounds.com\/?page_id=1246"},"modified":"2019-07-01T16:20:34","modified_gmt":"2019-07-01T13:20:34","slug":"jungle-oyun-gruplari","status":"publish","type":"page","link":"https:\/\/www.trplaygrounds.com\/tr_TR\/jungle-oyun-gruplari\/","title":{"rendered":"Jungle Oyun Gruplar\u0131"},"content":{"rendered":"\n\t\t<div id=\"fws_69dfc8a36ba24\"  data-column-margin=\"default\" data-midnight=\"dark\"  class=\"wpb_row vc_row-fluid vc_row\"  style=\"padding-top: 0px; padding-bottom: 0px; \"><div class=\"row-bg-wrap\" data-bg-animation=\"none\" data-bg-animation-delay=\"\" data-bg-overlay=\"false\"><div class=\"inner-wrap row-bg-layer\" ><div class=\"row-bg viewport-desktop\"  style=\"\"><\/div><\/div><\/div><div class=\"row_col_wrap_12 col span_12 dark left\">\n\t<div  class=\"vc_col-sm-12 wpb_column column_container vc_column_container col no-extra-padding\"  data-padding-pos=\"all\" data-has-bg-color=\"false\" data-bg-color=\"\" data-bg-opacity=\"1\" data-animation=\"\" data-delay=\"0\" >\n\t\t<div class=\"vc_column-inner\" >\n\t\t\t<div class=\"wpb_wrapper\">\n\t\t\t\t\n<div class=\"wpb_text_column wpb_content_element  wpb_animate_when_almost_visible wpb_fadeInUp fadeInUp vc_custom_1561986728355\" >\n\t<div class=\"wpb_wrapper\">\n\t\t<h3 style=\"text-align: center;\"><span style=\"color: #ffffff;\">Jungle Oyun Gruplar\u0131<\/span><\/h3>\n\t<\/div>\n<\/div>\n\n\n\n\n\t\t\t<\/div> \n\t\t<\/div>\n\t<\/div> \n<\/div><\/div>\n\t\t<div id=\"fws_69dfc8a36cb2e\"  data-column-margin=\"default\" data-midnight=\"dark\"  class=\"wpb_row vc_row-fluid vc_row\"  style=\"padding-top: 0px; padding-bottom: 0px; \"><div class=\"row-bg-wrap\" data-bg-animation=\"none\" data-bg-animation-delay=\"\" data-bg-overlay=\"false\"><div class=\"inner-wrap row-bg-layer\" ><div class=\"row-bg viewport-desktop\"  style=\"\"><\/div><\/div><\/div><div class=\"row_col_wrap_12 col span_12 dark left\">\n\t<div  class=\"vc_col-sm-6 wpb_column column_container vc_column_container col no-extra-padding\"  data-padding-pos=\"all\" data-has-bg-color=\"false\" data-bg-color=\"\" data-bg-opacity=\"1\" data-animation=\"\" data-delay=\"0\" >\n\t\t<div class=\"vc_column-inner\" >\n\t\t\t<div class=\"wpb_wrapper\">\n\t\t\t\t<div class=\"img-with-aniamtion-wrap \" data-max-width=\"100%\" data-max-width-mobile=\"100%\" data-shadow=\"none\" data-animation=\"fade-in\" >\n      <div class=\"inner\">\n        <div class=\"hover-wrap\"> \n          <div class=\"hover-wrap-inner\">\n            <img loading=\"lazy\" decoding=\"async\" class=\"img-with-animation skip-lazy \" data-delay=\"20\" height=\"500\" width=\"700\" data-animation=\"fade-in\" src=\"https:\/\/www.trplaygrounds.com\/wp-content\/uploads\/2019\/07\/TRCJS-1005.jpg\" alt=\"\" srcset=\"https:\/\/www.trplaygrounds.com\/wp-content\/uploads\/2019\/07\/TRCJS-1005.jpg 700w, https:\/\/www.trplaygrounds.com\/wp-content\/uploads\/2019\/07\/TRCJS-1005-300x214.jpg 300w, https:\/\/www.trplaygrounds.com\/wp-content\/uploads\/2019\/07\/TRCJS-1005-600x429.jpg 600w\" sizes=\"auto, (max-width: 700px) 100vw, 700px\" \/>\n          <\/div>\n        <\/div>\n      <\/div>\n    <\/div>\n<div class=\"wpb_text_column wpb_content_element  wpb_animate_when_almost_visible wpb_bounceIn bounceIn\" >\n\t<div class=\"wpb_wrapper\">\n\t\t<h3 style=\"text-align: center;\"><span style=\"color: #ff9900;\">TRCJS 1005<\/span><\/h3>\n<div class=\"wpb_column vc_column_container vc_col-sm-6 vc_hidden-md vc_hidden-sm vc_hidden-xs\">\n<div class=\"vc_column-inner vc_custom_1496499873931\">\n<div class=\"wpb_wrapper\">\n<div class=\"wpb_text_column wpb_content_element vc_custom_1497309615588\">\n<div class=\"wpb_wrapper\">\n<p style=\"text-align: left;\">Kullan\u0131c\u0131 Kapasitesi : 18 K\u0130\u015e\u0130<br \/>\n\u00dcr\u00fcn \u00d6l\u00e7\u00fcs\u00fc : 5.0 x 7.0 m<br \/>\nG\u00fcvenli Kullan\u0131m Alan\u0131 : 8.0 x 10.0 m<br \/>\nEn Y\u00fcksek Nokta : 3.0 m<br \/>\nD\u00fc\u015fme Y\u00fcksekli\u011fi : 1.0 m<br \/>\nYa\u015f Grubu : 1+<\/p>\n<\/div>\n<\/div>\n<\/div>\n<\/div>\n<\/div>\n<div class=\"wpb_column vc_column_container vc_col-sm-6 vc_hidden-md vc_hidden-sm vc_hidden-xs\">\n<div class=\"vc_column-inner vc_custom_1496499890182\">\n<div class=\"wpb_wrapper\">\n<div class=\"wpb_text_column wpb_content_element vc_custom_1497309644313\">\n<div class=\"wpb_wrapper\"><\/div>\n<\/div>\n<\/div>\n<\/div>\n<\/div>\n\t<\/div>\n<\/div>\n\n\n\n\n\t\t\t<\/div> \n\t\t<\/div>\n\t<\/div> \n\n\t<div  class=\"vc_col-sm-6 wpb_column column_container vc_column_container col no-extra-padding\"  data-padding-pos=\"all\" data-has-bg-color=\"false\" data-bg-color=\"\" data-bg-opacity=\"1\" data-animation=\"\" data-delay=\"0\" >\n\t\t<div class=\"vc_column-inner\" >\n\t\t\t<div class=\"wpb_wrapper\">\n\t\t\t\t<div class=\"img-with-aniamtion-wrap \" data-max-width=\"100%\" data-max-width-mobile=\"100%\" data-shadow=\"none\" data-animation=\"fade-in\" >\n      <div class=\"inner\">\n        <div class=\"hover-wrap\"> \n          <div class=\"hover-wrap-inner\">\n            <img loading=\"lazy\" decoding=\"async\" class=\"img-with-animation skip-lazy \" data-delay=\"20\" height=\"500\" width=\"700\" data-animation=\"fade-in\" src=\"https:\/\/www.trplaygrounds.com\/wp-content\/uploads\/2019\/07\/TRCJS-1006.jpg\" alt=\"\" srcset=\"https:\/\/www.trplaygrounds.com\/wp-content\/uploads\/2019\/07\/TRCJS-1006.jpg 700w, https:\/\/www.trplaygrounds.com\/wp-content\/uploads\/2019\/07\/TRCJS-1006-300x214.jpg 300w, https:\/\/www.trplaygrounds.com\/wp-content\/uploads\/2019\/07\/TRCJS-1006-600x429.jpg 600w\" sizes=\"auto, (max-width: 700px) 100vw, 700px\" \/>\n          <\/div>\n        <\/div>\n      <\/div>\n    <\/div>\n<div class=\"wpb_text_column wpb_content_element  wpb_animate_when_almost_visible wpb_bounceIn bounceIn\" >\n\t<div class=\"wpb_wrapper\">\n\t\t<h3 style=\"text-align: center;\"><span style=\"color: #ff9900;\">TRCJS 1006<\/span><\/h3>\n<div class=\"wpb_column vc_column_container vc_col-sm-6 vc_hidden-md vc_hidden-sm vc_hidden-xs\">\n<div class=\"vc_column-inner vc_custom_1496499873931\">\n<div class=\"wpb_wrapper\">\n<div class=\"wpb_text_column wpb_content_element vc_custom_1497309615588\">\n<div class=\"wpb_wrapper\">\n<p style=\"text-align: left;\">Kullan\u0131c\u0131 Kapasitesi : 13 K\u0130\u015e\u0130<br \/>\n\u00dcr\u00fcn \u00d6l\u00e7\u00fcs\u00fc : 6.0 x 4.0 m<br \/>\nG\u00fcvenli Kullan\u0131m Alan\u0131 : 9.0 x 7.0 m<br \/>\nEn Y\u00fcksek Nokta : 3.0 m<br \/>\nD\u00fc\u015fme Y\u00fcksekli\u011fi : 1.0 m<br \/>\nYa\u015f Grubu : 1+<\/p>\n<\/div>\n<\/div>\n<\/div>\n<\/div>\n<\/div>\n<div class=\"wpb_column vc_column_container vc_col-sm-6 vc_hidden-md vc_hidden-sm vc_hidden-xs\">\n<div class=\"vc_column-inner vc_custom_1496499890182\">\n<div class=\"wpb_wrapper\">\n<div class=\"wpb_text_column wpb_content_element vc_custom_1497309644313\">\n<div class=\"wpb_wrapper\"><\/div>\n<\/div>\n<\/div>\n<\/div>\n<\/div>\n\t<\/div>\n<\/div>\n\n\n\n\n\t\t\t<\/div> \n\t\t<\/div>\n\t<\/div> \n<\/div><\/div>\n\t\t<div id=\"fws_69dfc8a36f65b\"  data-column-margin=\"default\" data-midnight=\"dark\"  class=\"wpb_row vc_row-fluid vc_row\"  style=\"padding-top: 0px; padding-bottom: 0px; \"><div class=\"row-bg-wrap\" data-bg-animation=\"none\" data-bg-animation-delay=\"\" data-bg-overlay=\"false\"><div class=\"inner-wrap row-bg-layer\" ><div class=\"row-bg viewport-desktop\"  style=\"\"><\/div><\/div><\/div><div class=\"row_col_wrap_12 col span_12 dark left\">\n\t<div  class=\"vc_col-sm-6 wpb_column column_container vc_column_container col no-extra-padding\"  data-padding-pos=\"all\" data-has-bg-color=\"false\" data-bg-color=\"\" data-bg-opacity=\"1\" data-animation=\"\" data-delay=\"0\" >\n\t\t<div class=\"vc_column-inner\" >\n\t\t\t<div class=\"wpb_wrapper\">\n\t\t\t\t<div class=\"img-with-aniamtion-wrap \" data-max-width=\"100%\" data-max-width-mobile=\"100%\" data-shadow=\"none\" data-animation=\"fade-in\" >\n      <div class=\"inner\">\n        <div class=\"hover-wrap\"> \n          <div class=\"hover-wrap-inner\">\n            <img loading=\"lazy\" decoding=\"async\" class=\"img-with-animation skip-lazy \" data-delay=\"20\" height=\"500\" width=\"700\" data-animation=\"fade-in\" src=\"https:\/\/www.trplaygrounds.com\/wp-content\/uploads\/2019\/07\/TRCJS-1008.jpg\" alt=\"\" srcset=\"https:\/\/www.trplaygrounds.com\/wp-content\/uploads\/2019\/07\/TRCJS-1008.jpg 700w, https:\/\/www.trplaygrounds.com\/wp-content\/uploads\/2019\/07\/TRCJS-1008-300x214.jpg 300w, https:\/\/www.trplaygrounds.com\/wp-content\/uploads\/2019\/07\/TRCJS-1008-600x429.jpg 600w\" sizes=\"auto, (max-width: 700px) 100vw, 700px\" \/>\n          <\/div>\n        <\/div>\n      <\/div>\n    <\/div>\n<div class=\"wpb_text_column wpb_content_element  wpb_animate_when_almost_visible wpb_bounceIn bounceIn\" >\n\t<div class=\"wpb_wrapper\">\n\t\t<h3 style=\"text-align: center;\"><span style=\"color: #ff9900;\">TRCJS 1008<\/span><\/h3>\n<div class=\"wpb_column vc_column_container vc_col-sm-6 vc_hidden-md vc_hidden-sm vc_hidden-xs\">\n<div class=\"vc_column-inner vc_custom_1496499873931\">\n<div class=\"wpb_wrapper\">\n<div class=\"wpb_text_column wpb_content_element vc_custom_1497309615588\">\n<div class=\"wpb_wrapper\">\n<p style=\"text-align: left;\">Kullan\u0131c\u0131 Kapasitesi : 37 K\u0130\u015e\u0130<br \/>\n\u00dcr\u00fcn \u00d6l\u00e7\u00fcs\u00fc : 10.0 x 6.0 m<br \/>\nG\u00fcvenli Kullan\u0131m Alan\u0131 : 13.0 x 9.0 m<br \/>\nEn Y\u00fcksek Nokta : 3.0 m<br \/>\nD\u00fc\u015fme Y\u00fcksekli\u011fi : 1.0 m<br \/>\nYa\u015f Grubu : 1+<\/p>\n<\/div>\n<\/div>\n<\/div>\n<\/div>\n<\/div>\n<div class=\"wpb_column vc_column_container vc_col-sm-6 vc_hidden-md vc_hidden-sm vc_hidden-xs\">\n<div class=\"vc_column-inner vc_custom_1496499890182\">\n<div class=\"wpb_wrapper\">\n<div class=\"wpb_text_column wpb_content_element vc_custom_1497309644313\">\n<div class=\"wpb_wrapper\"><\/div>\n<\/div>\n<\/div>\n<\/div>\n<\/div>\n\t<\/div>\n<\/div>\n\n\n\n\n\t\t\t<\/div> \n\t\t<\/div>\n\t<\/div> \n\n\t<div  class=\"vc_col-sm-6 wpb_column column_container vc_column_container col no-extra-padding\"  data-padding-pos=\"all\" data-has-bg-color=\"false\" data-bg-color=\"\" data-bg-opacity=\"1\" data-animation=\"\" data-delay=\"0\" >\n\t\t<div class=\"vc_column-inner\" >\n\t\t\t<div class=\"wpb_wrapper\">\n\t\t\t\t<div class=\"img-with-aniamtion-wrap \" data-max-width=\"100%\" data-max-width-mobile=\"100%\" data-shadow=\"none\" data-animation=\"fade-in\" >\n      <div class=\"inner\">\n        <div class=\"hover-wrap\"> \n          <div class=\"hover-wrap-inner\">\n            <img loading=\"lazy\" decoding=\"async\" class=\"img-with-animation skip-lazy \" data-delay=\"20\" height=\"500\" width=\"700\" data-animation=\"fade-in\" src=\"https:\/\/www.trplaygrounds.com\/wp-content\/uploads\/2019\/07\/TRCJS-1014.jpg\" alt=\"\" srcset=\"https:\/\/www.trplaygrounds.com\/wp-content\/uploads\/2019\/07\/TRCJS-1014.jpg 700w, https:\/\/www.trplaygrounds.com\/wp-content\/uploads\/2019\/07\/TRCJS-1014-300x214.jpg 300w, https:\/\/www.trplaygrounds.com\/wp-content\/uploads\/2019\/07\/TRCJS-1014-600x429.jpg 600w\" sizes=\"auto, (max-width: 700px) 100vw, 700px\" \/>\n          <\/div>\n        <\/div>\n      <\/div>\n    <\/div>\n<div class=\"wpb_text_column wpb_content_element  wpb_animate_when_almost_visible wpb_bounceIn bounceIn\" >\n\t<div class=\"wpb_wrapper\">\n\t\t<h3 style=\"text-align: center;\"><span style=\"color: #ff9900;\">TRCJS 1014<\/span><\/h3>\n<div class=\"wpb_column vc_column_container vc_col-sm-6 vc_hidden-md vc_hidden-sm vc_hidden-xs\">\n<div class=\"vc_column-inner vc_custom_1496499873931\">\n<div class=\"wpb_wrapper\">\n<div class=\"wpb_text_column wpb_content_element vc_custom_1497309615588\">\n<div class=\"wpb_wrapper\">\n<p style=\"text-align: left;\">Kullan\u0131c\u0131 Kapasitesi : 63 K\u0130\u015e\u0130<br \/>\n\u00dcr\u00fcn \u00d6l\u00e7\u00fcs\u00fc : 15.0 x 7.0 m<br \/>\nG\u00fcvenli Kullan\u0131m Alan\u0131 : 18.0 x 10.0 m<br \/>\nEn Y\u00fcksek Nokta : 3.5 m<br \/>\nD\u00fc\u015fme Y\u00fcksekli\u011fi : 1.5 m<br \/>\nYa\u015f Grubu : 5+<\/p>\n<\/div>\n<\/div>\n<\/div>\n<\/div>\n<\/div>\n<div class=\"wpb_column vc_column_container vc_col-sm-6 vc_hidden-md vc_hidden-sm vc_hidden-xs\">\n<div class=\"vc_column-inner vc_custom_1496499890182\">\n<div class=\"wpb_wrapper\">\n<div class=\"wpb_text_column wpb_content_element vc_custom_1497309644313\">\n<div class=\"wpb_wrapper\"><\/div>\n<\/div>\n<\/div>\n<\/div>\n<\/div>\n\t<\/div>\n<\/div>\n\n\n\n\n\t\t\t<\/div> \n\t\t<\/div>\n\t<\/div> \n<\/div><\/div>\n\t\t<div id=\"fws_69dfc8a371ef3\"  data-column-margin=\"default\" data-midnight=\"dark\"  class=\"wpb_row vc_row-fluid vc_row\"  style=\"padding-top: 0px; padding-bottom: 0px; \"><div class=\"row-bg-wrap\" data-bg-animation=\"none\" data-bg-animation-delay=\"\" data-bg-overlay=\"false\"><div class=\"inner-wrap row-bg-layer\" ><div class=\"row-bg viewport-desktop\"  style=\"\"><\/div><\/div><\/div><div class=\"row_col_wrap_12 col span_12 dark left\">\n\t<div  class=\"vc_col-sm-6 wpb_column column_container vc_column_container col no-extra-padding\"  data-padding-pos=\"all\" data-has-bg-color=\"false\" data-bg-color=\"\" data-bg-opacity=\"1\" data-animation=\"\" data-delay=\"0\" >\n\t\t<div class=\"vc_column-inner\" >\n\t\t\t<div class=\"wpb_wrapper\">\n\t\t\t\t<div class=\"img-with-aniamtion-wrap \" data-max-width=\"100%\" data-max-width-mobile=\"100%\" data-shadow=\"none\" data-animation=\"fade-in\" >\n      <div class=\"inner\">\n        <div class=\"hover-wrap\"> \n          <div class=\"hover-wrap-inner\">\n            <img loading=\"lazy\" decoding=\"async\" class=\"img-with-animation skip-lazy \" data-delay=\"20\" height=\"500\" width=\"700\" data-animation=\"fade-in\" src=\"https:\/\/www.trplaygrounds.com\/wp-content\/uploads\/2019\/07\/TRCJS-1017.jpg\" alt=\"\" srcset=\"https:\/\/www.trplaygrounds.com\/wp-content\/uploads\/2019\/07\/TRCJS-1017.jpg 700w, https:\/\/www.trplaygrounds.com\/wp-content\/uploads\/2019\/07\/TRCJS-1017-300x214.jpg 300w, https:\/\/www.trplaygrounds.com\/wp-content\/uploads\/2019\/07\/TRCJS-1017-600x429.jpg 600w\" sizes=\"auto, (max-width: 700px) 100vw, 700px\" \/>\n          <\/div>\n        <\/div>\n      <\/div>\n    <\/div>\n<div class=\"wpb_text_column wpb_content_element  wpb_animate_when_almost_visible wpb_bounceIn bounceIn\" >\n\t<div class=\"wpb_wrapper\">\n\t\t<h3 style=\"text-align: center;\"><span style=\"color: #ff9900;\">TRCJS 1017<\/span><\/h3>\n<div class=\"wpb_column vc_column_container vc_col-sm-6 vc_hidden-md vc_hidden-sm vc_hidden-xs\">\n<div class=\"vc_column-inner vc_custom_1496499873931\">\n<div class=\"wpb_wrapper\">\n<div class=\"wpb_text_column wpb_content_element vc_custom_1497309615588\">\n<div class=\"wpb_wrapper\">\n<p style=\"text-align: left;\">Kullan\u0131c\u0131 Kapasitesi : 64 K\u0130\u015e\u0130<br \/>\n\u00dcr\u00fcn \u00d6l\u00e7\u00fcs\u00fc : 15.0 x 13.0 m<br \/>\nG\u00fcvenli Kullan\u0131m Alan\u0131 : 18.0 x 16.0 m<br \/>\nEn Y\u00fcksek Nokta : 5.0 m<br \/>\nD\u00fc\u015fme Y\u00fcksekli\u011fi : 3.0 m<br \/>\nYa\u015f Grubu : 7+<\/p>\n<\/div>\n<\/div>\n<\/div>\n<\/div>\n<\/div>\n<div class=\"wpb_column vc_column_container vc_col-sm-6 vc_hidden-md vc_hidden-sm vc_hidden-xs\">\n<div class=\"vc_column-inner vc_custom_1496499890182\">\n<div class=\"wpb_wrapper\">\n<div class=\"wpb_text_column wpb_content_element vc_custom_1497309644313\">\n<div class=\"wpb_wrapper\"><\/div>\n<\/div>\n<\/div>\n<\/div>\n<\/div>\n\t<\/div>\n<\/div>\n\n\n\n\n\t\t\t<\/div> \n\t\t<\/div>\n\t<\/div> \n\n\t<div  class=\"vc_col-sm-6 wpb_column column_container vc_column_container col no-extra-padding\"  data-padding-pos=\"all\" data-has-bg-color=\"false\" data-bg-color=\"\" data-bg-opacity=\"1\" data-animation=\"\" data-delay=\"0\" >\n\t\t<div class=\"vc_column-inner\" >\n\t\t\t<div class=\"wpb_wrapper\">\n\t\t\t\t<div class=\"img-with-aniamtion-wrap \" data-max-width=\"100%\" data-max-width-mobile=\"100%\" data-shadow=\"none\" data-animation=\"fade-in\" >\n      <div class=\"inner\">\n        <div class=\"hover-wrap\"> \n          <div class=\"hover-wrap-inner\">\n            <img loading=\"lazy\" decoding=\"async\" class=\"img-with-animation skip-lazy \" data-delay=\"20\" height=\"500\" width=\"700\" data-animation=\"fade-in\" src=\"https:\/\/www.trplaygrounds.com\/wp-content\/uploads\/2019\/07\/TRCJS-1018.jpg\" alt=\"\" srcset=\"https:\/\/www.trplaygrounds.com\/wp-content\/uploads\/2019\/07\/TRCJS-1018.jpg 700w, https:\/\/www.trplaygrounds.com\/wp-content\/uploads\/2019\/07\/TRCJS-1018-300x214.jpg 300w, https:\/\/www.trplaygrounds.com\/wp-content\/uploads\/2019\/07\/TRCJS-1018-600x429.jpg 600w\" sizes=\"auto, (max-width: 700px) 100vw, 700px\" \/>\n          <\/div>\n        <\/div>\n      <\/div>\n    <\/div>\n<div class=\"wpb_text_column wpb_content_element  wpb_animate_when_almost_visible wpb_bounceIn bounceIn\" >\n\t<div class=\"wpb_wrapper\">\n\t\t<h3 style=\"text-align: center;\"><span style=\"color: #ff9900;\">TRCJS 1018<\/span><\/h3>\n<div class=\"wpb_column vc_column_container vc_col-sm-6 vc_hidden-md vc_hidden-sm vc_hidden-xs\">\n<div class=\"vc_column-inner vc_custom_1496499873931\">\n<div class=\"wpb_wrapper\">\n<div class=\"wpb_text_column wpb_content_element vc_custom_1497309615588\">\n<div class=\"wpb_wrapper\">\n<p style=\"text-align: left;\">Kullan\u0131c\u0131 Kapasitesi : 51 K\u0130\u015e\u0130<br \/>\n\u00dcr\u00fcn \u00d6l\u00e7\u00fcs\u00fc : 10.0 x 15.0 m<br \/>\nG\u00fcvenli Kullan\u0131m Alan\u0131 : 14.0 x 19.0 m<br \/>\nEn Y\u00fcksek Nokta : 5.0 m<br \/>\nD\u00fc\u015fme Y\u00fcksekli\u011fi : 3.0 m<br \/>\nYa\u015f Grubu : 7+<\/p>\n<\/div>\n<\/div>\n<\/div>\n<\/div>\n<\/div>\n<div class=\"wpb_column vc_column_container vc_col-sm-6 vc_hidden-md vc_hidden-sm vc_hidden-xs\">\n<div class=\"vc_column-inner vc_custom_1496499890182\">\n<div class=\"wpb_wrapper\">\n<div class=\"wpb_text_column wpb_content_element vc_custom_1497309644313\">\n<div class=\"wpb_wrapper\"><\/div>\n<\/div>\n<\/div>\n<\/div>\n<\/div>\n\t<\/div>\n<\/div>\n\n\n\n\n\t\t\t<\/div> \n\t\t<\/div>\n\t<\/div> \n<\/div><\/div>\n","protected":false},"excerpt":{"rendered":"Jungle Oyun Gruplar\u0131 TRCJS 1005 Kullan\u0131c\u0131 Kapasitesi : 18 K\u0130\u015e\u0130 \u00dcr\u00fcn \u00d6l\u00e7\u00fcs\u00fc : 5.0 x 7.0 m G\u00fcvenli Kullan\u0131m Alan\u0131 : 8.0 x 10.0 m En Y\u00fcksek Nokta : 3.0...","protected":false},"author":1,"featured_media":0,"parent":0,"menu_order":0,"comment_status":"closed","ping_status":"closed","template":"","meta":{"footnotes":""},"class_list":["post-1246","page","type-page","status-publish"],"_links":{"self":[{"href":"https:\/\/www.trplaygrounds.com\/tr_TR\/wp-json\/wp\/v2\/pages\/1246","targetHints":{"allow":["GET"]}}],"collection":[{"href":"https:\/\/www.trplaygrounds.com\/tr_TR\/wp-json\/wp\/v2\/pages"}],"about":[{"href":"https:\/\/www.trplaygrounds.com\/tr_TR\/wp-json\/wp\/v2\/types\/page"}],"author":[{"embeddable":true,"href":"https:\/\/www.trplaygrounds.com\/tr_TR\/wp-json\/wp\/v2\/users\/1"}],"replies":[{"embeddable":true,"href":"https:\/\/www.trplaygrounds.com\/tr_TR\/wp-json\/wp\/v2\/comments?post=1246"}],"version-history":[{"count":4,"href":"https:\/\/www.trplaygrounds.com\/tr_TR\/wp-json\/wp\/v2\/pages\/1246\/revisions"}],"predecessor-version":[{"id":1911,"href":"https:\/\/www.trplaygrounds.com\/tr_TR\/wp-json\/wp\/v2\/pages\/1246\/revisions\/1911"}],"wp:attachment":[{"href":"https:\/\/www.trplaygrounds.com\/tr_TR\/wp-json\/wp\/v2\/media?parent=1246"}],"curies":[{"name":"wp","href":"https:\/\/api.w.org\/{rel}","templated":true}]}}