{"id":1187,"date":"2019-04-20T01:21:05","date_gmt":"2019-04-19T22:21:05","guid":{"rendered":"http:\/\/www.trplaygrounds.com\/?page_id=1187"},"modified":"2019-04-22T13:23:16","modified_gmt":"2019-04-22T10:23:16","slug":"misyonumuz","status":"publish","type":"page","link":"https:\/\/www.trplaygrounds.com\/tr_TR\/misyonumuz\/","title":{"rendered":"Misyonumuz"},"content":{"rendered":"\n\t\t<div id=\"fws_69dfc8fd7e4a3\"  data-column-margin=\"default\" data-midnight=\"dark\"  class=\"wpb_row vc_row-fluid vc_row\"  style=\"padding-top: 0px; padding-bottom: 0px; \"><div class=\"row-bg-wrap\" data-bg-animation=\"none\" data-bg-animation-delay=\"\" data-bg-overlay=\"false\"><div class=\"inner-wrap row-bg-layer\" ><div class=\"row-bg viewport-desktop\"  style=\"\"><\/div><\/div><\/div><div class=\"row_col_wrap_12 col span_12 dark left\">\n\t<div  class=\"vc_col-sm-6 wpb_column column_container vc_column_container col no-extra-padding\"  data-padding-pos=\"all\" data-has-bg-color=\"false\" data-bg-color=\"\" data-bg-opacity=\"1\" data-animation=\"\" data-delay=\"0\" >\n\t\t<div class=\"vc_column-inner\" >\n\t\t\t<div class=\"wpb_wrapper\">\n\t\t\t\t\n<div class=\"wpb_text_column wpb_content_element  wpb_animate_when_almost_visible wpb_fadeInUp fadeInUp\" >\n\t<div class=\"wpb_wrapper\">\n\t\t<h3>M\u0130SYONUMUZ;<\/h3>\n<p>Hizmet sekt\u00f6r\u00fcnde faaliyet g\u00f6steren firmam\u0131zda, m\u00fc\u015fteri talep ve beklentilerini, y\u00fcksek kalite ve rekabet edilebilir maliyet ko\u015fullar\u0131n\u0131 tesis ederek, yasal ve mevzuat \u015fartlar\u0131 do\u011frultusunda, tam zaman\u0131nda ve do\u011fru olarak kar\u015f\u0131layarak m\u00fc\u015fteri memnuniyetini daima \u00f6n planda tutmak;<\/p>\n<p>M\u00fc\u015fteri memnuniyetinin ancak ekip \u00e7al\u0131\u015fmas\u0131 ile elde edilece\u011fine y\u00fcrekten inanarak, bizimle ayn\u0131 de\u011ferlere \u00f6nem veren ve tecr\u00fcbelerimizden faydalanmak isteyen kurulu\u015f ve \u015fah\u0131slar\u0131n ihtiya\u00e7lar\u0131n\u0131 en k\u0131sa s\u00fcrede gidermek;<\/p>\n<p>M\u00fc\u015fterilerimizin ve nihai kullan\u0131c\u0131lar\u0131n g\u00fcn\u00fcm\u00fcz ko\u015fullar\u0131na g\u00f6re de\u011fi\u015fen ihtiya\u00e7lar\u0131na profesyonel \u00e7\u00f6z\u00fcmler sunarak m\u00fc\u015fterilerimizin mekanlar\u0131na de\u011fer ve farkl\u0131l\u0131k katan g\u00fcvenli kaliteli ve estetik \u00fcr\u00fcnler tasarlay\u0131p \u00fcretmektir.<\/p>\n<h4 style=\"text-align: right;\"><\/h4>\n\t<\/div>\n<\/div>\n\n\n\n\n\t\t\t<\/div> \n\t\t<\/div>\n\t<\/div> \n\n\t<div  class=\"vc_col-sm-6 wpb_column column_container vc_column_container col no-extra-padding\"  data-padding-pos=\"all\" data-has-bg-color=\"false\" data-bg-color=\"\" data-bg-opacity=\"1\" data-animation=\"\" data-delay=\"0\" >\n\t\t<div class=\"vc_column-inner\" >\n\t\t\t<div class=\"wpb_wrapper\">\n\t\t\t\t<div class=\"img-with-aniamtion-wrap center\" data-max-width=\"50%\" data-max-width-mobile=\"100%\" data-shadow=\"none\" data-animation=\"grow-in\" >\n      <div class=\"inner\">\n        <div class=\"hover-wrap\"> \n          <div class=\"hover-wrap-inner\">\n            <img loading=\"lazy\" decoding=\"async\" class=\"img-with-animation skip-lazy \" data-delay=\"50\" height=\"986\" width=\"450\" data-animation=\"grow-in\" src=\"https:\/\/www.trplaygrounds.com\/wp-content\/uploads\/2019\/04\/misyon.jpg\" alt=\"\" srcset=\"https:\/\/www.trplaygrounds.com\/wp-content\/uploads\/2019\/04\/misyon.jpg 450w, https:\/\/www.trplaygrounds.com\/wp-content\/uploads\/2019\/04\/misyon-137x300.jpg 137w\" sizes=\"auto, (max-width: 450px) 100vw, 450px\" \/>\n          <\/div>\n        <\/div>\n      <\/div>\n    <\/div>\n\t\t\t<\/div> \n\t\t<\/div>\n\t<\/div> \n<\/div><\/div>\n","protected":false},"excerpt":{"rendered":"M\u0130SYONUMUZ; Hizmet sekt\u00f6r\u00fcnde faaliyet g\u00f6steren firmam\u0131zda, m\u00fc\u015fteri talep ve beklentilerini, y\u00fcksek kalite ve rekabet edilebilir maliyet ko\u015fullar\u0131n\u0131 tesis ederek, yasal ve mevzuat \u015fartlar\u0131 do\u011frultusunda, tam zaman\u0131nda ve do\u011fru olarak kar\u015f\u0131layarak...","protected":false},"author":1,"featured_media":0,"parent":0,"menu_order":0,"comment_status":"closed","ping_status":"closed","template":"","meta":{"footnotes":""},"class_list":["post-1187","page","type-page","status-publish"],"_links":{"self":[{"href":"https:\/\/www.trplaygrounds.com\/tr_TR\/wp-json\/wp\/v2\/pages\/1187","targetHints":{"allow":["GET"]}}],"collection":[{"href":"https:\/\/www.trplaygrounds.com\/tr_TR\/wp-json\/wp\/v2\/pages"}],"about":[{"href":"https:\/\/www.trplaygrounds.com\/tr_TR\/wp-json\/wp\/v2\/types\/page"}],"author":[{"embeddable":true,"href":"https:\/\/www.trplaygrounds.com\/tr_TR\/wp-json\/wp\/v2\/users\/1"}],"replies":[{"embeddable":true,"href":"https:\/\/www.trplaygrounds.com\/tr_TR\/wp-json\/wp\/v2\/comments?post=1187"}],"version-history":[{"count":5,"href":"https:\/\/www.trplaygrounds.com\/tr_TR\/wp-json\/wp\/v2\/pages\/1187\/revisions"}],"predecessor-version":[{"id":1225,"href":"https:\/\/www.trplaygrounds.com\/tr_TR\/wp-json\/wp\/v2\/pages\/1187\/revisions\/1225"}],"wp:attachment":[{"href":"https:\/\/www.trplaygrounds.com\/tr_TR\/wp-json\/wp\/v2\/media?parent=1187"}],"curies":[{"name":"wp","href":"https:\/\/api.w.org\/{rel}","templated":true}]}}