{"id":1185,"date":"2019-04-20T01:20:52","date_gmt":"2019-04-19T22:20:52","guid":{"rendered":"http:\/\/www.trplaygrounds.com\/?page_id=1185"},"modified":"2019-04-22T13:16:06","modified_gmt":"2019-04-22T10:16:06","slug":"hakkimizda","status":"publish","type":"page","link":"https:\/\/www.trplaygrounds.com\/tr_TR\/hakkimizda\/","title":{"rendered":"Hakk\u0131m\u0131zda"},"content":{"rendered":"\n\t\t<div id=\"fws_69e4fe1dcd76b\"  data-column-margin=\"default\" data-midnight=\"dark\"  class=\"wpb_row vc_row-fluid vc_row\"  style=\"padding-top: 0px; padding-bottom: 0px; \"><div class=\"row-bg-wrap\" data-bg-animation=\"none\" data-bg-animation-delay=\"\" data-bg-overlay=\"false\"><div class=\"inner-wrap row-bg-layer\" ><div class=\"row-bg viewport-desktop\"  style=\"\"><\/div><\/div><\/div><div class=\"row_col_wrap_12 col span_12 dark left\">\n\t<div  class=\"vc_col-sm-6 wpb_column column_container vc_column_container col no-extra-padding\"  data-padding-pos=\"all\" data-has-bg-color=\"false\" data-bg-color=\"\" data-bg-opacity=\"1\" data-animation=\"\" data-delay=\"0\" >\n\t\t<div class=\"vc_column-inner\" >\n\t\t\t<div class=\"wpb_wrapper\">\n\t\t\t\t\n<div class=\"wpb_text_column wpb_content_element  wpb_animate_when_almost_visible wpb_fadeInUp fadeInUp\" >\n\t<div class=\"wpb_wrapper\">\n\t\t<h3>HAKKIMIZDA;<\/h3>\n<p>AYER Peyzaj TR PLAYGROUNDS markas\u0131yla yurt i\u00e7inde sekt\u00f6rde en \u00f6nde gelen POLF\u0130SAN ve CEMER markalar\u0131n\u0131n bayisi olup yurt d\u0131\u015f\u0131ndan bir\u00e7ok firman\u0131n distrib\u00fct\u00f6r\u00fcd\u00fcr.<\/p>\n<p>TR PLAYGROUNDS uzun y\u0131llar\u0131n deneyimiyle \u015fehir hayat\u0131n\u0131n geli\u015fen ve de\u011fi\u015fen ihtiya\u00e7lar\u0131n\u0131 g\u00fcn\u00fcm\u00fcz teknolojisi ile yorumlayarak, park ve kent alanlar\u0131na yenilik\u00e7i, fonksiyonel, ekonomik, standartlara uygun ve sa\u011flam \u00fcr\u00fcnleri de kendi b\u00fcnyesindeki ARGE ekibiyle tasarlayarak kullan\u0131c\u0131lar\u0131na sunmaktad\u0131r. Tasar\u0131m\u0131n ve sipari\u015fin ilk a\u015famas\u0131ndan itibaren m\u00fc\u015fteri memnuniyetini en \u00f6nde tutarak istenen kalite ve standartlarda teslimat yapabilmek i\u00e7in \u00fcretim, sevkiyat ve montaj\u0131n her a\u015famas\u0131n\u0131 kontrol alt\u0131nda tutan TR PLAYGROUNDS \u00e7evreye duyarl\u0131, uluslararas\u0131 standartlarda, t\u00fcm yasal \u015fartlara ve mevzuatlara uygun hareket etmektedir.<\/p>\n<p>TR PLAYGROUNDS payda\u015flar\u0131n\u0131n ihtiya\u00e7 ve beklentilerini dikkate alarak, kalite, \u00e7evre, sa\u011fl\u0131k ve g\u00fcvenlik hedefleri belirleyerek, \u00e7al\u0131\u015fanlar\u0131n\u0131 ve tedarik\u00e7ilerini t\u00fcm bu \u00e7al\u0131\u015fmalara dahil etmektedir. TR PLAYGROUNDS \u00dcr\u00fcn gam\u0131nda Su Oyun Parklar\u0131, Ah\u015fap \u00c7ocuk Oyun Gruplar\u0131, Metal-Plastik Oyun Gruplar\u0131, Temal\u0131 Park ve Oyun Alanlar\u0131, Oyun Ekipmanlar\u0131, Macera Parklar\u0131, Engelsiz Park Ekipmanlar\u0131, A\u00e7\u0131k Hava Spor (Fitness) Aletleri,Kent Mobilyalar\u0131 (Kameriyeler, Pergolalar, Banklar, Piknik Masalar\u0131, \u00c7\u00f6p Sepetleri, Geri D\u00f6n\u00fc\u015f\u00fcm \u00dcniteler, A\u011fa\u00e7 Koruma Ekipmanlar\u0131, \u00c7it ve Bariyerler), Spor Alanlar\u0131 Ekipmanlar\u0131 (Pota, Kale, Voleybol, Tenis), Zemin (Kau\u00e7uk, Sentetik \u00c7im Hal\u0131, Akrilik, EPDM) ve Cephe Kaplama Malzemeleri, Ah\u015fap Plastik Kompozit \u00fcr\u00fcnler bulunmaktad\u0131r.<\/p>\n<h4 style=\"text-align: right;\">Ayhan ERO\u011eLU<br \/>\nPeyzaj Mimar\u0131<\/h4>\n\t<\/div>\n<\/div>\n\n\n\n\n\t\t\t<\/div> \n\t\t<\/div>\n\t<\/div> \n\n\t<div  class=\"vc_col-sm-6 wpb_column column_container vc_column_container col no-extra-padding\"  data-padding-pos=\"all\" data-has-bg-color=\"false\" data-bg-color=\"\" data-bg-opacity=\"1\" data-animation=\"\" data-delay=\"0\" >\n\t\t<div class=\"vc_column-inner\" >\n\t\t\t<div class=\"wpb_wrapper\">\n\t\t\t\t<div class=\"img-with-aniamtion-wrap center\" data-max-width=\"75%\" data-max-width-mobile=\"100%\" data-shadow=\"none\" data-animation=\"grow-in\" >\n      <div class=\"inner\">\n        <div class=\"hover-wrap\"> \n          <div class=\"hover-wrap-inner\">\n            <img loading=\"lazy\" decoding=\"async\" class=\"img-with-animation skip-lazy \" data-delay=\"50\" height=\"1417\" width=\"958\" data-animation=\"grow-in\" src=\"https:\/\/www.trplaygrounds.com\/wp-content\/uploads\/2019\/04\/hakkimizda.jpg\" alt=\"\" srcset=\"https:\/\/www.trplaygrounds.com\/wp-content\/uploads\/2019\/04\/hakkimizda.jpg 958w, https:\/\/www.trplaygrounds.com\/wp-content\/uploads\/2019\/04\/hakkimizda-203x300.jpg 203w, https:\/\/www.trplaygrounds.com\/wp-content\/uploads\/2019\/04\/hakkimizda-768x1136.jpg 768w, https:\/\/www.trplaygrounds.com\/wp-content\/uploads\/2019\/04\/hakkimizda-692x1024.jpg 692w, https:\/\/www.trplaygrounds.com\/wp-content\/uploads\/2019\/04\/hakkimizda-600x887.jpg 600w\" sizes=\"auto, (max-width: 958px) 100vw, 958px\" \/>\n          <\/div>\n        <\/div>\n      <\/div>\n    <\/div>\n\t\t\t<\/div> \n\t\t<\/div>\n\t<\/div> \n<\/div><\/div>\n","protected":false},"excerpt":{"rendered":"HAKKIMIZDA; AYER Peyzaj TR PLAYGROUNDS markas\u0131yla yurt i\u00e7inde sekt\u00f6rde en \u00f6nde gelen POLF\u0130SAN ve CEMER markalar\u0131n\u0131n bayisi olup yurt d\u0131\u015f\u0131ndan bir\u00e7ok firman\u0131n distrib\u00fct\u00f6r\u00fcd\u00fcr. TR PLAYGROUNDS uzun y\u0131llar\u0131n deneyimiyle \u015fehir hayat\u0131n\u0131n...","protected":false},"author":1,"featured_media":0,"parent":0,"menu_order":0,"comment_status":"closed","ping_status":"closed","template":"","meta":{"footnotes":""},"class_list":["post-1185","page","type-page","status-publish"],"_links":{"self":[{"href":"https:\/\/www.trplaygrounds.com\/tr_TR\/wp-json\/wp\/v2\/pages\/1185","targetHints":{"allow":["GET"]}}],"collection":[{"href":"https:\/\/www.trplaygrounds.com\/tr_TR\/wp-json\/wp\/v2\/pages"}],"about":[{"href":"https:\/\/www.trplaygrounds.com\/tr_TR\/wp-json\/wp\/v2\/types\/page"}],"author":[{"embeddable":true,"href":"https:\/\/www.trplaygrounds.com\/tr_TR\/wp-json\/wp\/v2\/users\/1"}],"replies":[{"embeddable":true,"href":"https:\/\/www.trplaygrounds.com\/tr_TR\/wp-json\/wp\/v2\/comments?post=1185"}],"version-history":[{"count":15,"href":"https:\/\/www.trplaygrounds.com\/tr_TR\/wp-json\/wp\/v2\/pages\/1185\/revisions"}],"predecessor-version":[{"id":1216,"href":"https:\/\/www.trplaygrounds.com\/tr_TR\/wp-json\/wp\/v2\/pages\/1185\/revisions\/1216"}],"wp:attachment":[{"href":"https:\/\/www.trplaygrounds.com\/tr_TR\/wp-json\/wp\/v2\/media?parent=1185"}],"curies":[{"name":"wp","href":"https:\/\/api.w.org\/{rel}","templated":true}]}}