{"id":1027,"date":"2019-04-19T21:58:36","date_gmt":"2019-04-19T18:58:36","guid":{"rendered":"http:\/\/www.trplaygrounds.com\/?page_id=1027"},"modified":"2019-05-01T14:33:29","modified_gmt":"2019-05-01T11:33:29","slug":"urunlerimiz","status":"publish","type":"page","link":"https:\/\/www.trplaygrounds.com\/tr_TR\/urunlerimiz\/","title":{"rendered":"\u00dcr\u00fcnlerimiz"},"content":{"rendered":"\n\t\t<div id=\"fws_69dfc9307d657\"  data-column-margin=\"default\" data-midnight=\"dark\"  class=\"wpb_row vc_row-fluid vc_row\"  style=\"padding-top: 0px; padding-bottom: 0px; \"><div class=\"row-bg-wrap\" data-bg-animation=\"none\" data-bg-animation-delay=\"\" data-bg-overlay=\"false\"><div class=\"inner-wrap row-bg-layer\" ><div class=\"row-bg viewport-desktop\"  style=\"\"><\/div><\/div><\/div><div class=\"row_col_wrap_12 col span_12 dark left\">\n\t<div  class=\"vc_col-sm-12 wpb_column column_container vc_column_container col no-extra-padding\"  data-padding-pos=\"all\" data-has-bg-color=\"false\" data-bg-color=\"\" data-bg-opacity=\"1\" data-animation=\"\" data-delay=\"0\" >\n\t\t<div class=\"vc_column-inner\" >\n\t\t\t<div class=\"wpb_wrapper\">\n\t\t\t\t<div class=\"divider-wrap\" data-alignment=\"center\"><div style=\"margin-top: 7.5px; width: 20%px; height: 5px; margin-bottom: 7.5px;\" data-width=\"20%\" data-animate=\"yes\" data-animation-delay=\"10\" data-color=\"accent-color\" class=\"divider-small-border\"><\/div><\/div>\n\t\t\t<\/div> \n\t\t<\/div>\n\t<\/div> \n<\/div><\/div>\n\t\t<div id=\"fws_69dfc9307e64f\"  data-column-margin=\"default\" data-midnight=\"dark\"  class=\"wpb_row vc_row-fluid vc_row\"  style=\"padding-top: 0px; padding-bottom: 0px; \"><div class=\"row-bg-wrap\" data-bg-animation=\"none\" data-bg-animation-delay=\"\" data-bg-overlay=\"false\"><div class=\"inner-wrap row-bg-layer\" ><div class=\"row-bg viewport-desktop\"  style=\"\"><\/div><\/div><\/div><div class=\"row_col_wrap_12 col span_12 dark left\">\n\t<div  class=\"vc_col-sm-3 wpb_column column_container vc_column_container col no-extra-padding\"  data-padding-pos=\"all\" data-has-bg-color=\"false\" data-bg-color=\"\" data-bg-opacity=\"1\" data-animation=\"\" data-delay=\"0\" >\n\t\t<div class=\"vc_column-inner\" >\n\t\t\t<div class=\"wpb_wrapper\">\n\t\t\t\t<div class=\"img-with-aniamtion-wrap center\" data-max-width=\"100%\" data-max-width-mobile=\"100%\" data-shadow=\"none\" data-animation=\"fade-in\" >\n      <div class=\"inner\">\n        <div class=\"hover-wrap\"> \n          <div class=\"hover-wrap-inner\">\n            <a href=\"http:\/\/www.trplaygrounds.com\/su-oyun-parklari\/\" target=\"_self\" class=\"center\">\n              <img loading=\"lazy\" decoding=\"async\" class=\"img-with-animation skip-lazy \" data-delay=\"5\" height=\"410\" width=\"609\" data-animation=\"fade-in\" src=\"https:\/\/www.trplaygrounds.com\/wp-content\/uploads\/2019\/04\/tr1-1.jpg\" alt=\"\" srcset=\"https:\/\/www.trplaygrounds.com\/wp-content\/uploads\/2019\/04\/tr1-1.jpg 609w, https:\/\/www.trplaygrounds.com\/wp-content\/uploads\/2019\/04\/tr1-1-300x202.jpg 300w, https:\/\/www.trplaygrounds.com\/wp-content\/uploads\/2019\/04\/tr1-1-600x404.jpg 600w, https:\/\/www.trplaygrounds.com\/wp-content\/uploads\/2019\/04\/tr1-1-400x269.jpg 400w\" sizes=\"auto, (max-width: 609px) 100vw, 609px\" \/>\n            <\/a>\n          <\/div>\n        <\/div>\n      <\/div>\n      <\/div>\n<div class=\"wpb_text_column wpb_content_element \" >\n\t<div class=\"wpb_wrapper\">\n\t\t<h3 style=\"text-align: center;\"><strong>Su Oyun Parklar\u0131<br \/>\n<span style=\"color: #ffffff;\">.<\/span><\/strong><\/h3>\n\t<\/div>\n<\/div>\n\n\n\n<div class=\"img-with-aniamtion-wrap center\" data-max-width=\"100%\" data-max-width-mobile=\"100%\" data-shadow=\"none\" data-animation=\"fade-in\" >\n      <div class=\"inner\">\n        <div class=\"hover-wrap\"> \n          <div class=\"hover-wrap-inner\">\n            <a href=\"http:\/\/www.trplaygrounds.com\/ahsap-oyun-gruplari-ve-ekipmanlari\/\" target=\"_self\" class=\"center\">\n              <img loading=\"lazy\" decoding=\"async\" class=\"img-with-animation skip-lazy \" data-delay=\"10\" height=\"410\" width=\"609\" data-animation=\"fade-in\" src=\"https:\/\/www.trplaygrounds.com\/wp-content\/uploads\/2019\/04\/tr5-1.jpg\" alt=\"\" srcset=\"https:\/\/www.trplaygrounds.com\/wp-content\/uploads\/2019\/04\/tr5-1.jpg 609w, https:\/\/www.trplaygrounds.com\/wp-content\/uploads\/2019\/04\/tr5-1-300x202.jpg 300w, https:\/\/www.trplaygrounds.com\/wp-content\/uploads\/2019\/04\/tr5-1-600x404.jpg 600w, https:\/\/www.trplaygrounds.com\/wp-content\/uploads\/2019\/04\/tr5-1-400x269.jpg 400w\" sizes=\"auto, (max-width: 609px) 100vw, 609px\" \/>\n            <\/a>\n          <\/div>\n        <\/div>\n      <\/div>\n      <\/div>\n<div class=\"wpb_text_column wpb_content_element \" >\n\t<div class=\"wpb_wrapper\">\n\t\t<h3 style=\"text-align: center;\"><strong>Ah\u015fap Oyun Gruplar\u0131 ve Ekipmanlar\u0131<\/strong><\/h3>\n\t<\/div>\n<\/div>\n\n\n\n<div class=\"img-with-aniamtion-wrap center\" data-max-width=\"100%\" data-max-width-mobile=\"100%\" data-shadow=\"none\" data-animation=\"fade-in\" >\n      <div class=\"inner\">\n        <div class=\"hover-wrap\"> \n          <div class=\"hover-wrap-inner\">\n            <a href=\"http:\/\/www.trplaygrounds.com\/adrenalin-oyun-uniteleri\/\" target=\"_self\" class=\"center\">\n              <img loading=\"lazy\" decoding=\"async\" class=\"img-with-animation skip-lazy \" data-delay=\"15\" height=\"410\" width=\"609\" data-animation=\"fade-in\" src=\"https:\/\/www.trplaygrounds.com\/wp-content\/uploads\/2019\/04\/tr9-1.jpg\" alt=\"\" srcset=\"https:\/\/www.trplaygrounds.com\/wp-content\/uploads\/2019\/04\/tr9-1.jpg 609w, https:\/\/www.trplaygrounds.com\/wp-content\/uploads\/2019\/04\/tr9-1-300x202.jpg 300w, https:\/\/www.trplaygrounds.com\/wp-content\/uploads\/2019\/04\/tr9-1-600x404.jpg 600w, https:\/\/www.trplaygrounds.com\/wp-content\/uploads\/2019\/04\/tr9-1-400x269.jpg 400w\" sizes=\"auto, (max-width: 609px) 100vw, 609px\" \/>\n            <\/a>\n          <\/div>\n        <\/div>\n      <\/div>\n      <\/div>\n<div class=\"wpb_text_column wpb_content_element \" >\n\t<div class=\"wpb_wrapper\">\n\t\t<h3 style=\"text-align: center;\"><strong>Adrenalin Oyun \u00dcniteleri<\/strong><\/h3>\n\t<\/div>\n<\/div>\n\n\n\n\n\t\t\t<\/div> \n\t\t<\/div>\n\t<\/div> \n\n\t<div  class=\"vc_col-sm-3 wpb_column column_container vc_column_container col no-extra-padding\"  data-padding-pos=\"all\" data-has-bg-color=\"false\" data-bg-color=\"\" data-bg-opacity=\"1\" data-animation=\"\" data-delay=\"0\" >\n\t\t<div class=\"vc_column-inner\" >\n\t\t\t<div class=\"wpb_wrapper\">\n\t\t\t\t<div class=\"img-with-aniamtion-wrap center\" data-max-width=\"100%\" data-max-width-mobile=\"100%\" data-shadow=\"none\" data-animation=\"fade-in\" >\n      <div class=\"inner\">\n        <div class=\"hover-wrap\"> \n          <div class=\"hover-wrap-inner\">\n            <a href=\"http:\/\/www.trplaygrounds.com\/yeni-nesil-ve-zeka-oyun-uniteleri\/\" target=\"_self\" class=\"center\">\n              <img loading=\"lazy\" decoding=\"async\" class=\"img-with-animation skip-lazy \" data-delay=\"5\" height=\"410\" width=\"609\" data-animation=\"fade-in\" src=\"https:\/\/www.trplaygrounds.com\/wp-content\/uploads\/2019\/04\/tr2-1.jpg\" alt=\"\" srcset=\"https:\/\/www.trplaygrounds.com\/wp-content\/uploads\/2019\/04\/tr2-1.jpg 609w, https:\/\/www.trplaygrounds.com\/wp-content\/uploads\/2019\/04\/tr2-1-300x202.jpg 300w, https:\/\/www.trplaygrounds.com\/wp-content\/uploads\/2019\/04\/tr2-1-600x404.jpg 600w, https:\/\/www.trplaygrounds.com\/wp-content\/uploads\/2019\/04\/tr2-1-400x269.jpg 400w\" sizes=\"auto, (max-width: 609px) 100vw, 609px\" \/>\n            <\/a>\n          <\/div>\n        <\/div>\n      <\/div>\n      <\/div>\n<div class=\"wpb_text_column wpb_content_element \" >\n\t<div class=\"wpb_wrapper\">\n\t\t<h3 style=\"text-align: center;\"><strong>Yeni Nesil ve Zeka Oyun \u00dcniteleri<\/strong><\/h3>\n\t<\/div>\n<\/div>\n\n\n\n<div class=\"img-with-aniamtion-wrap center\" data-max-width=\"100%\" data-max-width-mobile=\"100%\" data-shadow=\"none\" data-animation=\"fade-in\" >\n      <div class=\"inner\">\n        <div class=\"hover-wrap\"> \n          <div class=\"hover-wrap-inner\">\n            <a href=\"http:\/\/www.trplaygrounds.com\/aksiyon-oyun-gruplari\/\" target=\"_self\" class=\"center\">\n              <img loading=\"lazy\" decoding=\"async\" class=\"img-with-animation skip-lazy \" data-delay=\"10\" height=\"410\" width=\"609\" data-animation=\"fade-in\" src=\"https:\/\/www.trplaygrounds.com\/wp-content\/uploads\/2019\/04\/tr6-1.jpg\" alt=\"\" srcset=\"https:\/\/www.trplaygrounds.com\/wp-content\/uploads\/2019\/04\/tr6-1.jpg 609w, https:\/\/www.trplaygrounds.com\/wp-content\/uploads\/2019\/04\/tr6-1-300x202.jpg 300w, https:\/\/www.trplaygrounds.com\/wp-content\/uploads\/2019\/04\/tr6-1-600x404.jpg 600w, https:\/\/www.trplaygrounds.com\/wp-content\/uploads\/2019\/04\/tr6-1-400x269.jpg 400w\" sizes=\"auto, (max-width: 609px) 100vw, 609px\" \/>\n            <\/a>\n          <\/div>\n        <\/div>\n      <\/div>\n      <\/div>\n<div class=\"wpb_text_column wpb_content_element \" >\n\t<div class=\"wpb_wrapper\">\n\t\t<h3 style=\"text-align: center;\"><strong>Aksiyon Oyun Gruplar\u0131<br \/>\n<span style=\"color: #ffffff;\">.<\/span><\/strong><\/h3>\n\t<\/div>\n<\/div>\n\n\n\n<div class=\"img-with-aniamtion-wrap center\" data-max-width=\"100%\" data-max-width-mobile=\"100%\" data-shadow=\"none\" data-animation=\"fade-in\" >\n      <div class=\"inner\">\n        <div class=\"hover-wrap\"> \n          <div class=\"hover-wrap-inner\">\n            <a href=\"http:\/\/www.trplaygrounds.com\/bagimsiz-oyun-elemanlari\/\" target=\"_self\" class=\"center\">\n              <img loading=\"lazy\" decoding=\"async\" class=\"img-with-animation skip-lazy \" data-delay=\"15\" height=\"410\" width=\"609\" data-animation=\"fade-in\" src=\"https:\/\/www.trplaygrounds.com\/wp-content\/uploads\/2019\/04\/tr10-1.jpg\" alt=\"\" srcset=\"https:\/\/www.trplaygrounds.com\/wp-content\/uploads\/2019\/04\/tr10-1.jpg 609w, https:\/\/www.trplaygrounds.com\/wp-content\/uploads\/2019\/04\/tr10-1-300x202.jpg 300w, https:\/\/www.trplaygrounds.com\/wp-content\/uploads\/2019\/04\/tr10-1-600x404.jpg 600w, https:\/\/www.trplaygrounds.com\/wp-content\/uploads\/2019\/04\/tr10-1-400x269.jpg 400w\" sizes=\"auto, (max-width: 609px) 100vw, 609px\" \/>\n            <\/a>\n          <\/div>\n        <\/div>\n      <\/div>\n      <\/div>\n<div class=\"wpb_text_column wpb_content_element \" >\n\t<div class=\"wpb_wrapper\">\n\t\t<h3 style=\"text-align: center;\"><strong>Ba\u011f\u0131ms\u0131z Oyun Elemanlar\u0131<\/strong><\/h3>\n\t<\/div>\n<\/div>\n\n\n\n<div class=\"img-with-aniamtion-wrap center\" data-max-width=\"100%\" data-max-width-mobile=\"100%\" data-shadow=\"none\" data-animation=\"fade-in\" >\n      <div class=\"inner\">\n        <div class=\"hover-wrap\"> \n          <div class=\"hover-wrap-inner\">\n            <a href=\"http:\/\/www.trplaygrounds.com\/polyester-tema-ve-figurleri\/\" target=\"_self\" class=\"center\">\n              <img loading=\"lazy\" decoding=\"async\" class=\"img-with-animation skip-lazy \" data-delay=\"20\" height=\"410\" width=\"609\" data-animation=\"fade-in\" src=\"https:\/\/www.trplaygrounds.com\/wp-content\/uploads\/2019\/04\/tr13-1.jpg\" alt=\"\" srcset=\"https:\/\/www.trplaygrounds.com\/wp-content\/uploads\/2019\/04\/tr13-1.jpg 609w, https:\/\/www.trplaygrounds.com\/wp-content\/uploads\/2019\/04\/tr13-1-300x202.jpg 300w, https:\/\/www.trplaygrounds.com\/wp-content\/uploads\/2019\/04\/tr13-1-600x404.jpg 600w, https:\/\/www.trplaygrounds.com\/wp-content\/uploads\/2019\/04\/tr13-1-400x269.jpg 400w\" sizes=\"auto, (max-width: 609px) 100vw, 609px\" \/>\n            <\/a>\n          <\/div>\n        <\/div>\n      <\/div>\n      <\/div>\n<div class=\"wpb_text_column wpb_content_element \" >\n\t<div class=\"wpb_wrapper\">\n\t\t<h3 style=\"text-align: center;\"><strong>Polyester Tema ve Fig\u00fcrleri<\/strong><\/h3>\n\t<\/div>\n<\/div>\n\n\n\n\n\t\t\t<\/div> \n\t\t<\/div>\n\t<\/div> \n\n\t<div  class=\"vc_col-sm-3 wpb_column column_container vc_column_container col no-extra-padding\"  data-padding-pos=\"all\" data-has-bg-color=\"false\" data-bg-color=\"\" data-bg-opacity=\"1\" data-animation=\"\" data-delay=\"0\" >\n\t\t<div class=\"vc_column-inner\" >\n\t\t\t<div class=\"wpb_wrapper\">\n\t\t\t\t<div class=\"img-with-aniamtion-wrap center\" data-max-width=\"100%\" data-max-width-mobile=\"100%\" data-shadow=\"none\" data-animation=\"fade-in\" >\n      <div class=\"inner\">\n        <div class=\"hover-wrap\"> \n          <div class=\"hover-wrap-inner\">\n            <a href=\"http:\/\/www.trplaygrounds.com\/park-trambolinleri\/\" target=\"_self\" class=\"center\">\n              <img loading=\"lazy\" decoding=\"async\" class=\"img-with-animation skip-lazy \" data-delay=\"5\" height=\"410\" width=\"609\" data-animation=\"fade-in\" src=\"https:\/\/www.trplaygrounds.com\/wp-content\/uploads\/2019\/04\/tr3-1.jpg\" alt=\"\" srcset=\"https:\/\/www.trplaygrounds.com\/wp-content\/uploads\/2019\/04\/tr3-1.jpg 609w, https:\/\/www.trplaygrounds.com\/wp-content\/uploads\/2019\/04\/tr3-1-300x202.jpg 300w, https:\/\/www.trplaygrounds.com\/wp-content\/uploads\/2019\/04\/tr3-1-600x404.jpg 600w, https:\/\/www.trplaygrounds.com\/wp-content\/uploads\/2019\/04\/tr3-1-400x269.jpg 400w\" sizes=\"auto, (max-width: 609px) 100vw, 609px\" \/>\n            <\/a>\n          <\/div>\n        <\/div>\n      <\/div>\n      <\/div>\n<div class=\"wpb_text_column wpb_content_element \" >\n\t<div class=\"wpb_wrapper\">\n\t\t<h3 style=\"text-align: center;\"><strong>Park Trambolinleri<br \/>\n<span style=\"color: #ffffff;\">.<\/span><\/strong><\/h3>\n\t<\/div>\n<\/div>\n\n\n\n<div class=\"img-with-aniamtion-wrap center\" data-max-width=\"100%\" data-max-width-mobile=\"100%\" data-shadow=\"none\" data-animation=\"fade-in\" >\n      <div class=\"inner\">\n        <div class=\"hover-wrap\"> \n          <div class=\"hover-wrap-inner\">\n            <a href=\"http:\/\/www.trplaygrounds.com\/kaplama-ve-compact-oyun-uniteleri\/\" target=\"_self\" class=\"center\">\n              <img loading=\"lazy\" decoding=\"async\" class=\"img-with-animation skip-lazy \" data-delay=\"10\" height=\"410\" width=\"609\" data-animation=\"fade-in\" src=\"https:\/\/www.trplaygrounds.com\/wp-content\/uploads\/2019\/04\/tr7-1.jpg\" alt=\"\" srcset=\"https:\/\/www.trplaygrounds.com\/wp-content\/uploads\/2019\/04\/tr7-1.jpg 609w, https:\/\/www.trplaygrounds.com\/wp-content\/uploads\/2019\/04\/tr7-1-300x202.jpg 300w, https:\/\/www.trplaygrounds.com\/wp-content\/uploads\/2019\/04\/tr7-1-600x404.jpg 600w, https:\/\/www.trplaygrounds.com\/wp-content\/uploads\/2019\/04\/tr7-1-400x269.jpg 400w\" sizes=\"auto, (max-width: 609px) 100vw, 609px\" \/>\n            <\/a>\n          <\/div>\n        <\/div>\n      <\/div>\n      <\/div>\n<div class=\"wpb_text_column wpb_content_element \" >\n\t<div class=\"wpb_wrapper\">\n\t\t<h3 style=\"text-align: center;\"><strong>Kaplama ve Compact Oyun \u00dcniteleri<\/strong><\/h3>\n\t<\/div>\n<\/div>\n\n\n\n<div class=\"img-with-aniamtion-wrap center\" data-max-width=\"100%\" data-max-width-mobile=\"100%\" data-shadow=\"none\" data-animation=\"fade-in\" >\n      <div class=\"inner\">\n        <div class=\"hover-wrap\"> \n          <div class=\"hover-wrap-inner\">\n            <a href=\"http:\/\/www.trplaygrounds.com\/acik-hava-spor-ekipmanlari\/\" target=\"_self\" class=\"center\">\n              <img loading=\"lazy\" decoding=\"async\" class=\"img-with-animation skip-lazy \" data-delay=\"15\" height=\"410\" width=\"609\" data-animation=\"fade-in\" src=\"https:\/\/www.trplaygrounds.com\/wp-content\/uploads\/2019\/04\/tr11-1.jpg\" alt=\"\" srcset=\"https:\/\/www.trplaygrounds.com\/wp-content\/uploads\/2019\/04\/tr11-1.jpg 609w, https:\/\/www.trplaygrounds.com\/wp-content\/uploads\/2019\/04\/tr11-1-300x202.jpg 300w, https:\/\/www.trplaygrounds.com\/wp-content\/uploads\/2019\/04\/tr11-1-600x404.jpg 600w, https:\/\/www.trplaygrounds.com\/wp-content\/uploads\/2019\/04\/tr11-1-400x269.jpg 400w\" sizes=\"auto, (max-width: 609px) 100vw, 609px\" \/>\n            <\/a>\n          <\/div>\n        <\/div>\n      <\/div>\n      <\/div>\n<div class=\"wpb_text_column wpb_content_element \" >\n\t<div class=\"wpb_wrapper\">\n\t\t<h3 style=\"text-align: center;\"><strong>A\u00e7\u0131k Hava Spor Ekipmanlar\u0131<\/strong><\/h3>\n\t<\/div>\n<\/div>\n\n\n\n<div class=\"img-with-aniamtion-wrap center\" data-max-width=\"100%\" data-max-width-mobile=\"100%\" data-shadow=\"none\" data-animation=\"fade-in\" >\n      <div class=\"inner\">\n        <div class=\"hover-wrap\"> \n          <div class=\"hover-wrap-inner\">\n            <a href=\"http:\/\/www.trplaygrounds.com\/oyun-ve-spor-alanlar-zemin-kaplamalari\/\" target=\"_self\" class=\"center\">\n              <img loading=\"lazy\" decoding=\"async\" class=\"img-with-animation skip-lazy \" data-delay=\"20\" height=\"410\" width=\"609\" data-animation=\"fade-in\" src=\"https:\/\/www.trplaygrounds.com\/wp-content\/uploads\/2019\/04\/tr14-1.jpg\" alt=\"\" srcset=\"https:\/\/www.trplaygrounds.com\/wp-content\/uploads\/2019\/04\/tr14-1.jpg 609w, https:\/\/www.trplaygrounds.com\/wp-content\/uploads\/2019\/04\/tr14-1-300x202.jpg 300w, https:\/\/www.trplaygrounds.com\/wp-content\/uploads\/2019\/04\/tr14-1-600x404.jpg 600w, https:\/\/www.trplaygrounds.com\/wp-content\/uploads\/2019\/04\/tr14-1-400x269.jpg 400w\" sizes=\"auto, (max-width: 609px) 100vw, 609px\" \/>\n            <\/a>\n          <\/div>\n        <\/div>\n      <\/div>\n      <\/div>\n<div class=\"wpb_text_column wpb_content_element \" >\n\t<div class=\"wpb_wrapper\">\n\t\t<h3 style=\"text-align: center;\"><strong>Oyun ve Spor Alanlar\u0131 Zemin Kaplamalar\u0131<\/strong><\/h3>\n\t<\/div>\n<\/div>\n\n\n\n\n\t\t\t<\/div> \n\t\t<\/div>\n\t<\/div> \n\n\t<div  class=\"vc_col-sm-3 wpb_column column_container vc_column_container col no-extra-padding\"  data-padding-pos=\"all\" data-has-bg-color=\"false\" data-bg-color=\"\" data-bg-opacity=\"1\" data-animation=\"\" data-delay=\"0\" >\n\t\t<div class=\"vc_column-inner\" >\n\t\t\t<div class=\"wpb_wrapper\">\n\t\t\t\t<div class=\"img-with-aniamtion-wrap center\" data-max-width=\"100%\" data-max-width-mobile=\"100%\" data-shadow=\"none\" data-animation=\"fade-in\" >\n      <div class=\"inner\">\n        <div class=\"hover-wrap\"> \n          <div class=\"hover-wrap-inner\">\n            <a href=\"http:\/\/www.trplaygrounds.com\/akasya-oyun-gruplari\/\" target=\"_self\" class=\"center\">\n              <img loading=\"lazy\" decoding=\"async\" class=\"img-with-animation skip-lazy \" data-delay=\"5\" height=\"410\" width=\"609\" data-animation=\"fade-in\" src=\"https:\/\/www.trplaygrounds.com\/wp-content\/uploads\/2019\/04\/tr4-1.jpg\" alt=\"\" srcset=\"https:\/\/www.trplaygrounds.com\/wp-content\/uploads\/2019\/04\/tr4-1.jpg 609w, https:\/\/www.trplaygrounds.com\/wp-content\/uploads\/2019\/04\/tr4-1-300x202.jpg 300w, https:\/\/www.trplaygrounds.com\/wp-content\/uploads\/2019\/04\/tr4-1-600x404.jpg 600w, https:\/\/www.trplaygrounds.com\/wp-content\/uploads\/2019\/04\/tr4-1-400x269.jpg 400w\" sizes=\"auto, (max-width: 609px) 100vw, 609px\" \/>\n            <\/a>\n          <\/div>\n        <\/div>\n      <\/div>\n      <\/div>\n<div class=\"wpb_text_column wpb_content_element \" >\n\t<div class=\"wpb_wrapper\">\n\t\t<h3 style=\"text-align: center;\"><strong>Akasya Oyun Gruplar\u0131<br \/>\n<span style=\"color: #ffffff;\">.<\/span><\/strong><\/h3>\n\t<\/div>\n<\/div>\n\n\n\n<div class=\"img-with-aniamtion-wrap center\" data-max-width=\"100%\" data-max-width-mobile=\"100%\" data-shadow=\"none\" data-animation=\"fade-in\" >\n      <div class=\"inner\">\n        <div class=\"hover-wrap\"> \n          <div class=\"hover-wrap-inner\">\n            <a href=\"http:\/\/www.trplaygrounds.com\/metal-polietilen-oyun-gruplari\/\" target=\"_self\" class=\"center\">\n              <img loading=\"lazy\" decoding=\"async\" class=\"img-with-animation skip-lazy \" data-delay=\"10\" height=\"410\" width=\"609\" data-animation=\"fade-in\" src=\"https:\/\/www.trplaygrounds.com\/wp-content\/uploads\/2019\/04\/tr8-1.jpg\" alt=\"\" srcset=\"https:\/\/www.trplaygrounds.com\/wp-content\/uploads\/2019\/04\/tr8-1.jpg 609w, https:\/\/www.trplaygrounds.com\/wp-content\/uploads\/2019\/04\/tr8-1-300x202.jpg 300w, https:\/\/www.trplaygrounds.com\/wp-content\/uploads\/2019\/04\/tr8-1-600x404.jpg 600w, https:\/\/www.trplaygrounds.com\/wp-content\/uploads\/2019\/04\/tr8-1-400x269.jpg 400w\" sizes=\"auto, (max-width: 609px) 100vw, 609px\" \/>\n            <\/a>\n          <\/div>\n        <\/div>\n      <\/div>\n      <\/div>\n<div class=\"wpb_text_column wpb_content_element \" >\n\t<div class=\"wpb_wrapper\">\n\t\t<h3 style=\"text-align: center;\"><strong>Metal Polietilen Oyun Gruplar\u0131<\/strong><\/h3>\n\t<\/div>\n<\/div>\n\n\n\n<div class=\"img-with-aniamtion-wrap center\" data-max-width=\"100%\" data-max-width-mobile=\"100%\" data-shadow=\"none\" data-animation=\"fade-in\" >\n      <div class=\"inner\">\n        <div class=\"hover-wrap\"> \n          <div class=\"hover-wrap-inner\">\n            <a href=\"http:\/\/www.trplaygrounds.com\/diger-kent-mobilyalari\/\" target=\"_self\" class=\"center\">\n              <img loading=\"lazy\" decoding=\"async\" class=\"img-with-animation skip-lazy \" data-delay=\"15\" height=\"410\" width=\"609\" data-animation=\"fade-in\" src=\"https:\/\/www.trplaygrounds.com\/wp-content\/uploads\/2019\/04\/tr12-1.jpg\" alt=\"\" srcset=\"https:\/\/www.trplaygrounds.com\/wp-content\/uploads\/2019\/04\/tr12-1.jpg 609w, https:\/\/www.trplaygrounds.com\/wp-content\/uploads\/2019\/04\/tr12-1-300x202.jpg 300w, https:\/\/www.trplaygrounds.com\/wp-content\/uploads\/2019\/04\/tr12-1-600x404.jpg 600w, https:\/\/www.trplaygrounds.com\/wp-content\/uploads\/2019\/04\/tr12-1-400x269.jpg 400w\" sizes=\"auto, (max-width: 609px) 100vw, 609px\" \/>\n            <\/a>\n          <\/div>\n        <\/div>\n      <\/div>\n      <\/div>\n<div class=\"wpb_text_column wpb_content_element \" >\n\t<div class=\"wpb_wrapper\">\n\t\t<h3 style=\"text-align: center;\"><strong>Di\u011fer Kent Mobilyalar\u0131<\/strong><\/h3>\n\t<\/div>\n<\/div>\n\n\n\n\n\t\t\t<\/div> \n\t\t<\/div>\n\t<\/div> \n<\/div><\/div>\n\t\t<div id=\"fws_69dfc9308b18b\"  data-column-margin=\"default\" data-midnight=\"dark\"  class=\"wpb_row vc_row-fluid vc_row\"  style=\"padding-top: 0px; padding-bottom: 0px; \"><div class=\"row-bg-wrap\" data-bg-animation=\"none\" data-bg-animation-delay=\"\" data-bg-overlay=\"false\"><div class=\"inner-wrap row-bg-layer\" ><div class=\"row-bg viewport-desktop\"  style=\"\"><\/div><\/div><\/div><div class=\"row_col_wrap_12 col span_12 dark left\">\n\t<div  class=\"vc_col-sm-12 wpb_column column_container vc_column_container col no-extra-padding\"  data-padding-pos=\"all\" data-has-bg-color=\"false\" data-bg-color=\"\" data-bg-opacity=\"1\" data-animation=\"\" data-delay=\"0\" >\n\t\t<div class=\"vc_column-inner\" >\n\t\t\t<div class=\"wpb_wrapper\">\n\t\t\t\t<div class=\"divider-wrap\" data-alignment=\"default\"><div style=\"margin-top: 2.5px; height: 5px; margin-bottom: 2.5px;\" data-width=\"100%\" data-animate=\"yes\" data-animation-delay=\"10\" data-color=\"extra-color-gradient-1\" class=\"divider-border\"><\/div><\/div>\n\t\t\t<\/div> \n\t\t<\/div>\n\t<\/div> \n<\/div><\/div>\n","protected":false},"excerpt":{"rendered":"Su Oyun Parklar\u0131 . Ah\u015fap Oyun Gruplar\u0131 ve Ekipmanlar\u0131 Adrenalin Oyun \u00dcniteleri Yeni Nesil ve Zeka Oyun \u00dcniteleri Aksiyon Oyun Gruplar\u0131 . Ba\u011f\u0131ms\u0131z Oyun Elemanlar\u0131 Polyester Tema ve Fig\u00fcrleri Park...","protected":false},"author":1,"featured_media":0,"parent":0,"menu_order":0,"comment_status":"closed","ping_status":"open","template":"","meta":{"footnotes":""},"class_list":["post-1027","page","type-page","status-publish"],"_links":{"self":[{"href":"https:\/\/www.trplaygrounds.com\/tr_TR\/wp-json\/wp\/v2\/pages\/1027","targetHints":{"allow":["GET"]}}],"collection":[{"href":"https:\/\/www.trplaygrounds.com\/tr_TR\/wp-json\/wp\/v2\/pages"}],"about":[{"href":"https:\/\/www.trplaygrounds.com\/tr_TR\/wp-json\/wp\/v2\/types\/page"}],"author":[{"embeddable":true,"href":"https:\/\/www.trplaygrounds.com\/tr_TR\/wp-json\/wp\/v2\/users\/1"}],"replies":[{"embeddable":true,"href":"https:\/\/www.trplaygrounds.com\/tr_TR\/wp-json\/wp\/v2\/comments?post=1027"}],"version-history":[{"count":3,"href":"https:\/\/www.trplaygrounds.com\/tr_TR\/wp-json\/wp\/v2\/pages\/1027\/revisions"}],"predecessor-version":[{"id":1711,"href":"https:\/\/www.trplaygrounds.com\/tr_TR\/wp-json\/wp\/v2\/pages\/1027\/revisions\/1711"}],"wp:attachment":[{"href":"https:\/\/www.trplaygrounds.com\/tr_TR\/wp-json\/wp\/v2\/media?parent=1027"}],"curies":[{"name":"wp","href":"https:\/\/api.w.org\/{rel}","templated":true}]}}