{"id":1189,"date":"2019-04-20T01:21:22","date_gmt":"2019-04-19T22:21:22","guid":{"rendered":"http:\/\/www.trplaygrounds.com\/?page_id=1189"},"modified":"2019-04-22T13:27:13","modified_gmt":"2019-04-22T10:27:13","slug":"vizyonumuz","status":"publish","type":"page","link":"https:\/\/www.trplaygrounds.com\/en\/vizyonumuz\/","title":{"rendered":"Our Vision"},"content":{"rendered":"<div id=\"fws_69f271efbbbae\"  data-column-margin=\"default\" data-midnight=\"dark\"  class=\"wpb_row vc_row-fluid vc_row\"  style=\"padding-top: 0px; padding-bottom: 0px; \"><div class=\"row-bg-wrap\" data-bg-animation=\"none\" data-bg-animation-delay=\"\" data-bg-overlay=\"false\"><div class=\"inner-wrap row-bg-layer\" ><div class=\"row-bg viewport-desktop\"  style=\"\"><\/div><\/div><\/div><div class=\"row_col_wrap_12 col span_12 dark left\">\n\t<div  class=\"vc_col-sm-6 wpb_column column_container vc_column_container col no-extra-padding\"  data-padding-pos=\"all\" data-has-bg-color=\"false\" data-bg-color=\"\" data-bg-opacity=\"1\" data-animation=\"\" data-delay=\"0\" >\n\t\t<div class=\"vc_column-inner\" >\n\t\t\t<div class=\"wpb_wrapper\">\n\t\t\t\t\n<div class=\"wpb_text_column wpb_content_element  wpb_animate_when_almost_visible wpb_fadeInUp fadeInUp\" >\n\t<div class=\"wpb_wrapper\">\n\t\t<h3>OUR VISION;<\/h3>\n<p>To be a pioneer in the sector with its knowledge and experience, to have a reputable, stable, reliable and sharing structure that does not compromise on quality in the product, service, to be the most preferred brand in the field to play an effective role in the development of environmental consciousness in the country and abroad and to keep the employment rate in the last strategic period further increases.<\/p>\n<h4 style=\"text-align: right;\"><\/h4>\n\t<\/div>\n<\/div>\n\n\n\n\n\t\t\t<\/div> \n\t\t<\/div>\n\t<\/div> \n\n\t<div  class=\"vc_col-sm-6 wpb_column column_container vc_column_container col no-extra-padding\"  data-padding-pos=\"all\" data-has-bg-color=\"false\" data-bg-color=\"\" data-bg-opacity=\"1\" data-animation=\"\" data-delay=\"0\" >\n\t\t<div class=\"vc_column-inner\" >\n\t\t\t<div class=\"wpb_wrapper\">\n\t\t\t\t<div class=\"img-with-aniamtion-wrap center\" data-max-width=\"50%\" data-max-width-mobile=\"100%\" data-shadow=\"none\" data-animation=\"grow-in\" >\n      <div class=\"inner\">\n        <div class=\"hover-wrap\"> \n          <div class=\"hover-wrap-inner\">\n            <img loading=\"lazy\" decoding=\"async\" class=\"img-with-animation skip-lazy\" data-delay=\"50\" height=\"1123\" width=\"790\" data-animation=\"grow-in\" src=\"https:\/\/www.trplaygrounds.com\/wp-content\/uploads\/2019\/04\/vizyon.jpg\" alt=\"\" srcset=\"https:\/\/www.trplaygrounds.com\/wp-content\/uploads\/2019\/04\/vizyon.jpg 790w, https:\/\/www.trplaygrounds.com\/wp-content\/uploads\/2019\/04\/vizyon-211x300.jpg 211w, https:\/\/www.trplaygrounds.com\/wp-content\/uploads\/2019\/04\/vizyon-768x1092.jpg 768w, https:\/\/www.trplaygrounds.com\/wp-content\/uploads\/2019\/04\/vizyon-720x1024.jpg 720w, https:\/\/www.trplaygrounds.com\/wp-content\/uploads\/2019\/04\/vizyon-600x853.jpg 600w\" sizes=\"auto, (max-width: 790px) 100vw, 790px\" \/>\n          <\/div>\n        <\/div>\n      <\/div>\n    <\/div>\n\t\t\t<\/div> \n\t\t<\/div>\n\t<\/div> \n<\/div><\/div>","protected":false},"excerpt":{"rendered":"V\u0130ZYONUMUZ; Bilgi birikimi ve tecr\u00fcbesiyle sekt\u00f6rde \u00f6nc\u00fc olabilmek i\u00e7in \u00fcr\u00fcnde, hizmette kaliteden \u00f6d\u00fcn vermeyen, sayg\u0131n, istikrarl\u0131, g\u00fcvenilir ve payla\u015f\u0131mc\u0131 bir yap\u0131ya sahip olmak , yurti\u00e7i ve yurtd\u0131\u015f\u0131ndaki \u00e7evre bilincinin geli\u015fmesinde...","protected":false},"author":1,"featured_media":0,"parent":0,"menu_order":0,"comment_status":"closed","ping_status":"closed","template":"","meta":{"footnotes":""},"class_list":["post-1189","page","type-page","status-publish"],"_links":{"self":[{"href":"https:\/\/www.trplaygrounds.com\/en\/wp-json\/wp\/v2\/pages\/1189","targetHints":{"allow":["GET"]}}],"collection":[{"href":"https:\/\/www.trplaygrounds.com\/en\/wp-json\/wp\/v2\/pages"}],"about":[{"href":"https:\/\/www.trplaygrounds.com\/en\/wp-json\/wp\/v2\/types\/page"}],"author":[{"embeddable":true,"href":"https:\/\/www.trplaygrounds.com\/en\/wp-json\/wp\/v2\/users\/1"}],"replies":[{"embeddable":true,"href":"https:\/\/www.trplaygrounds.com\/en\/wp-json\/wp\/v2\/comments?post=1189"}],"version-history":[{"count":5,"href":"https:\/\/www.trplaygrounds.com\/en\/wp-json\/wp\/v2\/pages\/1189\/revisions"}],"predecessor-version":[{"id":1230,"href":"https:\/\/www.trplaygrounds.com\/en\/wp-json\/wp\/v2\/pages\/1189\/revisions\/1230"}],"wp:attachment":[{"href":"https:\/\/www.trplaygrounds.com\/en\/wp-json\/wp\/v2\/media?parent=1189"}],"curies":[{"name":"wp","href":"https:\/\/api.w.org\/{rel}","templated":true}]}}