{"id":1187,"date":"2019-04-20T01:21:05","date_gmt":"2019-04-19T22:21:05","guid":{"rendered":"http:\/\/www.trplaygrounds.com\/?page_id=1187"},"modified":"2019-04-22T13:23:16","modified_gmt":"2019-04-22T10:23:16","slug":"misyonumuz","status":"publish","type":"page","link":"https:\/\/www.trplaygrounds.com\/en\/misyonumuz\/","title":{"rendered":"Our mission"},"content":{"rendered":"<div id=\"fws_69f27207e2caa\"  data-column-margin=\"default\" data-midnight=\"dark\"  class=\"wpb_row vc_row-fluid vc_row\"  style=\"padding-top: 0px; padding-bottom: 0px; \"><div class=\"row-bg-wrap\" data-bg-animation=\"none\" data-bg-animation-delay=\"\" data-bg-overlay=\"false\"><div class=\"inner-wrap row-bg-layer\" ><div class=\"row-bg viewport-desktop\"  style=\"\"><\/div><\/div><\/div><div class=\"row_col_wrap_12 col span_12 dark left\">\n\t<div  class=\"vc_col-sm-6 wpb_column column_container vc_column_container col no-extra-padding\"  data-padding-pos=\"all\" data-has-bg-color=\"false\" data-bg-color=\"\" data-bg-opacity=\"1\" data-animation=\"\" data-delay=\"0\" >\n\t\t<div class=\"vc_column-inner\" >\n\t\t\t<div class=\"wpb_wrapper\">\n\t\t\t\t\n<div class=\"wpb_text_column wpb_content_element  wpb_animate_when_almost_visible wpb_fadeInUp fadeInUp\" >\n\t<div class=\"wpb_wrapper\">\n\t\t<h3>OUR MISSION;<\/h3>\n<p>Our company operating in the service sector, customer demands and expectations, high quality and competitive cost conditions by establishing, in accordance with the legal and regulatory requirements, in a timely and accurate manner to always keep customer satisfaction at the forefront;<\/p>\n<p>Believing that customer satisfaction will only be achieved through teamwork, we will address the needs of organizations and individuals who want to benefit from our experiences as soon as possible;<\/p>\n<p>Our aim is to design and produce safe quality and aesthetic products which add value and difference to our customers&#039; places by providing professional solutions to our customers&#039; and end users&#039; changing needs according to today&#039;s conditions.<\/p>\n<h4 style=\"text-align: right;\"><\/h4>\n\t<\/div>\n<\/div>\n\n\n\n\n\t\t\t<\/div> \n\t\t<\/div>\n\t<\/div> \n\n\t<div  class=\"vc_col-sm-6 wpb_column column_container vc_column_container col no-extra-padding\"  data-padding-pos=\"all\" data-has-bg-color=\"false\" data-bg-color=\"\" data-bg-opacity=\"1\" data-animation=\"\" data-delay=\"0\" >\n\t\t<div class=\"vc_column-inner\" >\n\t\t\t<div class=\"wpb_wrapper\">\n\t\t\t\t<div class=\"img-with-aniamtion-wrap center\" data-max-width=\"50%\" data-max-width-mobile=\"100%\" data-shadow=\"none\" data-animation=\"grow-in\" >\n      <div class=\"inner\">\n        <div class=\"hover-wrap\"> \n          <div class=\"hover-wrap-inner\">\n            <img loading=\"lazy\" decoding=\"async\" class=\"img-with-animation skip-lazy\" data-delay=\"50\" height=\"986\" width=\"450\" data-animation=\"grow-in\" src=\"https:\/\/www.trplaygrounds.com\/wp-content\/uploads\/2019\/04\/misyon.jpg\" alt=\"\" srcset=\"https:\/\/www.trplaygrounds.com\/wp-content\/uploads\/2019\/04\/misyon.jpg 450w, https:\/\/www.trplaygrounds.com\/wp-content\/uploads\/2019\/04\/misyon-137x300.jpg 137w\" sizes=\"auto, (max-width: 450px) 100vw, 450px\" \/>\n          <\/div>\n        <\/div>\n      <\/div>\n    <\/div>\n\t\t\t<\/div> \n\t\t<\/div>\n\t<\/div> \n<\/div><\/div>","protected":false},"excerpt":{"rendered":"M\u0130SYONUMUZ; Hizmet sekt\u00f6r\u00fcnde faaliyet g\u00f6steren firmam\u0131zda, m\u00fc\u015fteri talep ve beklentilerini, y\u00fcksek kalite ve rekabet edilebilir maliyet ko\u015fullar\u0131n\u0131 tesis ederek, yasal ve mevzuat \u015fartlar\u0131 do\u011frultusunda, tam zaman\u0131nda ve do\u011fru olarak kar\u015f\u0131layarak...","protected":false},"author":1,"featured_media":0,"parent":0,"menu_order":0,"comment_status":"closed","ping_status":"closed","template":"","meta":{"footnotes":""},"class_list":["post-1187","page","type-page","status-publish"],"_links":{"self":[{"href":"https:\/\/www.trplaygrounds.com\/en\/wp-json\/wp\/v2\/pages\/1187","targetHints":{"allow":["GET"]}}],"collection":[{"href":"https:\/\/www.trplaygrounds.com\/en\/wp-json\/wp\/v2\/pages"}],"about":[{"href":"https:\/\/www.trplaygrounds.com\/en\/wp-json\/wp\/v2\/types\/page"}],"author":[{"embeddable":true,"href":"https:\/\/www.trplaygrounds.com\/en\/wp-json\/wp\/v2\/users\/1"}],"replies":[{"embeddable":true,"href":"https:\/\/www.trplaygrounds.com\/en\/wp-json\/wp\/v2\/comments?post=1187"}],"version-history":[{"count":5,"href":"https:\/\/www.trplaygrounds.com\/en\/wp-json\/wp\/v2\/pages\/1187\/revisions"}],"predecessor-version":[{"id":1225,"href":"https:\/\/www.trplaygrounds.com\/en\/wp-json\/wp\/v2\/pages\/1187\/revisions\/1225"}],"wp:attachment":[{"href":"https:\/\/www.trplaygrounds.com\/en\/wp-json\/wp\/v2\/media?parent=1187"}],"curies":[{"name":"wp","href":"https:\/\/api.w.org\/{rel}","templated":true}]}}