{"id":1061,"date":"2019-04-19T22:42:21","date_gmt":"2019-04-19T19:42:21","guid":{"rendered":"http:\/\/www.trplaygrounds.com\/?page_id=1061"},"modified":"2019-04-30T21:02:20","modified_gmt":"2019-04-30T18:02:20","slug":"park-trambolinleri","status":"publish","type":"page","link":"https:\/\/www.trplaygrounds.com\/en\/park-trambolinleri\/","title":{"rendered":"Park Trampolines"},"content":{"rendered":"<div id=\"fws_69f2720e397e3\"  data-column-margin=\"default\" data-midnight=\"dark\"  class=\"wpb_row vc_row-fluid vc_row\"  style=\"padding-top: 0px; padding-bottom: 0px; \"><div class=\"row-bg-wrap\" data-bg-animation=\"none\" data-bg-animation-delay=\"\" data-bg-overlay=\"false\"><div class=\"inner-wrap row-bg-layer\" ><div class=\"row-bg viewport-desktop\"  style=\"\"><\/div><\/div><\/div><div class=\"row_col_wrap_12 col span_12 dark left\">\n\t<div  class=\"vc_col-sm-12 wpb_column column_container vc_column_container col no-extra-padding\"  data-padding-pos=\"all\" data-has-bg-color=\"false\" data-bg-color=\"\" data-bg-opacity=\"1\" data-animation=\"\" data-delay=\"0\" >\n\t\t<div class=\"vc_column-inner\" >\n\t\t\t<div class=\"wpb_wrapper\">\n\t\t\t\t\n<div class=\"wpb_text_column wpb_content_element  wpb_animate_when_almost_visible wpb_fadeInUp fadeInUp vc_custom_1556646780396\" >\n\t<div class=\"wpb_wrapper\">\n\t\t<h3 style=\"text-align: center;\"><span style=\"color: #ffffff;\">Park Trampolines<\/span><\/h3>\n\t<\/div>\n<\/div>\n\n\n\n\n\t\t\t<\/div> \n\t\t<\/div>\n\t<\/div> \n<\/div><\/div>\n\t\t<div id=\"fws_69f2720e3ad7a\"  data-column-margin=\"default\" data-midnight=\"dark\"  class=\"wpb_row vc_row-fluid vc_row\"  style=\"padding-top: 0px; padding-bottom: 0px; \"><div class=\"row-bg-wrap\" data-bg-animation=\"none\" data-bg-animation-delay=\"\" data-bg-overlay=\"false\"><div class=\"inner-wrap row-bg-layer\" ><div class=\"row-bg viewport-desktop\"  style=\"\"><\/div><\/div><\/div><div class=\"row_col_wrap_12 col span_12 dark left\">\n\t<div  class=\"vc_col-sm-6 wpb_column column_container vc_column_container col no-extra-padding\"  data-padding-pos=\"all\" data-has-bg-color=\"false\" data-bg-color=\"\" data-bg-opacity=\"1\" data-animation=\"\" data-delay=\"0\" >\n\t\t<div class=\"vc_column-inner\" >\n\t\t\t<div class=\"wpb_wrapper\">\n\t\t\t\t<div class=\"img-with-aniamtion-wrap\" data-max-width=\"100%\" data-max-width-mobile=\"100%\" data-shadow=\"none\" data-animation=\"fade-in\" >\n      <div class=\"inner\">\n        <div class=\"hover-wrap\"> \n          <div class=\"hover-wrap-inner\">\n            <img loading=\"lazy\" decoding=\"async\" class=\"img-with-animation skip-lazy\" data-delay=\"20\" height=\"500\" width=\"700\" data-animation=\"fade-in\" src=\"https:\/\/www.trplaygrounds.com\/wp-content\/uploads\/2019\/04\/TRTOE-100-1.jpg\" alt=\"\" srcset=\"https:\/\/www.trplaygrounds.com\/wp-content\/uploads\/2019\/04\/TRTOE-100-1.jpg 700w, https:\/\/www.trplaygrounds.com\/wp-content\/uploads\/2019\/04\/TRTOE-100-1-300x214.jpg 300w, https:\/\/www.trplaygrounds.com\/wp-content\/uploads\/2019\/04\/TRTOE-100-1-600x429.jpg 600w\" sizes=\"auto, (max-width: 700px) 100vw, 700px\" \/>\n          <\/div>\n        <\/div>\n      <\/div>\n    <\/div>\n<div class=\"wpb_text_column wpb_content_element  wpb_animate_when_almost_visible wpb_bounceIn bounceIn\" >\n\t<div class=\"wpb_wrapper\">\n\t\t<h3 style=\"text-align: center;\"><span style=\"color: #ff9900;\">TRTOE 100<\/span><\/h3>\n<div class=\"wpb_column vc_column_container vc_col-sm-6 vc_hidden-md vc_hidden-sm vc_hidden-xs\">\n<div class=\"vc_column-inner vc_custom_1496499873931\">\n<div class=\"wpb_wrapper\">\n<div class=\"wpb_text_column wpb_content_element vc_custom_1497309615588\">\n<div class=\"wpb_wrapper\">\n<p style=\"text-align: left;\">User Capacity: 1 PERSON<br \/>\nSession Area: 1.6 x 1.6 m<br \/>\nSafe Use: 3.0 x 3.0 m<br \/>\nAge Group: 5+<\/p>\n<\/div>\n<\/div>\n<\/div>\n<\/div>\n<\/div>\n<div class=\"wpb_column vc_column_container vc_col-sm-6 vc_hidden-md vc_hidden-sm vc_hidden-xs\">\n<div class=\"vc_column-inner vc_custom_1496499890182\">\n<div class=\"wpb_wrapper\">\n<div class=\"wpb_text_column wpb_content_element vc_custom_1497309644313\">\n<div class=\"wpb_wrapper\"><\/div>\n<\/div>\n<\/div>\n<\/div>\n<\/div>\n\t<\/div>\n<\/div>\n\n\n\n\n\t\t\t<\/div> \n\t\t<\/div>\n\t<\/div> \n\n\t<div  class=\"vc_col-sm-6 wpb_column column_container vc_column_container col no-extra-padding\"  data-padding-pos=\"all\" data-has-bg-color=\"false\" data-bg-color=\"\" data-bg-opacity=\"1\" data-animation=\"\" data-delay=\"0\" >\n\t\t<div class=\"vc_column-inner\" >\n\t\t\t<div class=\"wpb_wrapper\">\n\t\t\t\t<div class=\"img-with-aniamtion-wrap\" data-max-width=\"100%\" data-max-width-mobile=\"100%\" data-shadow=\"none\" data-animation=\"fade-in\" >\n      <div class=\"inner\">\n        <div class=\"hover-wrap\"> \n          <div class=\"hover-wrap-inner\">\n            <img loading=\"lazy\" decoding=\"async\" class=\"img-with-animation skip-lazy\" data-delay=\"20\" height=\"500\" width=\"700\" data-animation=\"fade-in\" src=\"https:\/\/www.trplaygrounds.com\/wp-content\/uploads\/2019\/04\/TRTOR-100-700x500.jpg\" alt=\"\" srcset=\"https:\/\/www.trplaygrounds.com\/wp-content\/uploads\/2019\/04\/TRTOR-100-700x500.jpg 700w, https:\/\/www.trplaygrounds.com\/wp-content\/uploads\/2019\/04\/TRTOR-100-700x500-300x214.jpg 300w, https:\/\/www.trplaygrounds.com\/wp-content\/uploads\/2019\/04\/TRTOR-100-700x500-600x429.jpg 600w\" sizes=\"auto, (max-width: 700px) 100vw, 700px\" \/>\n          <\/div>\n        <\/div>\n      <\/div>\n    <\/div>\n<div class=\"wpb_text_column wpb_content_element  wpb_animate_when_almost_visible wpb_bounceIn bounceIn\" >\n\t<div class=\"wpb_wrapper\">\n\t\t<h3 style=\"text-align: center;\"><span style=\"color: #ff9900;\">SAMPLE PROJECT<\/span><\/h3>\n<div class=\"wpb_column vc_column_container vc_col-sm-6 vc_hidden-md vc_hidden-sm vc_hidden-xs\">\n<div class=\"vc_column-inner vc_custom_1496499873931\">\n<div class=\"wpb_wrapper\">\n<div class=\"wpb_text_column wpb_content_element vc_custom_1497309615588\">\n<div class=\"wpb_wrapper\">\n<p style=\"text-align: left;\">User Capacity: 4 people<br \/>\nArea Measure: 6.0 x 6.0 m<br \/>\nNumber of Activities: 4 Square Trampoline<br \/>\nAge Group: 5+<\/p>\n<\/div>\n<\/div>\n<\/div>\n<\/div>\n<\/div>\n<div class=\"wpb_column vc_column_container vc_col-sm-6 vc_hidden-md vc_hidden-sm vc_hidden-xs\">\n<div class=\"vc_column-inner vc_custom_1496499890182\">\n<div class=\"wpb_wrapper\">\n<div class=\"wpb_text_column wpb_content_element vc_custom_1497309644313\">\n<div class=\"wpb_wrapper\"><\/div>\n<\/div>\n<\/div>\n<\/div>\n<\/div>\n\t<\/div>\n<\/div>\n\n\n\n\n\t\t\t<\/div> \n\t\t<\/div>\n\t<\/div> \n<\/div><\/div>\n\t\t<div id=\"fws_69f2720e3dc49\"  data-column-margin=\"default\" data-midnight=\"dark\"  class=\"wpb_row vc_row-fluid vc_row\"  style=\"padding-top: 0px; padding-bottom: 0px; \"><div class=\"row-bg-wrap\" data-bg-animation=\"none\" data-bg-animation-delay=\"\" data-bg-overlay=\"false\"><div class=\"inner-wrap row-bg-layer\" ><div class=\"row-bg viewport-desktop\"  style=\"\"><\/div><\/div><\/div><div class=\"row_col_wrap_12 col span_12 dark left\">\n\t<div  class=\"vc_col-sm-6 wpb_column column_container vc_column_container col no-extra-padding\"  data-padding-pos=\"all\" data-has-bg-color=\"false\" data-bg-color=\"\" data-bg-opacity=\"1\" data-animation=\"\" data-delay=\"0\" >\n\t\t<div class=\"vc_column-inner\" >\n\t\t\t<div class=\"wpb_wrapper\">\n\t\t\t\t<div class=\"img-with-aniamtion-wrap\" data-max-width=\"100%\" data-max-width-mobile=\"100%\" data-shadow=\"none\" data-animation=\"fade-in\" >\n      <div class=\"inner\">\n        <div class=\"hover-wrap\"> \n          <div class=\"hover-wrap-inner\">\n            <img loading=\"lazy\" decoding=\"async\" class=\"img-with-animation skip-lazy\" data-delay=\"20\" height=\"500\" width=\"700\" data-animation=\"fade-in\" src=\"https:\/\/www.trplaygrounds.com\/wp-content\/uploads\/2019\/04\/TRTOE-200-1.jpg\" alt=\"\" srcset=\"https:\/\/www.trplaygrounds.com\/wp-content\/uploads\/2019\/04\/TRTOE-200-1.jpg 700w, https:\/\/www.trplaygrounds.com\/wp-content\/uploads\/2019\/04\/TRTOE-200-1-300x214.jpg 300w, https:\/\/www.trplaygrounds.com\/wp-content\/uploads\/2019\/04\/TRTOE-200-1-600x429.jpg 600w\" sizes=\"auto, (max-width: 700px) 100vw, 700px\" \/>\n          <\/div>\n        <\/div>\n      <\/div>\n    <\/div>\n<div class=\"wpb_text_column wpb_content_element  wpb_animate_when_almost_visible wpb_bounceIn bounceIn\" >\n\t<div class=\"wpb_wrapper\">\n\t\t<h3 style=\"text-align: center;\"><span style=\"color: #ff9900;\">TRTOE 200<\/span><\/h3>\n<div class=\"wpb_column vc_column_container vc_col-sm-6 vc_hidden-md vc_hidden-sm vc_hidden-xs\">\n<div class=\"vc_column-inner vc_custom_1496499873931\">\n<div class=\"wpb_wrapper\">\n<div class=\"wpb_text_column wpb_content_element vc_custom_1497309615588\">\n<div class=\"wpb_wrapper\">\n<p style=\"text-align: left;\">User Capacity: 1 PERSON<br \/>\nSession Area: 1.4 x 1.4 m<br \/>\nSafe Use: 3.0 x 3.0 m<br \/>\nAge Group: 5+<\/p>\n<\/div>\n<\/div>\n<\/div>\n<\/div>\n<\/div>\n<div class=\"wpb_column vc_column_container vc_col-sm-6 vc_hidden-md vc_hidden-sm vc_hidden-xs\">\n<div class=\"vc_column-inner vc_custom_1496499890182\">\n<div class=\"wpb_wrapper\">\n<div class=\"wpb_text_column wpb_content_element vc_custom_1497309644313\">\n<div class=\"wpb_wrapper\"><\/div>\n<\/div>\n<\/div>\n<\/div>\n<\/div>\n\t<\/div>\n<\/div>\n\n\n\n\n\t\t\t<\/div> \n\t\t<\/div>\n\t<\/div> \n\n\t<div  class=\"vc_col-sm-6 wpb_column column_container vc_column_container col no-extra-padding\"  data-padding-pos=\"all\" data-has-bg-color=\"false\" data-bg-color=\"\" data-bg-opacity=\"1\" data-animation=\"\" data-delay=\"0\" >\n\t\t<div class=\"vc_column-inner\" >\n\t\t\t<div class=\"wpb_wrapper\">\n\t\t\t\t<div class=\"img-with-aniamtion-wrap\" data-max-width=\"100%\" data-max-width-mobile=\"100%\" data-shadow=\"none\" data-animation=\"fade-in\" >\n      <div class=\"inner\">\n        <div class=\"hover-wrap\"> \n          <div class=\"hover-wrap-inner\">\n            <img loading=\"lazy\" decoding=\"async\" class=\"img-with-animation skip-lazy\" data-delay=\"20\" height=\"500\" width=\"700\" data-animation=\"fade-in\" src=\"https:\/\/www.trplaygrounds.com\/wp-content\/uploads\/2019\/04\/TRTOE-200-700-500.jpg\" alt=\"\" srcset=\"https:\/\/www.trplaygrounds.com\/wp-content\/uploads\/2019\/04\/TRTOE-200-700-500.jpg 700w, https:\/\/www.trplaygrounds.com\/wp-content\/uploads\/2019\/04\/TRTOE-200-700-500-300x214.jpg 300w, https:\/\/www.trplaygrounds.com\/wp-content\/uploads\/2019\/04\/TRTOE-200-700-500-600x429.jpg 600w\" sizes=\"auto, (max-width: 700px) 100vw, 700px\" \/>\n          <\/div>\n        <\/div>\n      <\/div>\n    <\/div>\n<div class=\"wpb_text_column wpb_content_element  wpb_animate_when_almost_visible wpb_bounceIn bounceIn\" >\n\t<div class=\"wpb_wrapper\">\n\t\t<h3 style=\"text-align: center;\"><span style=\"color: #ff9900;\">SAMPLE PROJECT<\/span><\/h3>\n<div class=\"wpb_column vc_column_container vc_col-sm-6 vc_hidden-md vc_hidden-sm vc_hidden-xs\">\n<div class=\"vc_column-inner vc_custom_1496499873931\">\n<div class=\"wpb_wrapper\">\n<div class=\"wpb_text_column wpb_content_element vc_custom_1497309615588\">\n<div class=\"wpb_wrapper\">\n<p style=\"text-align: left;\">User Capacity: 3 people<br \/>\nArea Measure: 5.0 x 5.0 m<br \/>\nNumber of Activities: 3 Units Apartment Trampoline<br \/>\nAge Group: 5+<\/p>\n<\/div>\n<\/div>\n<\/div>\n<\/div>\n<\/div>\n<div class=\"wpb_column vc_column_container vc_col-sm-6 vc_hidden-md vc_hidden-sm vc_hidden-xs\">\n<div class=\"vc_column-inner vc_custom_1496499890182\">\n<div class=\"wpb_wrapper\">\n<div class=\"wpb_text_column wpb_content_element vc_custom_1497309644313\">\n<div class=\"wpb_wrapper\"><\/div>\n<\/div>\n<\/div>\n<\/div>\n<\/div>\n\t<\/div>\n<\/div>\n\n\n\n\n\t\t\t<\/div> \n\t\t<\/div>\n\t<\/div> \n<\/div><\/div>\n\t\t<div id=\"fws_69f2720e407bc\"  data-column-margin=\"default\" data-midnight=\"dark\"  class=\"wpb_row vc_row-fluid vc_row\"  style=\"padding-top: 0px; padding-bottom: 0px; \"><div class=\"row-bg-wrap\" data-bg-animation=\"none\" data-bg-animation-delay=\"\" data-bg-overlay=\"false\"><div class=\"inner-wrap row-bg-layer\" ><div class=\"row-bg viewport-desktop\"  style=\"\"><\/div><\/div><\/div><div class=\"row_col_wrap_12 col span_12 dark left\">\n\t<div  class=\"vc_col-sm-6 wpb_column column_container vc_column_container col no-extra-padding\"  data-padding-pos=\"all\" data-has-bg-color=\"false\" data-bg-color=\"\" data-bg-opacity=\"1\" data-animation=\"\" data-delay=\"0\" >\n\t\t<div class=\"vc_column-inner\" >\n\t\t\t<div class=\"wpb_wrapper\">\n\t\t\t\t<div class=\"img-with-aniamtion-wrap\" data-max-width=\"100%\" data-max-width-mobile=\"100%\" data-shadow=\"none\" data-animation=\"fade-in\" >\n      <div class=\"inner\">\n        <div class=\"hover-wrap\"> \n          <div class=\"hover-wrap-inner\">\n            <img loading=\"lazy\" decoding=\"async\" class=\"img-with-animation skip-lazy\" data-delay=\"20\" height=\"500\" width=\"700\" data-animation=\"fade-in\" src=\"https:\/\/www.trplaygrounds.com\/wp-content\/uploads\/2019\/04\/TRTOE-300-1.jpg\" alt=\"\" srcset=\"https:\/\/www.trplaygrounds.com\/wp-content\/uploads\/2019\/04\/TRTOE-300-1.jpg 700w, https:\/\/www.trplaygrounds.com\/wp-content\/uploads\/2019\/04\/TRTOE-300-1-300x214.jpg 300w, https:\/\/www.trplaygrounds.com\/wp-content\/uploads\/2019\/04\/TRTOE-300-1-600x429.jpg 600w\" sizes=\"auto, (max-width: 700px) 100vw, 700px\" \/>\n          <\/div>\n        <\/div>\n      <\/div>\n    <\/div>\n<div class=\"wpb_text_column wpb_content_element  wpb_animate_when_almost_visible wpb_bounceIn bounceIn\" >\n\t<div class=\"wpb_wrapper\">\n\t\t<h3 style=\"text-align: center;\"><span style=\"color: #ff9900;\">TRTOE 300<\/span><\/h3>\n<div class=\"wpb_column vc_column_container vc_col-sm-6 vc_hidden-md vc_hidden-sm vc_hidden-xs\">\n<div class=\"vc_column-inner vc_custom_1496499873931\">\n<div class=\"wpb_wrapper\">\n<div class=\"wpb_text_column wpb_content_element vc_custom_1497309615588\">\n<div class=\"wpb_wrapper\">\n<p style=\"text-align: left;\">User Capacity: 1 PERSON<br \/>\nSession area: 1.4 x 2.0 m<br \/>\nSafe Usage Area: 3.4 x 4.0 m<br \/>\nAge Group: 5+<\/p>\n<\/div>\n<\/div>\n<\/div>\n<\/div>\n<\/div>\n<div class=\"wpb_column vc_column_container vc_col-sm-6 vc_hidden-md vc_hidden-sm vc_hidden-xs\">\n<div class=\"vc_column-inner vc_custom_1496499890182\">\n<div class=\"wpb_wrapper\">\n<div class=\"wpb_text_column wpb_content_element vc_custom_1497309644313\">\n<div class=\"wpb_wrapper\"><\/div>\n<\/div>\n<\/div>\n<\/div>\n<\/div>\n\t<\/div>\n<\/div>\n\n\n\n\n\t\t\t<\/div> \n\t\t<\/div>\n\t<\/div> \n\n\t<div  class=\"vc_col-sm-6 wpb_column column_container vc_column_container col no-extra-padding\"  data-padding-pos=\"all\" data-has-bg-color=\"false\" data-bg-color=\"\" data-bg-opacity=\"1\" data-animation=\"\" data-delay=\"0\" >\n\t\t<div class=\"vc_column-inner\" >\n\t\t\t<div class=\"wpb_wrapper\">\n\t\t\t\t<div class=\"img-with-aniamtion-wrap\" data-max-width=\"100%\" data-max-width-mobile=\"100%\" data-shadow=\"none\" data-animation=\"fade-in\" >\n      <div class=\"inner\">\n        <div class=\"hover-wrap\"> \n          <div class=\"hover-wrap-inner\">\n            <img loading=\"lazy\" decoding=\"async\" class=\"img-with-animation skip-lazy\" data-delay=\"20\" height=\"500\" width=\"700\" data-animation=\"fade-in\" src=\"https:\/\/www.trplaygrounds.com\/wp-content\/uploads\/2019\/04\/TRTOE-300-700-500.jpg\" alt=\"\" srcset=\"https:\/\/www.trplaygrounds.com\/wp-content\/uploads\/2019\/04\/TRTOE-300-700-500.jpg 700w, https:\/\/www.trplaygrounds.com\/wp-content\/uploads\/2019\/04\/TRTOE-300-700-500-300x214.jpg 300w, https:\/\/www.trplaygrounds.com\/wp-content\/uploads\/2019\/04\/TRTOE-300-700-500-600x429.jpg 600w\" sizes=\"auto, (max-width: 700px) 100vw, 700px\" \/>\n          <\/div>\n        <\/div>\n      <\/div>\n    <\/div>\n<div class=\"wpb_text_column wpb_content_element  wpb_animate_when_almost_visible wpb_bounceIn bounceIn\" >\n\t<div class=\"wpb_wrapper\">\n\t\t<h3 style=\"text-align: center;\"><span style=\"color: #ff9900;\">SAMPLE PROJECT<\/span><\/h3>\n<div class=\"wpb_column vc_column_container vc_col-sm-6 vc_hidden-md vc_hidden-sm vc_hidden-xs\">\n<div class=\"vc_column-inner vc_custom_1496499873931\">\n<div class=\"wpb_wrapper\">\n<div class=\"wpb_text_column wpb_content_element vc_custom_1497309615588\">\n<div class=\"wpb_wrapper\">\n<p style=\"text-align: left;\">User Capacity: 4 people<br \/>\nArea Measure: 5.0 x 7.0 m<br \/>\nNumber of Activities: 2 Rectangular Trampoline<br \/>\nAge Group: 5+<\/p>\n<\/div>\n<\/div>\n<\/div>\n<\/div>\n<\/div>\n<div class=\"wpb_column vc_column_container vc_col-sm-6 vc_hidden-md vc_hidden-sm vc_hidden-xs\">\n<div class=\"vc_column-inner vc_custom_1496499890182\">\n<div class=\"wpb_wrapper\">\n<div class=\"wpb_text_column wpb_content_element vc_custom_1497309644313\">\n<div class=\"wpb_wrapper\"><\/div>\n<\/div>\n<\/div>\n<\/div>\n<\/div>\n\t<\/div>\n<\/div>\n\n\n\n\n\t\t\t<\/div> \n\t\t<\/div>\n\t<\/div> \n<\/div><\/div>","protected":false},"excerpt":{"rendered":"Park Trambolinleri TRTOE 100 Kullan\u0131c\u0131 Kapasitesi : 1 K\u0130\u015e\u0130 Oturum Alan\u0131 : 1.6 x 1.6 m G\u00fcvenli Kullan\u0131m Alan\u0131 : 3.0 x 3.0 m Ya\u015f Grubu : 5+ \u00d6RNEK PROJE...","protected":false},"author":1,"featured_media":0,"parent":0,"menu_order":0,"comment_status":"closed","ping_status":"closed","template":"","meta":{"footnotes":""},"class_list":["post-1061","page","type-page","status-publish"],"_links":{"self":[{"href":"https:\/\/www.trplaygrounds.com\/en\/wp-json\/wp\/v2\/pages\/1061","targetHints":{"allow":["GET"]}}],"collection":[{"href":"https:\/\/www.trplaygrounds.com\/en\/wp-json\/wp\/v2\/pages"}],"about":[{"href":"https:\/\/www.trplaygrounds.com\/en\/wp-json\/wp\/v2\/types\/page"}],"author":[{"embeddable":true,"href":"https:\/\/www.trplaygrounds.com\/en\/wp-json\/wp\/v2\/users\/1"}],"replies":[{"embeddable":true,"href":"https:\/\/www.trplaygrounds.com\/en\/wp-json\/wp\/v2\/comments?post=1061"}],"version-history":[{"count":10,"href":"https:\/\/www.trplaygrounds.com\/en\/wp-json\/wp\/v2\/pages\/1061\/revisions"}],"predecessor-version":[{"id":1516,"href":"https:\/\/www.trplaygrounds.com\/en\/wp-json\/wp\/v2\/pages\/1061\/revisions\/1516"}],"wp:attachment":[{"href":"https:\/\/www.trplaygrounds.com\/en\/wp-json\/wp\/v2\/media?parent=1061"}],"curies":[{"name":"wp","href":"https:\/\/api.w.org\/{rel}","templated":true}]}}